{"id":18196,"date":"2024-02-01T09:54:53","date_gmt":"2024-02-01T09:54:53","guid":{"rendered":"https:\/\/digitaltarget.com.tr\/?post_type=product&#038;p=18196"},"modified":"2024-12-19T14:29:39","modified_gmt":"2024-12-19T14:29:39","slug":"transporter-2-analog-fpv-goggles-w-dvr-and-removable-screen","status":"publish","type":"product","link":"https:\/\/digitaltarget.com.tr\/ar\/product\/transporter-2-analog-fpv-goggles-w-dvr-and-removable-screen\/","title":{"rendered":"Transporter 2 DVR ve \u00c7\u0131kar\u0131labilir Ekranl\u0131 Analog FPV G\u00f6zl\u00fckleri"},"content":{"rendered":"<p>Transporter 2 FPV G\u00f6zl\u00fc\u011f\u00fc, iste\u011fe ba\u011fl\u0131 olarak E8 Verici ile e\u015fle\u015ftirilebilen ve pilotlar\u0131n u\u00e7u\u015f deneyimlerini ihtiya\u00e7lar\u0131na g\u00f6re \u00f6zelle\u015ftirmelerine olanak tan\u0131yan \u00e7\u0131kar\u0131labilir bir ekrana sahiptir.<\/p>\n<p>&nbsp;<\/p>\n<p>Pilotlara m\u00fcmk\u00fcn olan en temiz video ak\u0131\u015f\u0131n\u0131 sa\u011flamak i\u00e7in Transporter 2&#8217;de yerle\u015fik olarak g\u00fc\u00e7l\u00fc bir al\u0131c\u0131 bulunurken, ayn\u0131 zamanda kullan\u0131c\u0131lar\u0131n FPV u\u00e7u\u015flar\u0131n\u0131 g\u00f6zden ge\u00e7irmek veya u\u00e7u\u015f g\u00f6r\u00fcnt\u00fclerini ba\u015fkalar\u0131yla payla\u015fmak i\u00e7in kaydetmelerine olanak tan\u0131yan yerle\u015fik bir DVR i\u00e7erir.<\/p>\n<ul>\n<li>\u015earj Sistemi: Dahili USB 5V&#8211;1A do\u011frusal li-ion pil \u015farj sistemi<\/li>\n<li>Boyutlar: (antensiz + kolajl\u0131) 155x100x90mm<\/li>\n<li>Frequency: 5.8GHz\uff085658MHz-5945MHz)<\/li>\n<li>Video Kay\u0131t Ayarlar\u0131: VGA\/D1\/HD (Kapal\u0131\/3dak\/5dak\/10dak)<\/li>\n<li>DVR: 32GB SD kart (maks.), MJPEG, AVI<\/li>\n<li>Pil: 1300mAh Lityum-iyon pil<\/li>\n<li>\u00c7\u00f6z\u00fcn\u00fcrl\u00fck: 480X800<\/li>\n<li>A\u011f\u0131rl\u0131k: 398g<\/li>\n<li>\u00c7al\u0131\u015fma Voltaj\u0131: 4.2V-3.7V<\/li>\n<li>Ekran boyutu: 4,3 in\u00e7<\/li>\n<\/ul>","protected":false},"excerpt":{"rendered":"<p>Transporter 2 FPV G\u00f6zl\u00fc\u011f\u00fc, iste\u011fe ba\u011fl\u0131 olarak E8 Verici ile e\u015fle\u015ftirilebilen ve pilotlar\u0131n u\u00e7u\u015f deneyimlerini ihtiya\u00e7lar\u0131na g\u00f6re \u00f6zelle\u015ftirmelerine olanak tan\u0131yan<\/p>","protected":false},"featured_media":18197,"comment_status":"open","ping_status":"closed","template":"","meta":{"_monsterinsights_skip_tracking":false,"_monsterinsights_sitenote_active":false,"_monsterinsights_sitenote_note":"","_monsterinsights_sitenote_category":0},"product_cat":[449],"product_tag":[],"aioseo_notices":[],"jetpack_sharing_enabled":true,"_links":{"self":[{"href":"https:\/\/digitaltarget.com.tr\/ar\/wp-json\/wp\/v2\/product\/18196"}],"collection":[{"href":"https:\/\/digitaltarget.com.tr\/ar\/wp-json\/wp\/v2\/product"}],"about":[{"href":"https:\/\/digitaltarget.com.tr\/ar\/wp-json\/wp\/v2\/types\/product"}],"replies":[{"embeddable":true,"href":"https:\/\/digitaltarget.com.tr\/ar\/wp-json\/wp\/v2\/comments?post=18196"}],"version-history":[{"count":3,"href":"https:\/\/digitaltarget.com.tr\/ar\/wp-json\/wp\/v2\/product\/18196\/revisions"}],"predecessor-version":[{"id":18896,"href":"https:\/\/digitaltarget.com.tr\/ar\/wp-json\/wp\/v2\/product\/18196\/revisions\/18896"}],"wp:featuredmedia":[{"embeddable":true,"href":"https:\/\/digitaltarget.com.tr\/ar\/wp-json\/wp\/v2\/media\/18197"}],"wp:attachment":[{"href":"https:\/\/digitaltarget.com.tr\/ar\/wp-json\/wp\/v2\/media?parent=18196"}],"wp:term":[{"taxonomy":"product_cat","embeddable":true,"href":"https:\/\/digitaltarget.com.tr\/ar\/wp-json\/wp\/v2\/product_cat?post=18196"},{"taxonomy":"product_tag","embeddable":true,"href":"https:\/\/digitaltarget.com.tr\/ar\/wp-json\/wp\/v2\/product_tag?post=18196"}],"curies":[{"name":"wp","href":"https:\/\/api.w.org\/{rel}","templated":true}]}}