{"id":18226,"date":"2024-02-01T11:41:07","date_gmt":"2024-02-01T11:41:07","guid":{"rendered":"https:\/\/digitaltarget.com.tr\/?post_type=product&#038;p=18226"},"modified":"2025-07-22T13:36:55","modified_gmt":"2025-07-22T13:36:55","slug":"10w-sma-type-attenuator-dc-3ghz-4ghz-40db-sma-rf-coaxial-power-plug-50-ohm","status":"publish","type":"product","link":"https:\/\/digitaltarget.com.tr\/ar\/product\/10w-sma-type-attenuator-dc-3ghz-4ghz-40db-sma-rf-coaxial-power-plug-50-ohm\/","title":{"rendered":"10W SMA Tipi Zay\u0131flat\u0131c\u0131 DC-3Ghz \/ 4Ghz 40db SMA RF koaksiyel G\u00fc\u00e7 fi\u015fi 50 Ohm"},"content":{"rendered":"<h3>10W SMA Tipi Zay\u0131flat\u0131c\u0131 DC-3Ghz\/4Ghz 40db SMA RF koaksiyel G\u00fc\u00e7 fi\u015fi Erkek &#8211; jak Di\u015fi 50 Ohm<\/h3>\n<p class=\" translation-block\">1. G\u00fc\u00e7: 10w<br>\r\n2. Frekans Aral\u0131\u011f\u0131: DC-3GHz\/4GHz<br>\r\n3. Duran dalga oran\u0131 (SWR): \u22641,20<br>\r\n4. Konekt\u00f6r Tipi: SMA Erkek\/SMA Di\u015fi<br>\r\n5. Empedans: 50\u03a9<br>\r\n6. Zay\u0131flama: 1-40dB mevcuttur ve 1-10dB.\u00b10.5dB, 15-40dB\u00b11dB<br>\r\n7. Boyut: 58mm*30mm<br>\r\n8. \u00c7al\u0131\u015fma S\u0131cakl\u0131\u011f\u0131: -55\u00b0C~125\u00b0C<\/p>","protected":false},"excerpt":{"rendered":"<p>10W SMA Tipi Zay\u0131flat\u0131c\u0131 DC-3Ghz\/4Ghz 40db SMA RF koaksiyel G\u00fc\u00e7 fi\u015fi Erkek &#8211; jak Di\u015fi 50 Ohm 1. G\u00fc\u00e7: 10w<\/p>","protected":false},"featured_media":18227,"comment_status":"open","ping_status":"closed","template":"","meta":{"_monsterinsights_skip_tracking":false,"_monsterinsights_sitenote_active":false,"_monsterinsights_sitenote_note":"","_monsterinsights_sitenote_category":0},"product_cat":[349],"product_tag":[],"aioseo_notices":[],"jetpack_sharing_enabled":true,"_links":{"self":[{"href":"https:\/\/digitaltarget.com.tr\/ar\/wp-json\/wp\/v2\/product\/18226"}],"collection":[{"href":"https:\/\/digitaltarget.com.tr\/ar\/wp-json\/wp\/v2\/product"}],"about":[{"href":"https:\/\/digitaltarget.com.tr\/ar\/wp-json\/wp\/v2\/types\/product"}],"replies":[{"embeddable":true,"href":"https:\/\/digitaltarget.com.tr\/ar\/wp-json\/wp\/v2\/comments?post=18226"}],"version-history":[{"count":3,"href":"https:\/\/digitaltarget.com.tr\/ar\/wp-json\/wp\/v2\/product\/18226\/revisions"}],"predecessor-version":[{"id":18893,"href":"https:\/\/digitaltarget.com.tr\/ar\/wp-json\/wp\/v2\/product\/18226\/revisions\/18893"}],"wp:featuredmedia":[{"embeddable":true,"href":"https:\/\/digitaltarget.com.tr\/ar\/wp-json\/wp\/v2\/media\/18227"}],"wp:attachment":[{"href":"https:\/\/digitaltarget.com.tr\/ar\/wp-json\/wp\/v2\/media?parent=18226"}],"wp:term":[{"taxonomy":"product_cat","embeddable":true,"href":"https:\/\/digitaltarget.com.tr\/ar\/wp-json\/wp\/v2\/product_cat?post=18226"},{"taxonomy":"product_tag","embeddable":true,"href":"https:\/\/digitaltarget.com.tr\/ar\/wp-json\/wp\/v2\/product_tag?post=18226"}],"curies":[{"name":"wp","href":"https:\/\/api.w.org\/{rel}","templated":true}]}}