{"id":18229,"date":"2024-02-01T11:47:40","date_gmt":"2024-02-01T11:47:40","guid":{"rendered":"https:\/\/digitaltarget.com.tr\/?post_type=product&#038;p=18229"},"modified":"2025-07-22T13:36:44","modified_gmt":"2025-07-22T13:36:44","slug":"rfm23bp-s2-433mhz-30dbm-power-output-transceiver-rf-module","status":"publish","type":"product","link":"https:\/\/digitaltarget.com.tr\/ar\/product\/rfm23bp-s2-433mhz-30dbm-power-output-transceiver-rf-module\/","title":{"rendered":"RFM23BP-S2 433MHz 30dBm g\u00fc\u00e7 \u00e7\u0131k\u0131\u015fl\u0131 al\u0131c\u0131-verici RF mod\u00fcl\u00fc"},"content":{"rendered":"<p><strong>\u00d6zellikler<\/strong><\/p>\n<div class=\"tabs\">\n<div id=\"tab-content\" class=\"tab-content\">\n<div id=\"description\" class=\"tab-pane fade in active\" role=\"tabpanel\">\n<div class=\"product-description\">\n<ul>\n<li>Frekans Aral\u0131\u011f\u0131: 433MHz ISM bantlar\u0131<\/li>\n<li>Duyarl\u0131l\u0131k: \u2013120 dBm<\/li>\n<li>\u00c7\u0131k\u0131\u015f G\u00fcc\u00fc Aral\u0131\u011f\u0131: +30 dBm Maks (RFM23BP)<\/li>\n<li>D\u00fc\u015f\u00fck G\u00fc\u00e7 T\u00fcketimi:\n<ul>\n<li>25 mA al\u0131m<\/li>\n<li>550 mA @ +30 dBm ile iletim<\/li>\n<\/ul>\n<\/li>\n<li>Veri H\u0131z\u0131: 0.123 ila 256 kbps<\/li>\n<li>Mod\u00fclasyon: FSK, GFSK ve OOK<\/li>\n<li>G\u00fc\u00e7 Kayna\u011f\u0131: 3.3 ila 6 V<\/li>\n<li>Ultra D\u00fc\u015f\u00fck G\u00fc\u00e7 Kapatma Modu<\/li>\n<li>Dijital RSSI<\/li>\n<li>Uyanma Zamanlay\u0131c\u0131s\u0131<\/li>\n<li>Otomatik Frekans Kalibrasyonu (AFC)<\/li>\n<li>G\u00fc\u00e7 A\u00e7ma S\u0131f\u0131rlama (POR)<\/li>\n<li>Anten \u00c7e\u015fitlili\u011fi ve TR Anahtar\u0131 Kontrol\u00fc<\/li>\n<li>Yap\u0131land\u0131r\u0131labilir Paket \u0130\u015fleyici<\/li>\n<li>\u00d6n-Sinyal Alg\u0131lay\u0131c\u0131<\/li>\n<li>TX ve RX 64 Byte FIFO&#8217;lar<\/li>\n<li>D\u00fc\u015f\u00fck Pil Alg\u0131lay\u0131c\u0131<\/li>\n<li>S\u0131cakl\u0131k Sens\u00f6r\u00fc ve 8-bit ADC<\/li>\n<li>S\u0131cakl\u0131k Aral\u0131\u011f\u0131: \u201340 ila +85 \u00b0C<\/li>\n<li>Entegre Voltaj Reg\u00fclat\u00f6rleri<\/li>\n<li>Frekans Atlama Yetene\u011fi<\/li>\n<li>On-chip Kristal Ayar\u0131<\/li>\n<li>16-P\u0130N SMD Paket<\/li>\n<li>D\u00fc\u015f\u00fck Maliyet<\/li>\n<\/ul>\n<p><strong>Uygulamalar<\/strong><\/p>\n<ul>\n<li>Uzaktan Kumanda<\/li>\n<li>Ev G\u00fcvenli\u011fi &amp; Alarm<\/li>\n<li>Telemetri<\/li>\n<li>Ki\u015fisel Veri Kayd\u0131<\/li>\n<li>Oyuncak Kontrol\u00fc<\/li>\n<li>Lastik Bas\u0131nc\u0131 \u0130zleme<\/li>\n<li>Kablosuz PC Aksesuarlar\u0131<\/li>\n<li>Uzaktan Saya\u00e7 Okuma<\/li>\n<li>Uzaktan Anahtars\u0131z Giri\u015f<\/li>\n<li>Ev Otomasyonu<\/li>\n<li>End\u00fcstriyel Kontrol<\/li>\n<li>Sensor A\u011flar\u0131<\/li>\n<li>Sa\u011fl\u0131k Monit\u00f6rleri<\/li>\n<li>Etiket Okuyucular<\/li>\n<\/ul>\n<\/div>\n<\/div>\n<\/div>\n<\/div>\n<p>&nbsp;<\/p>","protected":false},"excerpt":{"rendered":"<p>\u00d6zellikler Frekans Aral\u0131\u011f\u0131: 433MHz ISM bantlar\u0131 Duyarl\u0131l\u0131k: \u2013120 dBm \u00c7\u0131k\u0131\u015f G\u00fcc\u00fc Aral\u0131\u011f\u0131: +30 dBm Maks (RFM23BP) D\u00fc\u015f\u00fck G\u00fc\u00e7 T\u00fcketimi: 25<\/p>","protected":false},"featured_media":18230,"comment_status":"open","ping_status":"closed","template":"","meta":{"_monsterinsights_skip_tracking":false,"_monsterinsights_sitenote_active":false,"_monsterinsights_sitenote_note":"","_monsterinsights_sitenote_category":0},"product_cat":[448,356],"product_tag":[],"aioseo_notices":[],"jetpack_sharing_enabled":true,"_links":{"self":[{"href":"https:\/\/digitaltarget.com.tr\/ar\/wp-json\/wp\/v2\/product\/18229"}],"collection":[{"href":"https:\/\/digitaltarget.com.tr\/ar\/wp-json\/wp\/v2\/product"}],"about":[{"href":"https:\/\/digitaltarget.com.tr\/ar\/wp-json\/wp\/v2\/types\/product"}],"replies":[{"embeddable":true,"href":"https:\/\/digitaltarget.com.tr\/ar\/wp-json\/wp\/v2\/comments?post=18229"}],"version-history":[{"count":3,"href":"https:\/\/digitaltarget.com.tr\/ar\/wp-json\/wp\/v2\/product\/18229\/revisions"}],"predecessor-version":[{"id":18891,"href":"https:\/\/digitaltarget.com.tr\/ar\/wp-json\/wp\/v2\/product\/18229\/revisions\/18891"}],"wp:featuredmedia":[{"embeddable":true,"href":"https:\/\/digitaltarget.com.tr\/ar\/wp-json\/wp\/v2\/media\/18230"}],"wp:attachment":[{"href":"https:\/\/digitaltarget.com.tr\/ar\/wp-json\/wp\/v2\/media?parent=18229"}],"wp:term":[{"taxonomy":"product_cat","embeddable":true,"href":"https:\/\/digitaltarget.com.tr\/ar\/wp-json\/wp\/v2\/product_cat?post=18229"},{"taxonomy":"product_tag","embeddable":true,"href":"https:\/\/digitaltarget.com.tr\/ar\/wp-json\/wp\/v2\/product_tag?post=18229"}],"curies":[{"name":"wp","href":"https:\/\/api.w.org\/{rel}","templated":true}]}}