{"id":18232,"date":"2024-02-01T12:03:56","date_gmt":"2024-02-01T12:03:56","guid":{"rendered":"https:\/\/digitaltarget.com.tr\/?post_type=product&#038;p=18232"},"modified":"2024-12-19T14:29:25","modified_gmt":"2024-12-19T14:29:25","slug":"cn3065-solar-panel-regulator-controller-module","status":"publish","type":"product","link":"https:\/\/digitaltarget.com.tr\/ar\/product\/cn3065-solar-panel-regulator-controller-module\/","title":{"rendered":"CN3065 G\u00fcne\u015f Paneli Reg\u00fclat\u00f6r\u00fc Kontrol Mod\u00fcl\u00fc"},"content":{"rendered":"<p>G\u00fcne\u015f paneli giri\u015fi: 4.4-6V<\/p>\n<p>Maksimum \u015farj ak\u0131m\u0131: 500 mA<\/p>\n<p>Aray\u00fcz 2 pinli JST konekt\u00f6r\u00fc (veya pH 2.0)<\/p>\n<p>K\u0131sa devre korumas\u0131<\/p>\n<p>S\u00fcrekli \u015farj ak\u0131m\u0131 500 mA&#8217;e kadar<\/p>\n<p>Pil durumu g\u00f6stergesi (k\u0131rm\u0131z\u0131: \u015farj oluyor, ye\u015fil: \u015farj oluyor)<\/p>\n<p>USB \u015farj deste\u011fi (Mini USB konekt\u00f6r\u00fc)<\/p>\n<p>\u00dcr\u00fcn boyutu: 40mm*20mm*7mm<\/p>","protected":false},"excerpt":{"rendered":"<p>G\u00fcne\u015f paneli giri\u015fi: 4.4-6V Maksimum \u015farj ak\u0131m\u0131: 500 mA Aray\u00fcz 2 pinli JST konekt\u00f6r\u00fc (veya pH 2.0) K\u0131sa devre korumas\u0131<\/p>","protected":false},"featured_media":18233,"comment_status":"open","ping_status":"closed","template":"","meta":{"_monsterinsights_skip_tracking":false,"_monsterinsights_sitenote_active":false,"_monsterinsights_sitenote_note":"","_monsterinsights_sitenote_category":0},"product_cat":[434],"product_tag":[],"aioseo_notices":[],"jetpack_sharing_enabled":true,"_links":{"self":[{"href":"https:\/\/digitaltarget.com.tr\/ar\/wp-json\/wp\/v2\/product\/18232"}],"collection":[{"href":"https:\/\/digitaltarget.com.tr\/ar\/wp-json\/wp\/v2\/product"}],"about":[{"href":"https:\/\/digitaltarget.com.tr\/ar\/wp-json\/wp\/v2\/types\/product"}],"replies":[{"embeddable":true,"href":"https:\/\/digitaltarget.com.tr\/ar\/wp-json\/wp\/v2\/comments?post=18232"}],"version-history":[{"count":2,"href":"https:\/\/digitaltarget.com.tr\/ar\/wp-json\/wp\/v2\/product\/18232\/revisions"}],"predecessor-version":[{"id":18889,"href":"https:\/\/digitaltarget.com.tr\/ar\/wp-json\/wp\/v2\/product\/18232\/revisions\/18889"}],"wp:featuredmedia":[{"embeddable":true,"href":"https:\/\/digitaltarget.com.tr\/ar\/wp-json\/wp\/v2\/media\/18233"}],"wp:attachment":[{"href":"https:\/\/digitaltarget.com.tr\/ar\/wp-json\/wp\/v2\/media?parent=18232"}],"wp:term":[{"taxonomy":"product_cat","embeddable":true,"href":"https:\/\/digitaltarget.com.tr\/ar\/wp-json\/wp\/v2\/product_cat?post=18232"},{"taxonomy":"product_tag","embeddable":true,"href":"https:\/\/digitaltarget.com.tr\/ar\/wp-json\/wp\/v2\/product_tag?post=18232"}],"curies":[{"name":"wp","href":"https:\/\/api.w.org\/{rel}","templated":true}]}}