{"id":18295,"date":"2024-03-20T01:02:49","date_gmt":"2024-03-20T01:02:49","guid":{"rendered":"https:\/\/digitaltarget.com.tr\/?post_type=product&#038;p=18295"},"modified":"2024-08-01T13:12:12","modified_gmt":"2024-08-01T13:12:12","slug":"apex-hd-7-inch-carbon-fiber-quadcopter-frame","status":"publish","type":"product","link":"https:\/\/digitaltarget.com.tr\/ar\/product\/apex-hd-7-inch-carbon-fiber-quadcopter-frame\/","title":{"rendered":"Apex HD 7 \u0130n\u00e7 Karbon Fiber Quadcopter \u00c7er\u00e7evesi"},"content":{"rendered":"<p><span data-spm-anchor-id=\"a2g0o.detail.1000023.i0.31bdafFJafFJcr\">\u015easi modeli; APEX HD 7 in\u00e7<\/span><\/p>\n<p>Tekerlek Taban\u0131; 295mm<\/p>\n<p>Boyut; 231.13 * 183.31mm<\/p>\n<p>A\u011f\u0131rl\u0131k; 182g<\/p>\n<p>Alt plaka kal\u0131nl\u0131\u011f\u0131; 2.5mm<\/p>\n<p>Orta plaka kal\u0131nl\u0131\u011f\u0131; 2.5mm<\/p>\n<p>\u00dcst plaka kal\u0131nl\u0131\u011f\u0131; 2.0mm<\/p>\n<p>Kollar\u0131n kal\u0131nl\u0131\u011f\u0131; 5.5mm<\/p>\n<p>Kamera yan plaka kal\u0131nl\u0131\u011f\u0131; 2.0mm<\/p>\n<p>Kamera montaj delik aral\u0131\u011f\u0131; 22mm<\/p>\n<p>G\u00f6r\u00fcnt\u00fc iletim montaj deli\u011fi uyumlulu\u011fu; 20 * 20mm<\/p>\n<p>U\u00e7u\u015f kontrol montaj deli\u011fi uyumlulu\u011fu; 20 * 20 &amp; 30.5 * 30.5mm<\/p>\n<p>\u0130\u00e7 hava y\u00fcksekli\u011fi; 20mm<\/p>\n<p>Motor montaj deli\u011fi pozisyonu; 16 * 16 &amp; 19 * 19mm<\/p>","protected":false},"excerpt":{"rendered":"<blockquote><p>&nbsp;<\/p><\/blockquote>","protected":false},"featured_media":18296,"comment_status":"open","ping_status":"closed","template":"","meta":{"_monsterinsights_skip_tracking":false,"_monsterinsights_sitenote_active":false,"_monsterinsights_sitenote_note":"","_monsterinsights_sitenote_category":0},"product_cat":[431,349],"product_tag":[],"aioseo_notices":[],"jetpack_sharing_enabled":true,"_links":{"self":[{"href":"https:\/\/digitaltarget.com.tr\/ar\/wp-json\/wp\/v2\/product\/18295"}],"collection":[{"href":"https:\/\/digitaltarget.com.tr\/ar\/wp-json\/wp\/v2\/product"}],"about":[{"href":"https:\/\/digitaltarget.com.tr\/ar\/wp-json\/wp\/v2\/types\/product"}],"replies":[{"embeddable":true,"href":"https:\/\/digitaltarget.com.tr\/ar\/wp-json\/wp\/v2\/comments?post=18295"}],"version-history":[{"count":3,"href":"https:\/\/digitaltarget.com.tr\/ar\/wp-json\/wp\/v2\/product\/18295\/revisions"}],"predecessor-version":[{"id":19095,"href":"https:\/\/digitaltarget.com.tr\/ar\/wp-json\/wp\/v2\/product\/18295\/revisions\/19095"}],"wp:featuredmedia":[{"embeddable":true,"href":"https:\/\/digitaltarget.com.tr\/ar\/wp-json\/wp\/v2\/media\/18296"}],"wp:attachment":[{"href":"https:\/\/digitaltarget.com.tr\/ar\/wp-json\/wp\/v2\/media?parent=18295"}],"wp:term":[{"taxonomy":"product_cat","embeddable":true,"href":"https:\/\/digitaltarget.com.tr\/ar\/wp-json\/wp\/v2\/product_cat?post=18295"},{"taxonomy":"product_tag","embeddable":true,"href":"https:\/\/digitaltarget.com.tr\/ar\/wp-json\/wp\/v2\/product_tag?post=18295"}],"curies":[{"name":"wp","href":"https:\/\/api.w.org\/{rel}","templated":true}]}}