{"id":18298,"date":"2024-03-20T01:08:45","date_gmt":"2024-03-20T01:08:45","guid":{"rendered":"https:\/\/digitaltarget.com.tr\/?post_type=product&#038;p=18298"},"modified":"2024-08-01T13:10:50","modified_gmt":"2024-08-01T13:10:50","slug":"freestyle-fpv-racing-drone-kit-with-3d-printed-parts","status":"publish","type":"product","link":"https:\/\/digitaltarget.com.tr\/ar\/product\/freestyle-fpv-racing-drone-kit-with-3d-printed-parts\/","title":{"rendered":"3D Bask\u0131l\u0131 Par\u00e7alarla Freestyle FPV Yar\u0131\u015f Drone Kiti"},"content":{"rendered":"<p class=\" translation-block\">Ad\u0131: Mark4\u20139 in\u00e7 295mm;<br>\r\nPervane: 9 in\u00e7;<br>\r\nA\u011f\u0131rl\u0131k: 121g;<br>\r\nMotorlar aras\u0131 mesafe: 295MM;<br>\r\nBoyut: 193223MM;<br>\r\nKollar plakas\u0131: 5MM;<br>\r\n\u00dcst plaka: 2.5MM;<br>\r\nAlt plaka: 2.5MM;<br>\r\nYan plaka: 2.5MM;<br>\r\nKamera montaj boyutu: 1919mm;<\/p>\n<p class=\" translation-block\">\u00d6nerilen yap\u0131land\u0131rma: (dahil de\u011fildir)<br>\r\nU\u00e7u\u015f Kontrolc\u00fcs\u00fc: RF\/Kiss\/F3\/F4\/F7;<br>\r\nMotorlar: 2305\/2306\/2407\/2408\/2507;<br>\r\nESC: 40A-60A;<br>\r\nPervane: 7 in\u00e7;<br>\r\nPil: 4S 1800mAh-6S 2200mAh;<\/p>","protected":false},"excerpt":{"rendered":"<p>Ad\u0131: Mark4&#8211;9 in\u00e7 295mm; Pervane: 9 in\u00e7; A\u011f\u0131rl\u0131k: 121g; Motorlar aras\u0131 mesafe: 295MM; Boyut: 193223MM; Kollar plakas\u0131: 5MM; \u00dcst plaka:<\/p>","protected":false},"featured_media":18299,"comment_status":"open","ping_status":"closed","template":"","meta":{"_monsterinsights_skip_tracking":false,"_monsterinsights_sitenote_active":false,"_monsterinsights_sitenote_note":"","_monsterinsights_sitenote_category":0},"product_cat":[431,349],"product_tag":[],"aioseo_notices":[],"jetpack_sharing_enabled":true,"_links":{"self":[{"href":"https:\/\/digitaltarget.com.tr\/ar\/wp-json\/wp\/v2\/product\/18298"}],"collection":[{"href":"https:\/\/digitaltarget.com.tr\/ar\/wp-json\/wp\/v2\/product"}],"about":[{"href":"https:\/\/digitaltarget.com.tr\/ar\/wp-json\/wp\/v2\/types\/product"}],"replies":[{"embeddable":true,"href":"https:\/\/digitaltarget.com.tr\/ar\/wp-json\/wp\/v2\/comments?post=18298"}],"version-history":[{"count":4,"href":"https:\/\/digitaltarget.com.tr\/ar\/wp-json\/wp\/v2\/product\/18298\/revisions"}],"predecessor-version":[{"id":19093,"href":"https:\/\/digitaltarget.com.tr\/ar\/wp-json\/wp\/v2\/product\/18298\/revisions\/19093"}],"wp:featuredmedia":[{"embeddable":true,"href":"https:\/\/digitaltarget.com.tr\/ar\/wp-json\/wp\/v2\/media\/18299"}],"wp:attachment":[{"href":"https:\/\/digitaltarget.com.tr\/ar\/wp-json\/wp\/v2\/media?parent=18298"}],"wp:term":[{"taxonomy":"product_cat","embeddable":true,"href":"https:\/\/digitaltarget.com.tr\/ar\/wp-json\/wp\/v2\/product_cat?post=18298"},{"taxonomy":"product_tag","embeddable":true,"href":"https:\/\/digitaltarget.com.tr\/ar\/wp-json\/wp\/v2\/product_tag?post=18298"}],"curies":[{"name":"wp","href":"https:\/\/api.w.org\/{rel}","templated":true}]}}