{"id":18329,"date":"2024-03-20T09:18:55","date_gmt":"2024-03-20T09:18:55","guid":{"rendered":"https:\/\/digitaltarget.com.tr\/?post_type=product&#038;p=18329"},"modified":"2024-08-01T13:08:52","modified_gmt":"2024-08-01T13:08:52","slug":"radiomaster-tx12-mark-ii-radio-controller-cc2500","status":"publish","type":"product","link":"https:\/\/digitaltarget.com.tr\/ar\/product\/radiomaster-tx12-mark-ii-radio-controller-cc2500\/","title":{"rendered":"RADIOMASTER TX12 Mark II Radyo Kontrol Cihaz\u0131 CC2500"},"content":{"rendered":"<p align=\"start\"><strong>\u00d6zellikler:<\/strong><\/p>\n<ul>\n<li>Eklenmi\u015f dahili ExpressLRS mod\u00fcl deste\u011fi<\/li>\n<li>Ana kart tasar\u0131m\u0131 STM32F207&#8217;den STM32F407&#8217;ye g\u00fcncellendi<\/li>\n<li>USB-C QC 3.0 \u015earj\u0131 geli\u015ftirilmi\u015f<\/li>\n<li>Standart olarak hassas hall etkili gimbal&#8217;lar<\/li>\n<li>Fabrikadan EdgeTX i\u015fletim sistemi y\u00fckl\u00fc<\/li>\n<li>Konforlu kulplara sahip g\u00fcncellenmi\u015f arka kasa<\/li>\n<li>Geli\u015ftirilmi\u015f S1 \/ S2 kayd\u0131r\u0131c\u0131 tutma yeri<\/li>\n<li>SD Kart dahil<\/li>\n<li>M1 ve M2 modlar\u0131n\u0131 sa\u011flar<\/li>\n<\/ul>\n<ul>\n<li>\u00dcr\u00fcn: TX12 Mark II Radyo<\/li>\n<li>Boyut: 170*159*108mm<\/li>\n<li>A\u011f\u0131rl\u0131k: 363g<\/li>\n<li>Frekans: 2.400GHZ-2.480GHZ<\/li>\n<li>RF \u00c7ipi: ExpressLRS (ELRS) \/ CC2500<\/li>\n<li>\u00c7al\u0131\u015fma Ak\u0131m\u0131: 320mA@8.4V (ELRS) \/ 180mA@8.4V (CC2500)<\/li>\n<li>Gerilim Aral\u0131\u011f\u0131: 6.6-8.4V DC<\/li>\n<li>Radyo Yaz\u0131l\u0131m\u0131: EdgeTX (Verici) \/ ExpressLRS (RF mod\u00fcl\u00fc) \/ MPM (RF mod\u00fcl\u00fc)<\/li>\n<li>Kanal Say\u0131s\u0131: 16&#8217;ya kadar (al\u0131c\u0131ya ba\u011fl\u0131 olarak)<\/li>\n<li>Ekran: 128*64 Monokrom LCD ekran<\/li>\n<li>Gimbal: Y\u00fcksek hassasiyetli hall gimbal&#8217;lar\u0131<\/li>\n<li>D\u0131\u015f mod\u00fcl: JR\/FrSKY\/Crossfire uyumlu<\/li>\n<li>Y\u00fckseltme Y\u00f6ntemi: USB\/SD kart &amp; EdgeTX Buddy \u00e7evrimi\u00e7i veya EdgeTX Companion PC yaz\u0131l\u0131m\u0131<\/li>\n<li>USB \u015earj: QC3 USB-C<\/li>\n<li>SD Kart: Dahil<\/li>\n<\/ul>","protected":false},"excerpt":{"rendered":"<p>\u00d6zellikler: Eklenmi\u015f dahili ExpressLRS mod\u00fcl deste\u011fi Ana kart tasar\u0131m\u0131 STM32F207&#8217;den STM32F407&#8217;ye g\u00fcncellendi USB-C QC 3.0 \u015earj\u0131 geli\u015ftirilmi\u015f Standart olarak hassas<\/p>","protected":false},"featured_media":18334,"comment_status":"open","ping_status":"closed","template":"","meta":{"_monsterinsights_skip_tracking":false,"_monsterinsights_sitenote_active":false,"_monsterinsights_sitenote_note":"","_monsterinsights_sitenote_category":0},"product_cat":[435],"product_tag":[],"aioseo_notices":[],"jetpack_sharing_enabled":true,"_links":{"self":[{"href":"https:\/\/digitaltarget.com.tr\/ar\/wp-json\/wp\/v2\/product\/18329"}],"collection":[{"href":"https:\/\/digitaltarget.com.tr\/ar\/wp-json\/wp\/v2\/product"}],"about":[{"href":"https:\/\/digitaltarget.com.tr\/ar\/wp-json\/wp\/v2\/types\/product"}],"replies":[{"embeddable":true,"href":"https:\/\/digitaltarget.com.tr\/ar\/wp-json\/wp\/v2\/comments?post=18329"}],"version-history":[{"count":3,"href":"https:\/\/digitaltarget.com.tr\/ar\/wp-json\/wp\/v2\/product\/18329\/revisions"}],"predecessor-version":[{"id":19089,"href":"https:\/\/digitaltarget.com.tr\/ar\/wp-json\/wp\/v2\/product\/18329\/revisions\/19089"}],"wp:featuredmedia":[{"embeddable":true,"href":"https:\/\/digitaltarget.com.tr\/ar\/wp-json\/wp\/v2\/media\/18334"}],"wp:attachment":[{"href":"https:\/\/digitaltarget.com.tr\/ar\/wp-json\/wp\/v2\/media?parent=18329"}],"wp:term":[{"taxonomy":"product_cat","embeddable":true,"href":"https:\/\/digitaltarget.com.tr\/ar\/wp-json\/wp\/v2\/product_cat?post=18329"},{"taxonomy":"product_tag","embeddable":true,"href":"https:\/\/digitaltarget.com.tr\/ar\/wp-json\/wp\/v2\/product_tag?post=18329"}],"curies":[{"name":"wp","href":"https:\/\/api.w.org\/{rel}","templated":true}]}}