{"id":18349,"date":"2024-03-20T10:00:55","date_gmt":"2024-03-20T10:00:55","guid":{"rendered":"https:\/\/digitaltarget.com.tr\/?post_type=product&#038;p=18349"},"modified":"2024-08-01T13:05:12","modified_gmt":"2024-08-01T13:05:12","slug":"aocoda-rc-3060s-60a-3-6s-bls-30-5mm-4in1-esc","status":"publish","type":"product","link":"https:\/\/digitaltarget.com.tr\/ar\/product\/aocoda-rc-3060s-60a-3-6s-bls-30-5mm-4in1-esc\/","title":{"rendered":"Aocoda-RC 3060S 60A 3-6S BLS 30,5 MM 4&#8217;\u00dc 1 ARADA ESC"},"content":{"rendered":"<p>S\u00fcrekli maksimum ak\u0131m: 60AX4<\/p>\n<p>Anl\u0131k maksimum ak\u0131m: 70AX4<\/p>\n<p>Giri\u015f voltaj\u0131: 3-6S Lipo<\/p>\n<p>Elektrik da\u011f\u0131t\u0131m protokol\u00fc: 150\/300\/600\/1200 &amp; Multispot\/OneShot\/Proshot\/PWM, vb.<\/p>\n<p>Elektrik ayarlama d\u00f6n\u00fc\u015f\u00fc: desteklenmiyor<\/p>\n<p>Kurum i\u00e7i ampermetre: destekleniyor<\/p>\n<p>Yaz\u0131l\u0131m: Bluejay H-H50<\/p>\n<p>A\u011f\u0131rl\u0131k: 10.4g<\/p>\n<p>Boyut: 40X40.7mm<\/p>\n<p>Montaj deli\u011fi pozisyonu: M3 30.5 \u00d7 30.5mm<\/p>\n<p>Paket \u0130\u00e7eri\u011fi<\/p>\n<p>Aocoda-RC 3060S 4in1 ESC x1<\/p>\n<p>N3 \u015fok emici top x4<\/p>\n<p>470UF kat\u0131 hal kondansat\u00f6r\u00fc x1<\/p>\n<p>8PIN d\u00fcz kablo x1<\/p>\n<p>M3 naylon somun x4<\/p>\n<p>XT60 12AWG 90CM g\u00fc\u00e7 kablosu x1<\/p>","protected":false},"excerpt":{"rendered":"<p>S\u00fcrekli maksimum ak\u0131m: 60AX4 Anl\u0131k maksimum ak\u0131m: 70AX4 Giri\u015f voltaj\u0131: 3-6S Lipo Elektrik da\u011f\u0131t\u0131m protokol\u00fc: 150\/300\/600\/1200 &amp; Multispot\/OneShot\/Proshot\/PWM, vb. Elektrik<\/p>","protected":false},"featured_media":18351,"comment_status":"open","ping_status":"closed","template":"","meta":{"_monsterinsights_skip_tracking":false,"_monsterinsights_sitenote_active":false,"_monsterinsights_sitenote_note":"","_monsterinsights_sitenote_category":0},"product_cat":[444],"product_tag":[],"aioseo_notices":[],"jetpack_sharing_enabled":true,"_links":{"self":[{"href":"https:\/\/digitaltarget.com.tr\/ar\/wp-json\/wp\/v2\/product\/18349"}],"collection":[{"href":"https:\/\/digitaltarget.com.tr\/ar\/wp-json\/wp\/v2\/product"}],"about":[{"href":"https:\/\/digitaltarget.com.tr\/ar\/wp-json\/wp\/v2\/types\/product"}],"replies":[{"embeddable":true,"href":"https:\/\/digitaltarget.com.tr\/ar\/wp-json\/wp\/v2\/comments?post=18349"}],"version-history":[{"count":3,"href":"https:\/\/digitaltarget.com.tr\/ar\/wp-json\/wp\/v2\/product\/18349\/revisions"}],"predecessor-version":[{"id":19086,"href":"https:\/\/digitaltarget.com.tr\/ar\/wp-json\/wp\/v2\/product\/18349\/revisions\/19086"}],"wp:featuredmedia":[{"embeddable":true,"href":"https:\/\/digitaltarget.com.tr\/ar\/wp-json\/wp\/v2\/media\/18351"}],"wp:attachment":[{"href":"https:\/\/digitaltarget.com.tr\/ar\/wp-json\/wp\/v2\/media?parent=18349"}],"wp:term":[{"taxonomy":"product_cat","embeddable":true,"href":"https:\/\/digitaltarget.com.tr\/ar\/wp-json\/wp\/v2\/product_cat?post=18349"},{"taxonomy":"product_tag","embeddable":true,"href":"https:\/\/digitaltarget.com.tr\/ar\/wp-json\/wp\/v2\/product_tag?post=18349"}],"curies":[{"name":"wp","href":"https:\/\/api.w.org\/{rel}","templated":true}]}}