{"id":18354,"date":"2024-03-20T10:15:43","date_gmt":"2024-03-20T10:15:43","guid":{"rendered":"https:\/\/digitaltarget.com.tr\/?post_type=product&#038;p=18354"},"modified":"2024-12-19T14:28:37","modified_gmt":"2024-12-19T14:28:37","slug":"iflight-blitz-pdb-pro-330a-power-distribution-board-with-dual-bec-output-55a-4-6s","status":"publish","type":"product","link":"https:\/\/digitaltarget.com.tr\/ar\/product\/iflight-blitz-pdb-pro-330a-power-distribution-board-with-dual-bec-output-55a-4-6s\/","title":{"rendered":"IFlight BLITZ PDB Pro 330A \u00c7ift BEC \u00c7\u0131k\u0131\u015fl\u0131 G\u00fc\u00e7 Da\u011f\u0131t\u0131m Kart\u0131 55A 4-6S"},"content":{"rendered":"<ul>\n<li>D\u0131\u015f Boyut: 51 * 58mm<\/li>\n<li>Delik boyutu: 35 * 35mm\/ \u03c6 4 (CNC adapt\u00f6r plakas\u0131 arac\u0131l\u0131\u011f\u0131yla 30,5&#8217;e aktar\u0131labilir)<\/li>\n<li>Desteklenen elektrikli ayarlay\u0131c\u0131 say\u0131s\u0131: 8 elektrikli ayarlay\u0131c\u0131<\/li>\n<li>Tek destek ak\u0131m\u0131: 80A<\/li>\n<li>\u00c7ift \u00e7\u0131k\u0131\u015f voltaj\u0131: 5V 3A (5V BEC)\/12V 2A (12V BEC)<\/li>\n<li>Giri\u015f voltaj\u0131: 4-8S<\/li>\n<li>Ampermetre: 330A<\/li>\n<li>Ampermetre \u00f6l\u00e7e\u011fi: 200<\/li>\n<li>Telemetri: destek (elektrik da\u011f\u0131t\u0131m\u0131 i\u00e7in telemetri desteklenecektir)<\/li>\n<li>A\u011f\u0131rl\u0131k: 22g (2g toprak)<\/li>\n<\/ul>","protected":false},"excerpt":{"rendered":"<p>D\u0131\u015f Boyut: 51 * 58mm Delik boyutu: 35 * 35mm\/ \u03c6 4 (CNC adapt\u00f6r plakas\u0131 arac\u0131l\u0131\u011f\u0131yla 30,5&#8217;e aktar\u0131labilir) Desteklenen elektrikli<\/p>","protected":false},"featured_media":18355,"comment_status":"open","ping_status":"closed","template":"","meta":{"_monsterinsights_skip_tracking":false,"_monsterinsights_sitenote_active":false,"_monsterinsights_sitenote_note":"","_monsterinsights_sitenote_category":0},"product_cat":[444],"product_tag":[],"aioseo_notices":[],"jetpack_sharing_enabled":true,"_links":{"self":[{"href":"https:\/\/digitaltarget.com.tr\/ar\/wp-json\/wp\/v2\/product\/18354"}],"collection":[{"href":"https:\/\/digitaltarget.com.tr\/ar\/wp-json\/wp\/v2\/product"}],"about":[{"href":"https:\/\/digitaltarget.com.tr\/ar\/wp-json\/wp\/v2\/types\/product"}],"replies":[{"embeddable":true,"href":"https:\/\/digitaltarget.com.tr\/ar\/wp-json\/wp\/v2\/comments?post=18354"}],"version-history":[{"count":3,"href":"https:\/\/digitaltarget.com.tr\/ar\/wp-json\/wp\/v2\/product\/18354\/revisions"}],"predecessor-version":[{"id":18882,"href":"https:\/\/digitaltarget.com.tr\/ar\/wp-json\/wp\/v2\/product\/18354\/revisions\/18882"}],"wp:featuredmedia":[{"embeddable":true,"href":"https:\/\/digitaltarget.com.tr\/ar\/wp-json\/wp\/v2\/media\/18355"}],"wp:attachment":[{"href":"https:\/\/digitaltarget.com.tr\/ar\/wp-json\/wp\/v2\/media?parent=18354"}],"wp:term":[{"taxonomy":"product_cat","embeddable":true,"href":"https:\/\/digitaltarget.com.tr\/ar\/wp-json\/wp\/v2\/product_cat?post=18354"},{"taxonomy":"product_tag","embeddable":true,"href":"https:\/\/digitaltarget.com.tr\/ar\/wp-json\/wp\/v2\/product_tag?post=18354"}],"curies":[{"name":"wp","href":"https:\/\/api.w.org\/{rel}","templated":true}]}}