{"id":18358,"date":"2024-03-20T10:51:30","date_gmt":"2024-03-20T10:51:30","guid":{"rendered":"https:\/\/digitaltarget.com.tr\/?post_type=product&#038;p=18358"},"modified":"2024-08-01T13:03:39","modified_gmt":"2024-08-01T13:03:39","slug":"cctv-starlight-4k-ip-digital-camera-board-module-8-0-megapixel","status":"publish","type":"product","link":"https:\/\/digitaltarget.com.tr\/ar\/product\/cctv-starlight-4k-ip-digital-camera-board-module-8-0-megapixel\/","title":{"rendered":"CCTV Starlight 4K IP Dijital Kamera Kart\u0131 Mod\u00fcl\u00fc 8.0 Megapiksel"},"content":{"rendered":"<p align=\"start\"><strong>Ana \u00d6zellikler\uff1a<\/strong><\/p>\n<p align=\"start\"><strong>1. 1\/2,8 in\u00e7 8 milyon piksel siyah \u0131\u015f\u0131k CMOS sens\u00f6r\u00fc;<\/strong><\/p>\n<p align=\"start\"><strong>2. h.265+, h.265 ve H.264 kodlamas\u0131n\u0131 destekler;<\/strong><\/p>\n<p align=\"start\"><strong>3. 2 t\u00fcr \u0131\u015f\u0131k sinyali kontrol\u00fcn\u00fc destekler: CDS, PWM sinyali;<\/strong><\/p>\n<p align=\"start\"><strong>4. Tam renkli modu, k\u0131z\u0131l\u00f6tesi modu, \u00e7ift \u0131\u015f\u0131k modunu destekler;<\/strong><\/p>\n<p align=\"start\"><strong>5. G\u00f6r\u00fcnt\u00fc \u00e7evirme ve HDR&#8217;yi destekler;<\/strong><\/p>\n<p align=\"start\"><strong>6. Ak\u0131ll\u0131 analizi destekler: insan alg\u0131lama ve kullan\u0131c\u0131 tan\u0131ml\u0131 alanlar;<\/strong><\/p>\n<p align=\"start\"><strong>7. \u00c7ift y\u00f6nl\u00fc ses, ses yay\u0131n\u0131 ve \u00f6zelle\u015ftirilmi\u015f ses deste\u011fi;<\/strong><\/p>\n<p align=\"start\"><strong>8. Onvif deste\u011fi;<\/strong><\/p>\n<p align=\"start\"><strong>9. Karakter \u00fcst \u00fcste bindirme deste\u011fi;<\/strong><\/p>\n<p align=\"start\"><strong>10. IP adresi filtrelemesi;<\/strong><\/p>\n<p align=\"start\"><strong>11. Poe uzant\u0131s\u0131n\u0131 destekler;<\/strong><\/p>\n<p align=\"start\"><img fetchpriority=\"high\" decoding=\"async\" class=\"alignnone wp-image-18360 size-full\" src=\"http:\/\/digitaltarget.com.tr\/wp-content\/uploads\/2024\/03\/Sb2725eb332474b5ba9bf40ac4c9be34bC.webp\" alt=\"\" width=\"1395\" height=\"1513\" srcset=\"https:\/\/digitaltarget.com.tr\/wp-content\/uploads\/2024\/03\/Sb2725eb332474b5ba9bf40ac4c9be34bC.webp 1395w, https:\/\/digitaltarget.com.tr\/wp-content\/uploads\/2024\/03\/Sb2725eb332474b5ba9bf40ac4c9be34bC-277x300.webp 277w, https:\/\/digitaltarget.com.tr\/wp-content\/uploads\/2024\/03\/Sb2725eb332474b5ba9bf40ac4c9be34bC-738x800.webp 738w, https:\/\/digitaltarget.com.tr\/wp-content\/uploads\/2024\/03\/Sb2725eb332474b5ba9bf40ac4c9be34bC-768x833.webp 768w, https:\/\/digitaltarget.com.tr\/wp-content\/uploads\/2024\/03\/Sb2725eb332474b5ba9bf40ac4c9be34bC-11x12.webp 11w, https:\/\/digitaltarget.com.tr\/wp-content\/uploads\/2024\/03\/Sb2725eb332474b5ba9bf40ac4c9be34bC-860x933.webp 860w, https:\/\/digitaltarget.com.tr\/wp-content\/uploads\/2024\/03\/Sb2725eb332474b5ba9bf40ac4c9be34bC-1320x1432.webp 1320w, https:\/\/digitaltarget.com.tr\/wp-content\/uploads\/2024\/03\/Sb2725eb332474b5ba9bf40ac4c9be34bC-430x466.webp 430w, https:\/\/digitaltarget.com.tr\/wp-content\/uploads\/2024\/03\/Sb2725eb332474b5ba9bf40ac4c9be34bC-700x759.webp 700w, https:\/\/digitaltarget.com.tr\/wp-content\/uploads\/2024\/03\/Sb2725eb332474b5ba9bf40ac4c9be34bC-150x163.webp 150w\" sizes=\"(max-width: 1395px) 100vw, 1395px\" \/><\/p>","protected":false},"excerpt":{"rendered":"<p>Ana \u00d6zellikler\uff1a 1. 1\/2,8 in\u00e7 8 milyon piksel siyah \u0131\u015f\u0131k CMOS sens\u00f6r\u00fc; 2. h.265+, h.265 ve H.264 kodlamas\u0131n\u0131 destekler; 3.<\/p>","protected":false},"featured_media":18359,"comment_status":"open","ping_status":"closed","template":"","meta":{"_monsterinsights_skip_tracking":false,"_monsterinsights_sitenote_active":false,"_monsterinsights_sitenote_note":"","_monsterinsights_sitenote_category":0},"product_cat":[308],"product_tag":[],"aioseo_notices":[],"jetpack_sharing_enabled":true,"_links":{"self":[{"href":"https:\/\/digitaltarget.com.tr\/ar\/wp-json\/wp\/v2\/product\/18358"}],"collection":[{"href":"https:\/\/digitaltarget.com.tr\/ar\/wp-json\/wp\/v2\/product"}],"about":[{"href":"https:\/\/digitaltarget.com.tr\/ar\/wp-json\/wp\/v2\/types\/product"}],"replies":[{"embeddable":true,"href":"https:\/\/digitaltarget.com.tr\/ar\/wp-json\/wp\/v2\/comments?post=18358"}],"version-history":[{"count":3,"href":"https:\/\/digitaltarget.com.tr\/ar\/wp-json\/wp\/v2\/product\/18358\/revisions"}],"predecessor-version":[{"id":19084,"href":"https:\/\/digitaltarget.com.tr\/ar\/wp-json\/wp\/v2\/product\/18358\/revisions\/19084"}],"wp:featuredmedia":[{"embeddable":true,"href":"https:\/\/digitaltarget.com.tr\/ar\/wp-json\/wp\/v2\/media\/18359"}],"wp:attachment":[{"href":"https:\/\/digitaltarget.com.tr\/ar\/wp-json\/wp\/v2\/media?parent=18358"}],"wp:term":[{"taxonomy":"product_cat","embeddable":true,"href":"https:\/\/digitaltarget.com.tr\/ar\/wp-json\/wp\/v2\/product_cat?post=18358"},{"taxonomy":"product_tag","embeddable":true,"href":"https:\/\/digitaltarget.com.tr\/ar\/wp-json\/wp\/v2\/product_tag?post=18358"}],"curies":[{"name":"wp","href":"https:\/\/api.w.org\/{rel}","templated":true}]}}