{"id":18362,"date":"2024-03-20T11:06:45","date_gmt":"2024-03-20T11:06:45","guid":{"rendered":"https:\/\/digitaltarget.com.tr\/?post_type=product&#038;p=18362"},"modified":"2024-08-01T13:02:20","modified_gmt":"2024-08-01T13:02:20","slug":"jinjiean-nano-b14-1200tvl-2-1mm-lens-1-3-cmos-hd-camera-fpv-ntsc-pal-switchable-for-fpv-rc-drone-quadcopter","status":"publish","type":"product","link":"https:\/\/digitaltarget.com.tr\/ar\/product\/jinjiean-nano-b14-1200tvl-2-1mm-lens-1-3-cmos-hd-camera-fpv-ntsc-pal-switchable-for-fpv-rc-drone-quadcopter\/","title":{"rendered":"JINJIEAN Nano B14 1200TVL 2.1mm Lens 1\/3 CMOS HD Kamera FPV NTSC\/PAL FPV RC Drone Quadcopter i\u00e7in De\u011fi\u015ftirilebilir"},"content":{"rendered":"<table cellspacing=\"0\">\n<tbody>\n<tr class=\"firstRow\">\n<td colspan=\"2\" width=\"568\"><strong>Nano<\/strong><strong>B14<\/strong><\/p>\n<div><\/div>\n<\/td>\n<\/tr>\n<tr>\n<td width=\"284\">Model<\/td>\n<td width=\"284\"><strong>Nano B14 FPV kameralar<\/strong><\/td>\n<\/tr>\n<tr>\n<td width=\"284\">G\u00f6r\u00fcnt\u00fc Sens\u00f6r\u00fc<\/td>\n<td width=\"284\">1\/3\uff07<strong>CMOS<\/strong><\/td>\n<\/tr>\n<tr>\n<td width=\"284\">Yatay \u00c7\u00f6z\u00fcn\u00fcrl\u00fck<\/td>\n<td width=\"284\"><strong>1200TVL<\/strong><\/td>\n<\/tr>\n<tr>\n<td width=\"284\">Lens<\/td>\n<td width=\"284\">2.1mm<\/td>\n<\/tr>\n<tr>\n<td width=\"284\">Sinyal Sistemi<\/td>\n<td width=\"284\">PAL\/NTSC (Manuel anahtar i\u00e7in dahili buton)<\/td>\n<\/tr>\n<tr>\n<td width=\"284\">S\/N Oran\u0131<\/td>\n<td width=\"284\">\uff1e60Db (AGC KAPALI)<\/td>\n<\/tr>\n<tr>\n<td width=\"284\">Elektronik Obt\u00fcrat\u00f6r H\u0131z\u0131<\/td>\n<td width=\"284\">PAL: 1\/50-100.000, NTSC: 1\/60-100.000<\/td>\n<\/tr>\n<tr>\n<td width=\"284\">Otomatik Kazan\u00e7 Kontrol\u00fc (AGC)<\/td>\n<td width=\"284\">D\u00dc\u015e\u00dcK\/ORTA\/Y\u00dcKSEK<\/td>\n<\/tr>\n<tr>\n<td width=\"284\">Arka I\u015f\u0131k Telafisi (BLC)<\/td>\n<td width=\"284\">EVET<\/td>\n<\/tr>\n<tr>\n<td width=\"284\">Min I\u015f\u0131kland\u0131rma<\/td>\n<td width=\"284\">0.001Lux\/1.2F<\/td>\n<\/tr>\n<tr>\n<td width=\"284\">WDR<\/td>\n<td width=\"284\">D-WDR<\/td>\n<\/tr>\n<tr>\n<td width=\"284\">DNR<\/td>\n<td width=\"284\">3DNR<\/td>\n<\/tr>\n<tr>\n<td width=\"284\">G\u00fcnd\u00fcz\/Gec\u0327e<\/td>\n<td width=\"284\">Otomatik\/Renk\/Siyah&amp;Beyaz<\/td>\n<\/tr>\n<tr>\n<td width=\"284\">G\u00fc\u00e7<\/td>\n<td width=\"284\"><strong>DC 3.3V-6V<\/strong><\/td>\n<\/tr>\n<tr>\n<td width=\"284\">Net A\u011f\u0131rl\u0131k<\/td>\n<td width=\"284\">3.5g<\/td>\n<\/tr>\n<tr>\n<td width=\"284\">Boyutlar<\/td>\n<td width=\"284\">14mm*14mm*17mm<\/td>\n<\/tr>\n<\/tbody>\n<\/table>","protected":false},"excerpt":{"rendered":"<p>NanoB14 Model Nano B14 FPV kameralar G\u00f6r\u00fcnt\u00fc Sens\u00f6r\u00fc 1\/3\uff07CMOS Yatay \u00c7\u00f6z\u00fcn\u00fcrl\u00fck 1200TVL Lens 2.1mm Sinyal Sistemi PAL\/NTSC (Manuel anahtar i\u00e7in<\/p>","protected":false},"featured_media":18363,"comment_status":"open","ping_status":"closed","template":"","meta":{"_monsterinsights_skip_tracking":false,"_monsterinsights_sitenote_active":false,"_monsterinsights_sitenote_note":"","_monsterinsights_sitenote_category":0},"product_cat":[308],"product_tag":[],"aioseo_notices":[],"jetpack_sharing_enabled":true,"_links":{"self":[{"href":"https:\/\/digitaltarget.com.tr\/ar\/wp-json\/wp\/v2\/product\/18362"}],"collection":[{"href":"https:\/\/digitaltarget.com.tr\/ar\/wp-json\/wp\/v2\/product"}],"about":[{"href":"https:\/\/digitaltarget.com.tr\/ar\/wp-json\/wp\/v2\/types\/product"}],"replies":[{"embeddable":true,"href":"https:\/\/digitaltarget.com.tr\/ar\/wp-json\/wp\/v2\/comments?post=18362"}],"version-history":[{"count":3,"href":"https:\/\/digitaltarget.com.tr\/ar\/wp-json\/wp\/v2\/product\/18362\/revisions"}],"predecessor-version":[{"id":19082,"href":"https:\/\/digitaltarget.com.tr\/ar\/wp-json\/wp\/v2\/product\/18362\/revisions\/19082"}],"wp:featuredmedia":[{"embeddable":true,"href":"https:\/\/digitaltarget.com.tr\/ar\/wp-json\/wp\/v2\/media\/18363"}],"wp:attachment":[{"href":"https:\/\/digitaltarget.com.tr\/ar\/wp-json\/wp\/v2\/media?parent=18362"}],"wp:term":[{"taxonomy":"product_cat","embeddable":true,"href":"https:\/\/digitaltarget.com.tr\/ar\/wp-json\/wp\/v2\/product_cat?post=18362"},{"taxonomy":"product_tag","embeddable":true,"href":"https:\/\/digitaltarget.com.tr\/ar\/wp-json\/wp\/v2\/product_tag?post=18362"}],"curies":[{"name":"wp","href":"https:\/\/api.w.org\/{rel}","templated":true}]}}