{"id":18368,"date":"2024-03-20T11:52:39","date_gmt":"2024-03-20T11:52:39","guid":{"rendered":"https:\/\/digitaltarget.com.tr\/?post_type=product&#038;p=18368"},"modified":"2025-02-25T08:49:44","modified_gmt":"2025-02-25T08:49:44","slug":"high-resolution-thermal-imager-256x192-oem-mini-series-cvbs-analog-interface-camera-module","status":"publish","type":"product","link":"https:\/\/digitaltarget.com.tr\/ar\/product\/high-resolution-thermal-imager-256x192-oem-mini-series-cvbs-analog-interface-camera-module\/","title":{"rendered":"Y\u00fcksek \u00c7\u00f6z\u00fcn\u00fcrl\u00fckl\u00fc Termal G\u00f6r\u00fcnt\u00fcleme Cihaz\u0131 256X192 OEM Mini Serisi CVBS Analog Aray\u00fcz Kamera Mod\u00fcl\u00fc"},"content":{"rendered":"<p><img fetchpriority=\"high\" decoding=\"async\" class=\"aligncenter wp-image-18877 size-full\" src=\"http:\/\/digitaltarget.com.tr\/wp-content\/uploads\/2024\/03\/S2b8e0fccb33940898f4be5f4204002c4x-1.jpg\" alt=\"\" width=\"780\" height=\"811\" srcset=\"https:\/\/digitaltarget.com.tr\/wp-content\/uploads\/2024\/03\/S2b8e0fccb33940898f4be5f4204002c4x-1.jpg 780w, https:\/\/digitaltarget.com.tr\/wp-content\/uploads\/2024\/03\/S2b8e0fccb33940898f4be5f4204002c4x-1-289x300.jpg 289w, https:\/\/digitaltarget.com.tr\/wp-content\/uploads\/2024\/03\/S2b8e0fccb33940898f4be5f4204002c4x-1-769x800.jpg 769w, https:\/\/digitaltarget.com.tr\/wp-content\/uploads\/2024\/03\/S2b8e0fccb33940898f4be5f4204002c4x-1-768x799.jpg 768w, https:\/\/digitaltarget.com.tr\/wp-content\/uploads\/2024\/03\/S2b8e0fccb33940898f4be5f4204002c4x-1-12x12.jpg 12w, https:\/\/digitaltarget.com.tr\/wp-content\/uploads\/2024\/03\/S2b8e0fccb33940898f4be5f4204002c4x-1-430x447.jpg 430w, https:\/\/digitaltarget.com.tr\/wp-content\/uploads\/2024\/03\/S2b8e0fccb33940898f4be5f4204002c4x-1-700x728.jpg 700w, https:\/\/digitaltarget.com.tr\/wp-content\/uploads\/2024\/03\/S2b8e0fccb33940898f4be5f4204002c4x-1-150x156.jpg 150w\" sizes=\"(max-width: 780px) 100vw, 780px\" \/><\/p>\n<p>&nbsp;<\/p>","protected":false},"excerpt":{"rendered":"<p>&nbsp;<\/p>","protected":false},"featured_media":18370,"comment_status":"open","ping_status":"closed","template":"","meta":{"_monsterinsights_skip_tracking":false,"_monsterinsights_sitenote_active":false,"_monsterinsights_sitenote_note":"","_monsterinsights_sitenote_category":0},"product_cat":[308],"product_tag":[],"aioseo_notices":[],"jetpack_sharing_enabled":true,"_links":{"self":[{"href":"https:\/\/digitaltarget.com.tr\/ar\/wp-json\/wp\/v2\/product\/18368"}],"collection":[{"href":"https:\/\/digitaltarget.com.tr\/ar\/wp-json\/wp\/v2\/product"}],"about":[{"href":"https:\/\/digitaltarget.com.tr\/ar\/wp-json\/wp\/v2\/types\/product"}],"replies":[{"embeddable":true,"href":"https:\/\/digitaltarget.com.tr\/ar\/wp-json\/wp\/v2\/comments?post=18368"}],"version-history":[{"count":3,"href":"https:\/\/digitaltarget.com.tr\/ar\/wp-json\/wp\/v2\/product\/18368\/revisions"}],"predecessor-version":[{"id":18878,"href":"https:\/\/digitaltarget.com.tr\/ar\/wp-json\/wp\/v2\/product\/18368\/revisions\/18878"}],"wp:featuredmedia":[{"embeddable":true,"href":"https:\/\/digitaltarget.com.tr\/ar\/wp-json\/wp\/v2\/media\/18370"}],"wp:attachment":[{"href":"https:\/\/digitaltarget.com.tr\/ar\/wp-json\/wp\/v2\/media?parent=18368"}],"wp:term":[{"taxonomy":"product_cat","embeddable":true,"href":"https:\/\/digitaltarget.com.tr\/ar\/wp-json\/wp\/v2\/product_cat?post=18368"},{"taxonomy":"product_tag","embeddable":true,"href":"https:\/\/digitaltarget.com.tr\/ar\/wp-json\/wp\/v2\/product_tag?post=18368"}],"curies":[{"name":"wp","href":"https:\/\/api.w.org\/{rel}","templated":true}]}}