{"id":18383,"date":"2024-03-20T12:37:24","date_gmt":"2024-03-20T12:37:24","guid":{"rendered":"https:\/\/digitaltarget.com.tr\/?post_type=product&#038;p=18383"},"modified":"2024-12-19T14:28:22","modified_gmt":"2024-12-19T14:28:22","slug":"ls-vision-8k-outdoor-10x-optical-zoom-surveillance-cctv-wifi-security-camera-audio-ptz-four-lenses-three-screens-network-camera","status":"publish","type":"product","link":"https:\/\/digitaltarget.com.tr\/ar\/product\/ls-vision-8k-outdoor-10x-optical-zoom-surveillance-cctv-wifi-security-camera-audio-ptz-four-lenses-three-screens-network-camera\/","title":{"rendered":"LS VISION 8K D\u0131\u015f Mekan 10X Optik Zoom G\u00f6zetleme Cctv WIFI G\u00fcvenlik Kameras\u0131 Ses Ptz D\u00f6rt lens \u00fc\u00e7 ekran a\u011f kameras\u0131"},"content":{"rendered":"<div class=\"attribute-item\">\n<div class=\"left\" data-spm-anchor-id=\"a2700.details.0.i77.65ae54b8dUiEeq\">\u00d6zel \u00d6zellikler<\/div>\n<div class=\"right\">\n<p>\u0130nsan Hareket Takibi, GECE G\u00d6R\u00dc\u015e\u00dc, Hareket Alg\u0131lama, Suya Dayan\u0131kl\u0131 \/ Hava Ko\u015fullar\u0131na Dayan\u0131kl\u0131, Dahili Siren, PAN-TILT, \u0130ki Y\u00f6nl\u00fc Ses, D\u00fc\u015f\u00fck G\u00fc\u00e7<\/p>\n<\/div>\n<\/div>\n<div class=\"attribute-item\">\n<div class=\"left\">Fonksiyon<\/div>\n<div class=\"right\">\n<p>\u0130ki Y\u00f6nl\u00fc Ses, PAN-TILT, Alarm I\/O, RESET, Dahili Mikrofon, GECE G\u00d6R\u00dc\u015e\u00dc, Suya Dayan\u0131kl\u0131 \/ Hava Ko\u015fullar\u0131na Dayan\u0131kl\u0131, Geni\u015f A\u00e7\u0131, Dahili Siren, Vandalizme Dayan\u0131kl\u0131<\/p>\n<\/div>\n<\/div>\n<div class=\"attribute-item\">\n<div class=\"left\">\u00d6zelle\u015ftirilmi\u015f Destek<\/div>\n<div class=\"right\">Online teknik destek, \u00d6zelle\u015ftirilmi\u015f logo, OEM, ODM<\/div>\n<div>\n<div class=\"attribute-list\">\n<div class=\"attribute-item\">\n<div class=\"left\" data-spm-anchor-id=\"a2700.details.0.i79.65ae54b8dUiEeq\">\u0627\u0644\u0645\u0633\u062a\u0634\u0639\u0631\u0627\u062a<\/div>\n<div class=\"right\">\n<p>CMOS<\/p>\n<\/div>\n<\/div>\n<div class=\"attribute-item\">\n<div class=\"left\">Stil<\/div>\n<div class=\"right\">\n<p>Kubbeli Kamera, Projekt\u00f6r Kamera, PTZ kamera<\/p>\n<\/div>\n<\/div>\n<div class=\"attribute-item\">\n<div class=\"left\">Video S\u0131k\u0131\u015ft\u0131rma Format\u0131<\/div>\n<div class=\"right\">\n<p>H.265<\/p>\n<\/div>\n<\/div>\n<div class=\"attribute-item\">\n<div class=\"left\">Veri Depolama Se\u00e7enekleri<\/div>\n<div class=\"right\">\n<p>Bulut, Mikro SD kart, Full HD, Haf\u0131za Kart\u0131, SD Kart<\/p>\n<\/div>\n<\/div>\n<div class=\"attribute-item\">\n<div class=\"left\">Uygulama<\/div>\n<div class=\"right\">\n<p>Kapal\u0131 Alan, A\u00e7\u0131k Alan<\/p>\n<\/div>\n<\/div>\n<div class=\"attribute-item\">\n<div class=\"left\">Men\u015fei<\/div>\n<div class=\"right\">\n<p>Guangdong, \u00c7in<\/p>\n<\/div>\n<\/div>\n<div class=\"attribute-item\">\n<div class=\"left\">Marka Ad\u0131<\/div>\n<div class=\"right\">\n<p>LS VISION<\/p>\n<\/div>\n<\/div>\n<div class=\"attribute-item\">\n<div class=\"right\"><\/div>\n<\/div>\n<div class=\"attribute-item\">\n<div class=\"left\">Video s\u0131k\u0131\u015ft\u0131rma<\/div>\n<div class=\"right\">\n<p>H.265\/MJPEGI<\/p>\n<\/div>\n<\/div>\n<div class=\"attribute-item\">\n<div class=\"left\">Medya \u0130\u015flemcisi<\/div>\n<div class=\"right\">\n<p>Ingenic T31Z<\/p>\n<\/div>\n<\/div>\n<div class=\"attribute-item\">\n<div class=\"left\">\u00c7\u00f6z\u00fcn\u00fcrl\u00fck<\/div>\n<div class=\"right\">\n<p>8K \u00c7ift HD CMOS Sens\u00f6rler<\/p>\n<\/div>\n<\/div>\n<div class=\"attribute-item\">\n<div class=\"left\">Alarm Tetikleyici<\/div>\n<div class=\"right\">\n<p>\u0130nsan hareket alarm\u0131<\/p>\n<\/div>\n<\/div>\n<div class=\"attribute-item\">\n<div class=\"left\">A\u011f<\/div>\n<div class=\"right\">\n<p>2.4G WIFI + \u0130nternet eri\u015fimi i\u00e7in RJ45 a\u011f portu<\/p>\n<\/div>\n<\/div>\n<div class=\"attribute-item\">\n<div class=\"left\">Ses<\/div>\n<div class=\"right\">\n<p>\u0130ki y\u00f6nl\u00fc sesli interkom<\/p>\n<\/div>\n<\/div>\n<div class=\"attribute-item\">\n<div class=\"left\">Lens<\/div>\n<div class=\"right\">\n<p>6mm lens 10x optik zoom opsiyonel<\/p>\n<\/div>\n<\/div>\n<div class=\"attribute-item\">\n<div class=\"left\">Depolama<\/div>\n<div class=\"right\">\n<p>Maks 128g TF haf\u0131za kart\u0131<\/p>\n<\/div>\n<\/div>\n<div class=\"attribute-item\">\n<div class=\"left\">Mobil uygulama<\/div>\n<div class=\"right\">\n<p>IPC 360home<\/p>\n<\/div>\n<\/div>\n<div class=\"attribute-item\">\n<div class=\"left\">IR LED:<\/div>\n<div class=\"right\">\n<p>dahili k\u0131z\u0131l\u00f6tesi \u0131\u015f\u0131k + beyaz \u0131\u015f\u0131k<\/p>\n<\/div>\n<\/div>\n<\/div>\n<\/div>\n<\/div>","protected":false},"excerpt":{"rendered":"<p>\u00d6zel \u00d6zellikler \u0130nsan Hareket Takibi, GECE G\u00d6R\u00dc\u015e\u00dc, Hareket Alg\u0131lama, Suya Dayan\u0131kl\u0131 \/ Hava Ko\u015fullar\u0131na Dayan\u0131kl\u0131, Dahili Siren, PAN-TILT, \u0130ki Y\u00f6nl\u00fc<\/p>","protected":false},"featured_media":18387,"comment_status":"open","ping_status":"closed","template":"","meta":{"_monsterinsights_skip_tracking":false,"_monsterinsights_sitenote_active":false,"_monsterinsights_sitenote_note":"","_monsterinsights_sitenote_category":0},"product_cat":[450,308],"product_tag":[],"aioseo_notices":[],"jetpack_sharing_enabled":true,"_links":{"self":[{"href":"https:\/\/digitaltarget.com.tr\/ar\/wp-json\/wp\/v2\/product\/18383"}],"collection":[{"href":"https:\/\/digitaltarget.com.tr\/ar\/wp-json\/wp\/v2\/product"}],"about":[{"href":"https:\/\/digitaltarget.com.tr\/ar\/wp-json\/wp\/v2\/types\/product"}],"replies":[{"embeddable":true,"href":"https:\/\/digitaltarget.com.tr\/ar\/wp-json\/wp\/v2\/comments?post=18383"}],"version-history":[{"count":4,"href":"https:\/\/digitaltarget.com.tr\/ar\/wp-json\/wp\/v2\/product\/18383\/revisions"}],"predecessor-version":[{"id":18872,"href":"https:\/\/digitaltarget.com.tr\/ar\/wp-json\/wp\/v2\/product\/18383\/revisions\/18872"}],"wp:featuredmedia":[{"embeddable":true,"href":"https:\/\/digitaltarget.com.tr\/ar\/wp-json\/wp\/v2\/media\/18387"}],"wp:attachment":[{"href":"https:\/\/digitaltarget.com.tr\/ar\/wp-json\/wp\/v2\/media?parent=18383"}],"wp:term":[{"taxonomy":"product_cat","embeddable":true,"href":"https:\/\/digitaltarget.com.tr\/ar\/wp-json\/wp\/v2\/product_cat?post=18383"},{"taxonomy":"product_tag","embeddable":true,"href":"https:\/\/digitaltarget.com.tr\/ar\/wp-json\/wp\/v2\/product_tag?post=18383"}],"curies":[{"name":"wp","href":"https:\/\/api.w.org\/{rel}","templated":true}]}}