{"id":18404,"date":"2024-03-20T13:21:06","date_gmt":"2024-03-20T13:21:06","guid":{"rendered":"https:\/\/digitaltarget.com.tr\/?post_type=product&#038;p=18404"},"modified":"2025-01-06T09:04:31","modified_gmt":"2025-01-06T09:04:31","slug":"readytosky-2806-5-1300kv-brushless-motor-3-6s","status":"publish","type":"product","link":"https:\/\/digitaltarget.com.tr\/ar\/product\/readytosky-2806-5-1300kv-brushless-motor-3-6s\/","title":{"rendered":"Readytosky 2806.5 1300KV F\u0131r\u00e7as\u0131z Motor 3-6S"},"content":{"rendered":"<table border=\"1\" cellspacing=\"1\" cellpadding=\"1\">\n<thead>\n<tr>\n<th>\u00d6zellikler<\/th>\n<th>RCD2807<\/th>\n<\/tr>\n<\/thead>\n<tbody>\n<tr>\n<td>Stator \u00c7ap\u0131<\/td>\n<td>23<\/td>\n<\/tr>\n<tr>\n<td>Stator Kal\u0131nl\u0131\u011f\u0131<\/td>\n<td>7<\/td>\n<\/tr>\n<tr>\n<td>Stator Kollar\u0131n\u0131n Say\u0131s\u0131<\/td>\n<td>12<\/td>\n<\/tr>\n<tr>\n<td>Stator Kutup Say\u0131s\u0131<\/td>\n<td>14<\/td>\n<\/tr>\n<tr>\n<td>Motor KV<\/td>\n<td>1300KV<\/td>\n<\/tr>\n<tr>\n<td>Y\u00fcks\u00fcz Ak\u0131m (10V)<\/td>\n<td>1A Max<\/td>\n<\/tr>\n<tr>\n<td>Motor Direnci<\/td>\n<td>0.15 \u03a9 (Ref)<\/td>\n<\/tr>\n<tr>\n<td>Maksimum S\u00fcrekli Ak\u0131m (30S)<\/td>\n<td>45A<\/td>\n<\/tr>\n<tr>\n<td>Maksimum S\u00fcrekli G\u00fc\u00e7 (30S)<\/td>\n<td>1150W<\/td>\n<\/tr>\n<tr>\n<td>A\u011f\u0131rl\u0131k<\/td>\n<td>53g<\/td>\n<\/tr>\n<tr>\n<td>D\u0131\u015f \u00c7ap<\/td>\n<td>34.5mm<\/td>\n<\/tr>\n<tr>\n<td>G\u00f6vde Uzunlu\u011fu<\/td>\n<td>20mm<\/td>\n<\/tr>\n<tr>\n<td>Maksimum Lipo H\u00fccresi<\/td>\n<td>3-6S<\/td>\n<\/tr>\n<\/tbody>\n<\/table>\n<p>&nbsp;<\/p>","protected":false},"excerpt":{"rendered":"<p>\u00d6zellikler RCD2807 Stator \u00c7ap\u0131 23 Stator Kal\u0131nl\u0131\u011f\u0131 7 Stator Kollar\u0131n\u0131n Say\u0131s\u0131 12 Stator Kutup Say\u0131s\u0131 14 Motor KV 1300KV Y\u00fcks\u00fcz<\/p>","protected":false},"featured_media":18406,"comment_status":"open","ping_status":"closed","template":"","meta":{"_monsterinsights_skip_tracking":false,"_monsterinsights_sitenote_active":false,"_monsterinsights_sitenote_note":"","_monsterinsights_sitenote_category":0},"product_cat":[383,357],"product_tag":[],"aioseo_notices":[],"jetpack_sharing_enabled":true,"_links":{"self":[{"href":"https:\/\/digitaltarget.com.tr\/ar\/wp-json\/wp\/v2\/product\/18404"}],"collection":[{"href":"https:\/\/digitaltarget.com.tr\/ar\/wp-json\/wp\/v2\/product"}],"about":[{"href":"https:\/\/digitaltarget.com.tr\/ar\/wp-json\/wp\/v2\/types\/product"}],"replies":[{"embeddable":true,"href":"https:\/\/digitaltarget.com.tr\/ar\/wp-json\/wp\/v2\/comments?post=18404"}],"version-history":[{"count":3,"href":"https:\/\/digitaltarget.com.tr\/ar\/wp-json\/wp\/v2\/product\/18404\/revisions"}],"predecessor-version":[{"id":18867,"href":"https:\/\/digitaltarget.com.tr\/ar\/wp-json\/wp\/v2\/product\/18404\/revisions\/18867"}],"wp:featuredmedia":[{"embeddable":true,"href":"https:\/\/digitaltarget.com.tr\/ar\/wp-json\/wp\/v2\/media\/18406"}],"wp:attachment":[{"href":"https:\/\/digitaltarget.com.tr\/ar\/wp-json\/wp\/v2\/media?parent=18404"}],"wp:term":[{"taxonomy":"product_cat","embeddable":true,"href":"https:\/\/digitaltarget.com.tr\/ar\/wp-json\/wp\/v2\/product_cat?post=18404"},{"taxonomy":"product_tag","embeddable":true,"href":"https:\/\/digitaltarget.com.tr\/ar\/wp-json\/wp\/v2\/product_tag?post=18404"}],"curies":[{"name":"wp","href":"https:\/\/api.w.org\/{rel}","templated":true}]}}