{"id":18411,"date":"2024-03-20T13:30:24","date_gmt":"2024-03-20T13:30:24","guid":{"rendered":"https:\/\/digitaltarget.com.tr\/?post_type=product&#038;p=18411"},"modified":"2025-07-22T13:36:23","modified_gmt":"2025-07-22T13:36:23","slug":"diatone-mamba-toka-2808-1100kv-4-6s-brushless-motor","status":"publish","type":"product","link":"https:\/\/digitaltarget.com.tr\/ar\/product\/diatone-mamba-toka-2808-1100kv-4-6s-brushless-motor\/","title":{"rendered":"Diatone MAMBA TOKA 2808 1100KV 4-6S F\u0131r\u00e7as\u0131z Motor"},"content":{"rendered":"<p>TOKA 2808 1100KV Motor<\/p>\n<p>Renk: Ye\u015fil<\/p>\n<p>Genel Boyut: \u03a635.1\u00d740.3mm<\/p>\n<p>pervane montaj mili \u00e7ap\u0131: 5mm<\/p>\n<p>Montaj deli\u011fi konumu: 16\u00d716mm, M3<\/p>\n<p>Pervane: 7 in\u00e7<\/p>\n<p>Alt Yatak:13*6*5<\/p>\n<p>\u00dcst Yatak:10*6*4<\/p>\n<p>yuvalar\/kutuplar:12N14P<\/p>\n<p>Mil \u00c7ap\u0131: 6.0mm<\/p>\n<p>M\u0131knat\u0131s Teli: 240 \u2103 Emaye Tel<\/p>\n<p>Stator \u00c7ap\u0131:28mm<\/p>\n<p>Stator Y\u00fcksekli\u011fi: 8mm<\/p>\n<p>Nominal Gerilim: 4 ~ 6S (16,8V ~ 25,2V)<\/p>\n<p>Tepe Ak\u0131m\u0131:38.7A<\/p>\n<p>Pota Ak\u0131m\u0131: 1,2A<\/p>\n<p>Maksimum G\u00fc\u00e7: 862,5W<\/p>\n<p>\u0130\u00e7 Diren\u00e7: 68m\u03a9<\/p>","protected":false},"excerpt":{"rendered":"<p>TOKA 2808 1100KV Motor Renk: Ye\u015fil Genel Boyut: \u03a635.1\u00d740.3mm pervane montaj mili \u00e7ap\u0131: 5mm Montaj deli\u011fi konumu: 16\u00d716mm, M3 Pervane:<\/p>","protected":false},"featured_media":18415,"comment_status":"open","ping_status":"closed","template":"","meta":{"_monsterinsights_skip_tracking":false,"_monsterinsights_sitenote_active":false,"_monsterinsights_sitenote_note":"","_monsterinsights_sitenote_category":0},"product_cat":[383],"product_tag":[],"aioseo_notices":[],"jetpack_sharing_enabled":true,"_links":{"self":[{"href":"https:\/\/digitaltarget.com.tr\/ar\/wp-json\/wp\/v2\/product\/18411"}],"collection":[{"href":"https:\/\/digitaltarget.com.tr\/ar\/wp-json\/wp\/v2\/product"}],"about":[{"href":"https:\/\/digitaltarget.com.tr\/ar\/wp-json\/wp\/v2\/types\/product"}],"replies":[{"embeddable":true,"href":"https:\/\/digitaltarget.com.tr\/ar\/wp-json\/wp\/v2\/comments?post=18411"}],"version-history":[{"count":3,"href":"https:\/\/digitaltarget.com.tr\/ar\/wp-json\/wp\/v2\/product\/18411\/revisions"}],"predecessor-version":[{"id":18865,"href":"https:\/\/digitaltarget.com.tr\/ar\/wp-json\/wp\/v2\/product\/18411\/revisions\/18865"}],"wp:featuredmedia":[{"embeddable":true,"href":"https:\/\/digitaltarget.com.tr\/ar\/wp-json\/wp\/v2\/media\/18415"}],"wp:attachment":[{"href":"https:\/\/digitaltarget.com.tr\/ar\/wp-json\/wp\/v2\/media?parent=18411"}],"wp:term":[{"taxonomy":"product_cat","embeddable":true,"href":"https:\/\/digitaltarget.com.tr\/ar\/wp-json\/wp\/v2\/product_cat?post=18411"},{"taxonomy":"product_tag","embeddable":true,"href":"https:\/\/digitaltarget.com.tr\/ar\/wp-json\/wp\/v2\/product_tag?post=18411"}],"curies":[{"name":"wp","href":"https:\/\/api.w.org\/{rel}","templated":true}]}}