{"id":18418,"date":"2024-03-20T13:47:20","date_gmt":"2024-03-20T13:47:20","guid":{"rendered":"https:\/\/digitaltarget.com.tr\/?post_type=product&#038;p=18418"},"modified":"2024-08-01T12:59:56","modified_gmt":"2024-08-01T12:59:56","slug":"ac180-rtl8812au-high-power-network-card-2w","status":"publish","type":"product","link":"https:\/\/digitaltarget.com.tr\/ar\/product\/ac180-rtl8812au-high-power-network-card-2w\/","title":{"rendered":"AC180 RTL8812AU Y\u00fcksek G\u00fc\u00e7l\u00fc A\u011f Kart\u0131 2W"},"content":{"rendered":"","protected":false},"excerpt":{"rendered":"","protected":false},"featured_media":18419,"comment_status":"open","ping_status":"closed","template":"","meta":{"_monsterinsights_skip_tracking":false,"_monsterinsights_sitenote_active":false,"_monsterinsights_sitenote_note":"","_monsterinsights_sitenote_category":0},"product_cat":[383],"product_tag":[],"aioseo_notices":[],"jetpack_sharing_enabled":true,"_links":{"self":[{"href":"https:\/\/digitaltarget.com.tr\/ar\/wp-json\/wp\/v2\/product\/18418"}],"collection":[{"href":"https:\/\/digitaltarget.com.tr\/ar\/wp-json\/wp\/v2\/product"}],"about":[{"href":"https:\/\/digitaltarget.com.tr\/ar\/wp-json\/wp\/v2\/types\/product"}],"replies":[{"embeddable":true,"href":"https:\/\/digitaltarget.com.tr\/ar\/wp-json\/wp\/v2\/comments?post=18418"}],"version-history":[{"count":3,"href":"https:\/\/digitaltarget.com.tr\/ar\/wp-json\/wp\/v2\/product\/18418\/revisions"}],"predecessor-version":[{"id":19080,"href":"https:\/\/digitaltarget.com.tr\/ar\/wp-json\/wp\/v2\/product\/18418\/revisions\/19080"}],"wp:featuredmedia":[{"embeddable":true,"href":"https:\/\/digitaltarget.com.tr\/ar\/wp-json\/wp\/v2\/media\/18419"}],"wp:attachment":[{"href":"https:\/\/digitaltarget.com.tr\/ar\/wp-json\/wp\/v2\/media?parent=18418"}],"wp:term":[{"taxonomy":"product_cat","embeddable":true,"href":"https:\/\/digitaltarget.com.tr\/ar\/wp-json\/wp\/v2\/product_cat?post=18418"},{"taxonomy":"product_tag","embeddable":true,"href":"https:\/\/digitaltarget.com.tr\/ar\/wp-json\/wp\/v2\/product_tag?post=18418"}],"curies":[{"name":"wp","href":"https:\/\/api.w.org\/{rel}","templated":true}]}}