{"id":18434,"date":"2024-03-27T00:22:58","date_gmt":"2024-03-27T00:22:58","guid":{"rendered":"https:\/\/digitaltarget.com.tr\/?post_type=product&#038;p=18434"},"modified":"2024-08-01T12:56:41","modified_gmt":"2024-08-01T12:56:41","slug":"wifi-range-extender-signal-booster-5-8ghz-4w-pcba","status":"publish","type":"product","link":"https:\/\/digitaltarget.com.tr\/ar\/product\/wifi-range-extender-signal-booster-5-8ghz-4w-pcba\/","title":{"rendered":"Wifi Menzil Geni\u015fletici Sinyal G\u00fc\u00e7lendirici 5.8GHz 4W PCBA"},"content":{"rendered":"<div class=\"detailmodule_html\">\n<div class=\"detail-desc-decorate-richtext\">\n<ul>\n<li>\n<p data-spm-anchor-id=\"a2g0o.detail.1000023.i0.a354g8L8g8L8x9\"><strong><span id=\"tl_11\">Frekans Aral\u0131\u011f\u0131: 5,725~5,85GHz<\/span><\/strong><\/p>\n<\/li>\n<li><strong><span id=\"tl_12\">\u00c7al\u0131\u015fma Voltaj\u0131: 6~16V<\/span><\/strong><\/li>\n<li><strong><span id=\"tl_13\">Alma Kazanc\u0131: 17dB\u00b11<\/span><\/strong><\/li>\n<li><strong><span id=\"tl_14\">\u0130letim Kazanc\u0131: 18dB \u00b11<\/span><\/strong><\/li>\n<li><strong><span id=\"tl_15\">Giri\u015f Tetik G\u00fcc\u00fc: Min:3dBm\u00a0 Maks:20dBm<\/span><\/strong><\/li>\n<li><strong><span id=\"tl_16\">Maksimum \u00c7\u0131k\u0131\u015f G\u00fcc\u00fc (P1dB): 36dBm(4W)<\/span><\/strong><\/li>\n<li><strong><span id=\"tl_17\">EVM: 3%@28dBm 802.11 54Mbps OFDM 64QAM BW 20MHz<\/span><\/strong><\/li>\n<li><strong><span id=\"tl_18\">DC Besleme Ak\u0131m\u0131: 435mA@Pout 28dBm 9V<\/span><\/strong><\/li>\n<\/ul>\n<\/div>\n<\/div>","protected":false},"excerpt":{"rendered":"<p>Frekans Aral\u0131\u011f\u0131: 5,725~5,85GHz \u00c7al\u0131\u015fma Voltaj\u0131: 6~16V Alma Kazanc\u0131: 17dB\u00b11 \u0130letim Kazanc\u0131: 18dB \u00b11 Giri\u015f Tetik G\u00fcc\u00fc: Min:3dBm\u00a0 Maks:20dBm Maksimum \u00c7\u0131k\u0131\u015f<\/p>","protected":false},"featured_media":18437,"comment_status":"open","ping_status":"closed","template":"","meta":{"_monsterinsights_skip_tracking":false,"_monsterinsights_sitenote_active":false,"_monsterinsights_sitenote_note":"","_monsterinsights_sitenote_category":0},"product_cat":[448],"product_tag":[],"aioseo_notices":[],"jetpack_sharing_enabled":true,"_links":{"self":[{"href":"https:\/\/digitaltarget.com.tr\/ar\/wp-json\/wp\/v2\/product\/18434"}],"collection":[{"href":"https:\/\/digitaltarget.com.tr\/ar\/wp-json\/wp\/v2\/product"}],"about":[{"href":"https:\/\/digitaltarget.com.tr\/ar\/wp-json\/wp\/v2\/types\/product"}],"replies":[{"embeddable":true,"href":"https:\/\/digitaltarget.com.tr\/ar\/wp-json\/wp\/v2\/comments?post=18434"}],"version-history":[{"count":2,"href":"https:\/\/digitaltarget.com.tr\/ar\/wp-json\/wp\/v2\/product\/18434\/revisions"}],"predecessor-version":[{"id":19075,"href":"https:\/\/digitaltarget.com.tr\/ar\/wp-json\/wp\/v2\/product\/18434\/revisions\/19075"}],"wp:featuredmedia":[{"embeddable":true,"href":"https:\/\/digitaltarget.com.tr\/ar\/wp-json\/wp\/v2\/media\/18437"}],"wp:attachment":[{"href":"https:\/\/digitaltarget.com.tr\/ar\/wp-json\/wp\/v2\/media?parent=18434"}],"wp:term":[{"taxonomy":"product_cat","embeddable":true,"href":"https:\/\/digitaltarget.com.tr\/ar\/wp-json\/wp\/v2\/product_cat?post=18434"},{"taxonomy":"product_tag","embeddable":true,"href":"https:\/\/digitaltarget.com.tr\/ar\/wp-json\/wp\/v2\/product_tag?post=18434"}],"curies":[{"name":"wp","href":"https:\/\/api.w.org\/{rel}","templated":true}]}}