{"id":18439,"date":"2024-03-27T01:23:15","date_gmt":"2024-03-27T01:23:15","guid":{"rendered":"https:\/\/digitaltarget.com.tr\/?post_type=product&#038;p=18439"},"modified":"2024-08-01T12:55:38","modified_gmt":"2024-08-01T12:55:38","slug":"wifi-range-extender-signal-booster-2-4g-5-8g-4-watt-pcba","status":"publish","type":"product","link":"https:\/\/digitaltarget.com.tr\/ar\/product\/wifi-range-extender-signal-booster-2-4g-5-8g-4-watt-pcba\/","title":{"rendered":"Wifi Menzil Geni\u015fletici Sinyal G\u00fc\u00e7lendirici 2.4G 5.8G 4 Watt PCBA"},"content":{"rendered":"<table>\n<tbody>\n<tr>\n<td width=\"146\"><strong>Numara<\/strong><\/td>\n<td width=\"359\"><strong>\u0627\u0644\u0645\u0646\u062a\u062c\u0627\u062a<\/strong><\/td>\n<td colspan=\"2\" width=\"756\"><strong>\u00d6zellikler<\/strong><\/td>\n<\/tr>\n<tr>\n<td width=\"146\">1<\/td>\n<td width=\"359\">Frekans Aral\u0131\u011f\u0131<\/td>\n<td width=\"387\">2400-2500MHz<\/td>\n<td width=\"368\">5725-5850MHz<\/td>\n<\/tr>\n<tr>\n<td width=\"146\">2<\/td>\n<td width=\"359\">\u00c7al\u0131\u015fma Voltaj\u0131<\/td>\n<td colspan=\"2\" width=\"756\">5-16V<\/td>\n<\/tr>\n<tr>\n<td width=\"146\">3<\/td>\n<td width=\"359\">Alma Kazanc\u0131<\/td>\n<td width=\"387\">17dB\u00b11<\/td>\n<td width=\"368\">15dB\u00b11<\/td>\n<\/tr>\n<tr>\n<td width=\"146\">4<\/td>\n<td width=\"359\">\u0130letim Kazanc\u0131:<\/td>\n<td width=\"387\">18dB\u00b11<\/td>\n<td width=\"368\">18dB\u00b11<\/td>\n<\/tr>\n<tr>\n<td width=\"146\">5<\/td>\n<td width=\"359\">Maksimum \u00c7\u0131k\u0131\u015f G\u00fc\u00e7 (P1dB)<\/td>\n<td width=\"387\"><a href=\"mailto:1.5A@12v\">36dBm(4W)<\/a><\/td>\n<td width=\"368\"><a href=\"mailto:1.5A@12v\">36dBm(4W)<\/a><\/td>\n<\/tr>\n<tr>\n<td width=\"146\">6<\/td>\n<td width=\"359\">Giri\u015f Tetik G\u00fcc\u00fc<\/td>\n<td width=\"387\">Min:5dBm Maks:23dBm<\/td>\n<td width=\"368\">Min:5dBm Maks:23dBm<\/td>\n<\/tr>\n<tr>\n<td width=\"146\">7<\/td>\n<td width=\"359\">EVM<\/td>\n<td width=\"387\">3%@27dBm 802.11g 54Mbps OFDM 64QAM BW 20MHz<\/td>\n<td width=\"368\">3%@27dBm 802.11a54Mbps OFDM 64QAM BW 20MHz<\/td>\n<\/tr>\n<tr>\n<td width=\"146\">8<\/td>\n<td width=\"359\">G\u00fcr\u00fclt\u00fc Rakam\u0131<\/td>\n<td width=\"387\">\uff1c3,0dB<\/td>\n<td width=\"368\">\uff1c4,0dB<\/td>\n<\/tr>\n<tr>\n<td width=\"146\">9<\/td>\n<td width=\"359\">Ak\u0131m Kayna\u011f\u0131<\/td>\n<td width=\"387\">680mA@Pout 27dBm 12V<\/td>\n<td width=\"368\">550mA@Pout 27dBm 12V<\/td>\n<\/tr>\n<tr>\n<td width=\"146\">10<\/td>\n<td width=\"359\">TX\/RX Anahtar Zaman Gecikmesi<\/td>\n<td colspan=\"2\" width=\"756\">\uff1c1 us<\/td>\n<\/tr>\n<tr>\n<td width=\"146\">11<\/td>\n<td width=\"359\">LED G\u00f6stergesi<\/td>\n<td colspan=\"2\" width=\"756\">Verici: K\u0131rm\u0131z\u0131; Al\u0131c\u0131: Ye\u015fil<\/td>\n<\/tr>\n<tr>\n<td width=\"146\">12<\/td>\n<td width=\"359\">\u00c7al\u0131\u015fma S\u0131cakl\u0131\u011f\u0131<\/td>\n<td colspan=\"2\" width=\"756\">-30\u2103\uff5e+70\u2103<\/td>\n<\/tr>\n<tr>\n<td width=\"146\">13<\/td>\n<td width=\"359\">Depolama S\u0131cakl\u0131\u011f\u0131<\/td>\n<td colspan=\"2\" width=\"756\">-40\u2103\uff5e+150\u2103<\/td>\n<\/tr>\n<tr>\n<td width=\"146\">14<\/td>\n<td width=\"359\">\u00c7al\u0131\u015fma Nemi<\/td>\n<td colspan=\"2\" width=\"756\">%95&#8217;e kadar ba\u011f\u0131l nem<\/td>\n<\/tr>\n<tr>\n<td width=\"146\">15<\/td>\n<td width=\"359\">RF\u00a0Ba\u011flay\u0131c\u0131s\u0131<\/td>\n<td colspan=\"2\" width=\"756\">Giri\u015f: SMA-Di\u015fi; \u00c7\u0131k\u0131\u015f:\u00a0RP-SMA-Di\u015fi<\/td>\n<\/tr>\n<tr>\n<td width=\"146\">16<\/td>\n<td width=\"359\">G\u00fc\u00e7 Soketi<\/td>\n<td colspan=\"2\" width=\"756\">2,5*0,7 mm<\/td>\n<\/tr>\n<tr>\n<td width=\"146\">17<\/td>\n<td width=\"359\">Kabuk Boyutu<\/td>\n<td colspan=\"2\" width=\"756\">57*53*5(mm)<\/td>\n<\/tr>\n<tr>\n<td width=\"146\">18<\/td>\n<td width=\"359\">Kabuk Malzemesi<\/td>\n<td colspan=\"2\" width=\"756\">Al\u00fcminyum<\/td>\n<\/tr>\n<tr>\n<td>19<\/td>\n<td>Net A\u011f\u0131rl\u0131k<\/td>\n<td colspan=\"2\">0,1 Kg<\/td>\n<\/tr>\n<\/tbody>\n<\/table>","protected":false},"excerpt":{"rendered":"<p>Numara \u00dcr\u00fcnler \u00d6zellikler 1 Frekans Aral\u0131\u011f\u0131 2400-2500MHz 5725-5850MHz 2 \u00c7al\u0131\u015fma Voltaj\u0131 5-16V 3 Alma Kazanc\u0131 17dB\u00b11 15dB\u00b11 4 \u0130letim Kazanc\u0131:<\/p>","protected":false},"featured_media":18440,"comment_status":"open","ping_status":"closed","template":"","meta":{"_monsterinsights_skip_tracking":false,"_monsterinsights_sitenote_active":false,"_monsterinsights_sitenote_note":"","_monsterinsights_sitenote_category":0},"product_cat":[448],"product_tag":[],"aioseo_notices":[],"jetpack_sharing_enabled":true,"_links":{"self":[{"href":"https:\/\/digitaltarget.com.tr\/ar\/wp-json\/wp\/v2\/product\/18439"}],"collection":[{"href":"https:\/\/digitaltarget.com.tr\/ar\/wp-json\/wp\/v2\/product"}],"about":[{"href":"https:\/\/digitaltarget.com.tr\/ar\/wp-json\/wp\/v2\/types\/product"}],"replies":[{"embeddable":true,"href":"https:\/\/digitaltarget.com.tr\/ar\/wp-json\/wp\/v2\/comments?post=18439"}],"version-history":[{"count":2,"href":"https:\/\/digitaltarget.com.tr\/ar\/wp-json\/wp\/v2\/product\/18439\/revisions"}],"predecessor-version":[{"id":19074,"href":"https:\/\/digitaltarget.com.tr\/ar\/wp-json\/wp\/v2\/product\/18439\/revisions\/19074"}],"wp:featuredmedia":[{"embeddable":true,"href":"https:\/\/digitaltarget.com.tr\/ar\/wp-json\/wp\/v2\/media\/18440"}],"wp:attachment":[{"href":"https:\/\/digitaltarget.com.tr\/ar\/wp-json\/wp\/v2\/media?parent=18439"}],"wp:term":[{"taxonomy":"product_cat","embeddable":true,"href":"https:\/\/digitaltarget.com.tr\/ar\/wp-json\/wp\/v2\/product_cat?post=18439"},{"taxonomy":"product_tag","embeddable":true,"href":"https:\/\/digitaltarget.com.tr\/ar\/wp-json\/wp\/v2\/product_tag?post=18439"}],"curies":[{"name":"wp","href":"https:\/\/api.w.org\/{rel}","templated":true}]}}