{"id":18442,"date":"2024-03-27T12:26:20","date_gmt":"2024-03-27T12:26:20","guid":{"rendered":"https:\/\/digitaltarget.com.tr\/?post_type=product&#038;p=18442"},"modified":"2024-08-01T12:54:35","modified_gmt":"2024-08-01T12:54:35","slug":"long-distance-1km-wireless-wifi-900mhz-sender-receiver","status":"publish","type":"product","link":"https:\/\/digitaltarget.com.tr\/ar\/product\/long-distance-1km-wireless-wifi-900mhz-sender-receiver\/","title":{"rendered":"Uzun Mesafe 1KM Kablosuz WiFi 900Mhz G\u00f6nderici Al\u0131c\u0131"},"content":{"rendered":"<p>Uzun Mesafe 1KM Kablosuz WIFI 900Mhz g\u00f6nderici Al\u0131c\u0131 Tak ve \u00e7al\u0131\u015ft\u0131r kablolu kablosuz Ethernet kart\u0131<\/p>\n<p>&nbsp;<\/p>","protected":false},"excerpt":{"rendered":"<p>Uzun Mesafe 1KM Kablosuz WIFI 900Mhz g\u00f6nderici Al\u0131c\u0131 Tak ve \u00e7al\u0131\u015ft\u0131r kablolu kablosuz Ethernet kart\u0131 &nbsp;<\/p>","protected":false},"featured_media":18444,"comment_status":"open","ping_status":"closed","template":"","meta":{"_monsterinsights_skip_tracking":false,"_monsterinsights_sitenote_active":false,"_monsterinsights_sitenote_note":"","_monsterinsights_sitenote_category":0},"product_cat":[448],"product_tag":[],"aioseo_notices":[],"jetpack_sharing_enabled":true,"_links":{"self":[{"href":"https:\/\/digitaltarget.com.tr\/ar\/wp-json\/wp\/v2\/product\/18442"}],"collection":[{"href":"https:\/\/digitaltarget.com.tr\/ar\/wp-json\/wp\/v2\/product"}],"about":[{"href":"https:\/\/digitaltarget.com.tr\/ar\/wp-json\/wp\/v2\/types\/product"}],"replies":[{"embeddable":true,"href":"https:\/\/digitaltarget.com.tr\/ar\/wp-json\/wp\/v2\/comments?post=18442"}],"version-history":[{"count":2,"href":"https:\/\/digitaltarget.com.tr\/ar\/wp-json\/wp\/v2\/product\/18442\/revisions"}],"predecessor-version":[{"id":19073,"href":"https:\/\/digitaltarget.com.tr\/ar\/wp-json\/wp\/v2\/product\/18442\/revisions\/19073"}],"wp:featuredmedia":[{"embeddable":true,"href":"https:\/\/digitaltarget.com.tr\/ar\/wp-json\/wp\/v2\/media\/18444"}],"wp:attachment":[{"href":"https:\/\/digitaltarget.com.tr\/ar\/wp-json\/wp\/v2\/media?parent=18442"}],"wp:term":[{"taxonomy":"product_cat","embeddable":true,"href":"https:\/\/digitaltarget.com.tr\/ar\/wp-json\/wp\/v2\/product_cat?post=18442"},{"taxonomy":"product_tag","embeddable":true,"href":"https:\/\/digitaltarget.com.tr\/ar\/wp-json\/wp\/v2\/product_tag?post=18442"}],"curies":[{"name":"wp","href":"https:\/\/api.w.org\/{rel}","templated":true}]}}