{"id":18645,"date":"2024-06-26T09:10:11","date_gmt":"2024-06-26T09:10:11","guid":{"rendered":"https:\/\/digitaltarget.com.tr\/?post_type=product&#038;p=18645"},"modified":"2024-08-01T12:40:20","modified_gmt":"2024-08-01T12:40:20","slug":"arris-600x500x-5mm-carbon-fiber-sheet","status":"publish","type":"product","link":"https:\/\/digitaltarget.com.tr\/ar\/product\/arris-600x500x-5mm-carbon-fiber-sheet\/","title":{"rendered":"ARRIS 600x500x 5mm Karbon Fiber Levha"},"content":{"rendered":"<h2>\u00dcr\u00fcn A\u00e7\u0131klamas\u0131:<\/h2>\n<p class=\"a-spacing-base\">ARRIS birinci s\u0131n\u0131f kalite karbon fiber levha, her iki taraf\u0131nda p\u00fcr\u00fczs\u00fcz, parlak, kozmetik kalitede karbon fiber kaplama ile %100 y\u00fcksek mukavemetli karbon fiber takviyesi ve epoksi re\u00e7ine kullan\u0131larak \u00fcretilmi\u015ftir.<\/p>\n<p class=\"a-spacing-base\">Motor sporlar\u0131, denizcilik, ma\u011faza d\u00fczenleme, sergiler, otomasyon, t\u0131bbi, bilimsel ve daha bir\u00e7ok alanda \u00e7ok \u00e7e\u015fitli yap\u0131sal ve kozmetik uygulamalar i\u00e7in uygundur.<\/p>\n<ul class=\"a-unordered-list a-vertical\">\n<li class=\" translation-block\"><span class=\"a-list-item\"><span class=\"a-text-bold\">Hafif&nbsp;<\/span>: Karbon fiber, benzer boyutlardaki par\u00e7alarla kar\u015f\u0131la\u015ft\u0131r\u0131ld\u0131\u011f\u0131nda \u00e7elikten (ASTM-A1008) 5 kat ve al\u00fcminyumdan neredeyse 2 kat daha hafiftir.<\/span><\/li>\n<li class=\" translation-block\"><span class=\"a-list-item\"><span class=\"a-text-bold\">Y\u00fcksek Mukavemet &amp; Sertlik<\/span>&nbsp;: Karbon fiber takviyeli polimer (CFRP), metal, plastik ve ah\u015faba k\u0131yasla yo\u011funluk ba\u015f\u0131na en y\u00fcksek \u00f6zg\u00fcl mukavemete ve mod\u00fcle (sertlik) sahiptir.<\/span><\/li>\n<li class=\" translation-block\"><span class=\"a-list-item\"><span class=\"a-text-bold\">D\u00fc\u015f\u00fck Is\u0131l Genle\u015fme<\/span>: Metal \u0131s\u0131ya maruz kald\u0131\u011f\u0131nda, geni\u015fler ve zay\u0131flar, bu da sorunlara ve par\u00e7an\u0131n olas\u0131 ar\u0131zas\u0131na neden olabilir. Karbon fiberin \u0131s\u0131l genle\u015fmesi d\u00fc\u015f\u00fckt\u00fcr.<\/span><\/li>\n<li class=\" translation-block\"><span class=\"a-list-item\"><span class=\"a-text-bold\">D\u00fc\u015f\u00fck Is\u0131l \u0130letkenlik<\/span>: Metal, \u00e7elikten daha \u00e7ok bir iletken g\u00f6revi g\u00f6r\u00fcr ve bu da \u0131s\u0131y\u0131 \u00e7evresine iletebilir veya yayabilir ve \u0131s\u0131 emilimine neden olabilir. Karbon fiberin \u0131s\u0131 iletkenli\u011fi d\u00fc\u015f\u00fckt\u00fcr.<\/span><\/li>\n<li class=\" translation-block\"><span class=\"a-list-item\"><span class=\"a-text-bold\">RF Korumas\u0131:<\/span>&nbsp;Karbon Fiber, radyo frekans dalgalar\u0131n\u0131 zay\u0131flatmak veya engellemek i\u00e7in iyi \u00e7al\u0131\u015f\u0131r ve cihazlar\u0131n\u0131z\u0131 taray\u0131c\u0131lardan veya verilerinize eri\u015fmeye \u00e7al\u0131\u015fan ki\u015filerden korur.<\/span><\/li>\n<\/ul>\n<p><img fetchpriority=\"high\" decoding=\"async\" class=\"aligncenter wp-image-18649 size-full\" src=\"http:\/\/digitaltarget.com.tr\/wp-content\/uploads\/2024\/06\/45241ac3-6779-4c1b-8635-3a9c786d0073.__CR00970600_PT0_SX970_V1___.jpg\" alt=\"\" width=\"970\" height=\"600\" srcset=\"https:\/\/digitaltarget.com.tr\/wp-content\/uploads\/2024\/06\/45241ac3-6779-4c1b-8635-3a9c786d0073.__CR00970600_PT0_SX970_V1___.jpg 970w, https:\/\/digitaltarget.com.tr\/wp-content\/uploads\/2024\/06\/45241ac3-6779-4c1b-8635-3a9c786d0073.__CR00970600_PT0_SX970_V1___-400x247.jpg 400w, https:\/\/digitaltarget.com.tr\/wp-content\/uploads\/2024\/06\/45241ac3-6779-4c1b-8635-3a9c786d0073.__CR00970600_PT0_SX970_V1___-768x475.jpg 768w, https:\/\/digitaltarget.com.tr\/wp-content\/uploads\/2024\/06\/45241ac3-6779-4c1b-8635-3a9c786d0073.__CR00970600_PT0_SX970_V1___-18x12.jpg 18w, https:\/\/digitaltarget.com.tr\/wp-content\/uploads\/2024\/06\/45241ac3-6779-4c1b-8635-3a9c786d0073.__CR00970600_PT0_SX970_V1___-860x532.jpg 860w, https:\/\/digitaltarget.com.tr\/wp-content\/uploads\/2024\/06\/45241ac3-6779-4c1b-8635-3a9c786d0073.__CR00970600_PT0_SX970_V1___-430x266.jpg 430w, https:\/\/digitaltarget.com.tr\/wp-content\/uploads\/2024\/06\/45241ac3-6779-4c1b-8635-3a9c786d0073.__CR00970600_PT0_SX970_V1___-700x433.jpg 700w, https:\/\/digitaltarget.com.tr\/wp-content\/uploads\/2024\/06\/45241ac3-6779-4c1b-8635-3a9c786d0073.__CR00970600_PT0_SX970_V1___-150x93.jpg 150w\" sizes=\"(max-width: 970px) 100vw, 970px\" \/> <img decoding=\"async\" width=\"970\" height=\"600\" class=\"aligncenter wp-image-18650 boyut-tam\" src=\"http:\/\/digitaltarget.com.tr\/wp-content\/uploads\/2024\/06\/b61c9702-ebf9-44c8-bf29-132cc056bc1b.__CR00970600_PT0_SX970_V1___.jpg\" alt=\"\" srcset=\"https:\/\/digitaltarget.com.tr\/wp-content\/uploads\/2024\/06\/b61c9702-ebf9-44c8-bf29-132cc056bc1b.__CR00970600_PT0_SX970_V1___.jpg 970w, https:\/\/digitaltarget.com.tr\/wp-content\/uploads\/2024\/06\/b61c9702-ebf9-44c8-bf29-132cc056bc1b.__CR00970600_PT0_SX970_V1___-400x247.jpg 400w, https:\/\/digitaltarget.com.tr\/wp-content\/uploads\/2024\/06\/b61c9702-ebf9-44c8-bf29-132cc056bc1b.__CR00970600_PT0_SX970_V1___-768x475.jpg 768w, https:\/\/digitaltarget.com.tr\/wp-content\/uploads\/2024\/06\/b61c9702-ebf9-44c8-bf29-132cc056bc1b.__CR00970600_PT0_SX970_V1___-18x12.jpg 18w, https:\/\/digitaltarget.com.tr\/wp-content\/uploads\/2024\/06\/b61c9702-ebf9-44c8-bf29-132cc056bc1b.__CR00970600_PT0_SX970_V1___-860x532.jpg 860w, https:\/\/digitaltarget.com.tr\/wp-content\/uploads\/2024\/06\/b61c9702-ebf9-44c8-bf29-132cc056bc1b.__CR00970600_PT0_SX970_V1___-430x266.jpg 430w, https:\/\/digitaltarget.com.tr\/wp-content\/uploads\/2024\/06\/b61c9702-ebf9-44c8-bf29-132cc056bc1b.__CR00970600_PT0_SX970_V1___-700x433.jpg 700w, https:\/\/digitaltarget.com.tr\/wp-content\/uploads\/2024\/06\/b61c9702-ebf9-44c8-bf29-132cc056bc1b.__CR00970600_PT0_SX970_V1___-150x93.jpg 150w\" sizes=\"(max-width: 970px) 100vw, 970px\" \/><\/p>","protected":false},"excerpt":{"rendered":"<p>\u00dcr\u00fcn A\u00e7\u0131klamas\u0131: ARRIS birinci s\u0131n\u0131f kalite karbon fiber levha, her iki taraf\u0131nda p\u00fcr\u00fczs\u00fcz, parlak, kozmetik kalitede karbon fiber kaplama ile<\/p>","protected":false},"featured_media":18646,"comment_status":"open","ping_status":"closed","template":"","meta":{"_monsterinsights_skip_tracking":false,"_monsterinsights_sitenote_active":false,"_monsterinsights_sitenote_note":"","_monsterinsights_sitenote_category":0},"product_cat":[431,349],"product_tag":[],"aioseo_notices":[],"jetpack_sharing_enabled":true,"_links":{"self":[{"href":"https:\/\/digitaltarget.com.tr\/ar\/wp-json\/wp\/v2\/product\/18645"}],"collection":[{"href":"https:\/\/digitaltarget.com.tr\/ar\/wp-json\/wp\/v2\/product"}],"about":[{"href":"https:\/\/digitaltarget.com.tr\/ar\/wp-json\/wp\/v2\/types\/product"}],"replies":[{"embeddable":true,"href":"https:\/\/digitaltarget.com.tr\/ar\/wp-json\/wp\/v2\/comments?post=18645"}],"version-history":[{"count":2,"href":"https:\/\/digitaltarget.com.tr\/ar\/wp-json\/wp\/v2\/product\/18645\/revisions"}],"predecessor-version":[{"id":19065,"href":"https:\/\/digitaltarget.com.tr\/ar\/wp-json\/wp\/v2\/product\/18645\/revisions\/19065"}],"wp:featuredmedia":[{"embeddable":true,"href":"https:\/\/digitaltarget.com.tr\/ar\/wp-json\/wp\/v2\/media\/18646"}],"wp:attachment":[{"href":"https:\/\/digitaltarget.com.tr\/ar\/wp-json\/wp\/v2\/media?parent=18645"}],"wp:term":[{"taxonomy":"product_cat","embeddable":true,"href":"https:\/\/digitaltarget.com.tr\/ar\/wp-json\/wp\/v2\/product_cat?post=18645"},{"taxonomy":"product_tag","embeddable":true,"href":"https:\/\/digitaltarget.com.tr\/ar\/wp-json\/wp\/v2\/product_tag?post=18645"}],"curies":[{"name":"wp","href":"https:\/\/api.w.org\/{rel}","templated":true}]}}