{"id":18652,"date":"2024-06-26T09:30:31","date_gmt":"2024-06-26T09:30:31","guid":{"rendered":"https:\/\/digitaltarget.com.tr\/?post_type=product&#038;p=18652"},"modified":"2024-09-23T08:36:09","modified_gmt":"2024-09-23T08:36:09","slug":"hskrc-xl9-9inch-frame-kits-for-fpv-freestyle-long-range-diy-parts","status":"publish","type":"product","link":"https:\/\/digitaltarget.com.tr\/ar\/product\/hskrc-xl9-9inch-frame-kits-for-fpv-freestyle-long-range-diy-parts\/","title":{"rendered":"FPV Freestyle Uzun Menzilli DIY Par\u00e7alar\u0131 i\u00e7in HSKRC XL9 \/ 9 in\u00e7 \u00c7er\u00e7eve Kitleri"},"content":{"rendered":"<h3><strong>A\u00e7\u0131klama:<\/strong><\/h3>\n<p>Bu serbest stil \u00e7er\u00e7evesi, yaln\u0131zca M3x28mm ara par\u00e7alar\u0131n kullan\u0131m\u0131na izin vermekle kalmay\u0131p, ayn\u0131 zamanda ger\u00e7ek bir orta montaj kurulumu i\u00e7in tersinir bir yap\u0131 y\u00f6nelimi sunarak a\u011f\u0131rl\u0131k da\u011f\u0131l\u0131m\u0131 ve CoG \u00fczerinde nihai kontrol sa\u011flar.<\/p>\n<div id=\"jspromsgwrap\">\n<h3 aria-cont=\"productdetails\"><strong>\u00d6zellikler:<\/strong><\/h3>\n<div aria-cont=\"productdetails\" class=\" translation-block\">Marka ad\u0131: HSKRC<br>\r\n\u00dcr\u00fcn ad\u0131: XL9 \u00c7er\u00e7eve kiti<br>\r\nTekerlek mesafesi: 390mm<br>\r\nMalzeme: Karbon Fiber + Al\u00fcminyum s\u00fctun<br>\r\nKol tahtas\u0131: 4mm<br>\r\nOrta tahtas\u0131: 2mm<br>\r\nKamera montaj mesafesi: 22mm<br>\r\n\u00c7er\u00e7eve Alan\u0131: 23mm (2 tahtal\u0131 u\u00e7u\u015f kulesini destekler)<br>\r\nU\u00e7u\u015f Kontrol\u00f6r\u00fc: F3\/F4 30.5\u00d730.5mm montaj deli\u011fi<\/div>\n<div aria-cont=\"productdetails\">\n<table border=\"1\" cellspacing=\"1\" cellpadding=\"1\">\n<tbody>\n<tr>\n<td><\/td>\n<td>XL9<\/td>\n<\/tr>\n<tr>\n<td>Tekerlek mesafesi<\/td>\n<td>390mm<\/td>\n<\/tr>\n<tr>\n<td>A\u011f\u0131rl\u0131k<\/td>\n<td>154g<\/td>\n<\/tr>\n<tr>\n<td>Pervane (\u00d6nerilen)<\/td>\n<td>9 \u0130n\u00e7<\/td>\n<\/tr>\n<tr>\n<td>Motor (\u00d6nerilen)<\/td>\n<td>2212-2306<\/td>\n<\/tr>\n<tr>\n<td>ESC (\u00d6nerilen)<\/td>\n<td>30-60A<\/td>\n<\/tr>\n<tr>\n<td>Batarya (\u00d6nerilen)<\/td>\n<td>3300mAh<\/td>\n<\/tr>\n<\/tbody>\n<\/table>\n<h3><strong>Paket \u0130\u00e7eri\u011fi:<\/strong><\/h3>\n<p class=\" translation-block\">4 x \u00c7er\u00e7eve Kolu<br>\r\n1 x 2mm Orta Tahtas\u0131<br>\r\n8 x 30mm Al\u00fcminyum S\u00fctun<br>\r\n5 x M3*6 Vida<br>\r\n5 x M3*10 Vida<br>\r\n20 x M3*6 Vida<br>\r\n8 x M3*6+6 Naylon S\u00fctun<br>\r\n1 x U\u00e7u\u015f Kontrol\u00f6r\u00fc Yal\u0131t\u0131m Plakas\u0131<\/p>\n<\/div>\n<\/div>","protected":false},"excerpt":{"rendered":"<p>A\u00e7\u0131klama: Bu serbest stil \u00e7er\u00e7evesi, yaln\u0131zca M3x28mm ara par\u00e7alar\u0131n kullan\u0131m\u0131na izin vermekle kalmay\u0131p, ayn\u0131 zamanda ger\u00e7ek bir orta montaj kurulumu<\/p>","protected":false},"featured_media":18654,"comment_status":"open","ping_status":"closed","template":"","meta":{"_monsterinsights_skip_tracking":false,"_monsterinsights_sitenote_active":false,"_monsterinsights_sitenote_note":"","_monsterinsights_sitenote_category":0},"product_cat":[349],"product_tag":[],"aioseo_notices":[],"jetpack_sharing_enabled":true,"_links":{"self":[{"href":"https:\/\/digitaltarget.com.tr\/ar\/wp-json\/wp\/v2\/product\/18652"}],"collection":[{"href":"https:\/\/digitaltarget.com.tr\/ar\/wp-json\/wp\/v2\/product"}],"about":[{"href":"https:\/\/digitaltarget.com.tr\/ar\/wp-json\/wp\/v2\/types\/product"}],"replies":[{"embeddable":true,"href":"https:\/\/digitaltarget.com.tr\/ar\/wp-json\/wp\/v2\/comments?post=18652"}],"version-history":[{"count":3,"href":"https:\/\/digitaltarget.com.tr\/ar\/wp-json\/wp\/v2\/product\/18652\/revisions"}],"predecessor-version":[{"id":18861,"href":"https:\/\/digitaltarget.com.tr\/ar\/wp-json\/wp\/v2\/product\/18652\/revisions\/18861"}],"wp:featuredmedia":[{"embeddable":true,"href":"https:\/\/digitaltarget.com.tr\/ar\/wp-json\/wp\/v2\/media\/18654"}],"wp:attachment":[{"href":"https:\/\/digitaltarget.com.tr\/ar\/wp-json\/wp\/v2\/media?parent=18652"}],"wp:term":[{"taxonomy":"product_cat","embeddable":true,"href":"https:\/\/digitaltarget.com.tr\/ar\/wp-json\/wp\/v2\/product_cat?post=18652"},{"taxonomy":"product_tag","embeddable":true,"href":"https:\/\/digitaltarget.com.tr\/ar\/wp-json\/wp\/v2\/product_tag?post=18652"}],"curies":[{"name":"wp","href":"https:\/\/api.w.org\/{rel}","templated":true}]}}