{"id":18656,"date":"2024-06-26T09:59:59","date_gmt":"2024-06-26T09:59:59","guid":{"rendered":"https:\/\/digitaltarget.com.tr\/?post_type=product&#038;p=18656"},"modified":"2025-01-27T13:52:41","modified_gmt":"2025-01-27T13:52:41","slug":"tbs-crossfire-nano-se-receiver-immortal-t-v2-antenna-rx-crsf-915-868mhz-rc-remote-radio-system","status":"publish","type":"product","link":"https:\/\/digitaltarget.com.tr\/ar\/product\/tbs-crossfire-nano-se-receiver-immortal-t-v2-antenna-rx-crsf-915-868mhz-rc-remote-radio-system\/","title":{"rendered":"TBS Crossfire Nano SE Al\u0131c\u0131 Immortal T V2 Anten RX CRSF 915\/868Mhz RC Uzaktan Radyo Sistemi"},"content":{"rendered":"<h3>A\u00e7\u0131klama:<\/h3>\n<p>TBS, g\u00f6r\u00fcn\u00fcrde bir rakip olmadan uzun menzilli\/UHF oyununu geli\u015ftiriyor! TBS Crossfire Nano RX&#8217;imizle 2 y\u0131ll\u0131k m\u00fchendislik deneyimimizi yo\u011funla\u015ft\u0131rd\u0131k, m\u00fc\u015fterilerimizin ihtiya\u00e7lar\u0131n\u0131 dinledik ve kendimizi maksimuma (veya bu durumda, minimuma!) zorlad\u0131k. Sonu\u00e7, sekt\u00f6rdeki herhangi bir al\u0131c\u0131n\u0131n en k\u00fc\u00e7\u00fck boyutunda, tam menzilli bir al\u0131c\u0131d\u0131r (Evet, XM+&#8217;dan daha k\u00fc\u00e7\u00fckt\u00fcr).<\/p>\n<h3>\u00d6zellikler:<\/h3>\n<ul>\n<li>A\u011f\u0131rl\u0131k: 0,5 g (sadece al\u0131c\u0131)<\/li>\n<li>Boyut: 11 mm x 18 mm<\/li>\n<li>Gereksinimler: Donan\u0131m Yaz\u0131l\u0131m\u0131 V2.25<\/li>\n<\/ul>\n<h3>Paket \u0130\u00e7eri\u011fi:<\/h3>\n<ul>\n<li>1x TBS Crossfire Nano Al\u0131c\u0131<\/li>\n<li>1x TBS Crossfire Immortal T V2 anten<\/li>\n<li>1x yedek \u0131s\u0131yla daralan t\u00fcp<\/li>\n<li>6x 30AWG silikon ba\u011flant\u0131 teli (2 siyah, 2 k\u0131rm\u0131z\u0131, 1 beyaz, 1 sar\u0131)<\/li>\n<li>1x 1&#215;4 pin ba\u015fl\u0131\u011f\u0131<\/li>\n<\/ul>","protected":false},"excerpt":{"rendered":"<p>A\u00e7\u0131klama: TBS, g\u00f6r\u00fcn\u00fcrde bir rakip olmadan uzun menzilli\/UHF oyununu geli\u015ftiriyor! TBS Crossfire Nano RX&#8217;imizle 2 y\u0131ll\u0131k m\u00fchendislik deneyimimizi yo\u011funla\u015ft\u0131rd\u0131k, m\u00fc\u015fterilerimizin<\/p>","protected":false},"featured_media":18657,"comment_status":"open","ping_status":"closed","template":"","meta":{"_monsterinsights_skip_tracking":false,"_monsterinsights_sitenote_active":false,"_monsterinsights_sitenote_note":"","_monsterinsights_sitenote_category":0},"product_cat":[435,438],"product_tag":[],"aioseo_notices":[],"jetpack_sharing_enabled":true,"_links":{"self":[{"href":"https:\/\/digitaltarget.com.tr\/ar\/wp-json\/wp\/v2\/product\/18656"}],"collection":[{"href":"https:\/\/digitaltarget.com.tr\/ar\/wp-json\/wp\/v2\/product"}],"about":[{"href":"https:\/\/digitaltarget.com.tr\/ar\/wp-json\/wp\/v2\/types\/product"}],"replies":[{"embeddable":true,"href":"https:\/\/digitaltarget.com.tr\/ar\/wp-json\/wp\/v2\/comments?post=18656"}],"version-history":[{"count":2,"href":"https:\/\/digitaltarget.com.tr\/ar\/wp-json\/wp\/v2\/product\/18656\/revisions"}],"predecessor-version":[{"id":19064,"href":"https:\/\/digitaltarget.com.tr\/ar\/wp-json\/wp\/v2\/product\/18656\/revisions\/19064"}],"wp:featuredmedia":[{"embeddable":true,"href":"https:\/\/digitaltarget.com.tr\/ar\/wp-json\/wp\/v2\/media\/18657"}],"wp:attachment":[{"href":"https:\/\/digitaltarget.com.tr\/ar\/wp-json\/wp\/v2\/media?parent=18656"}],"wp:term":[{"taxonomy":"product_cat","embeddable":true,"href":"https:\/\/digitaltarget.com.tr\/ar\/wp-json\/wp\/v2\/product_cat?post=18656"},{"taxonomy":"product_tag","embeddable":true,"href":"https:\/\/digitaltarget.com.tr\/ar\/wp-json\/wp\/v2\/product_tag?post=18656"}],"curies":[{"name":"wp","href":"https:\/\/api.w.org\/{rel}","templated":true}]}}