{"id":18662,"date":"2024-06-26T10:32:10","date_gmt":"2024-06-26T10:32:10","guid":{"rendered":"https:\/\/digitaltarget.com.tr\/?post_type=product&#038;p=18662"},"modified":"2024-10-31T11:01:13","modified_gmt":"2024-10-31T11:01:13","slug":"tbs-crossfire-nano-tx-se-v2-receiver","status":"publish","type":"product","link":"https:\/\/digitaltarget.com.tr\/ar\/product\/tbs-crossfire-nano-tx-se-v2-receiver\/","title":{"rendered":"TBS CROSSFIRE NANO TX SE V2 Al\u0131c\u0131"},"content":{"rendered":"<h3>A\u00e7\u0131klama:<\/h3>\n<ul>\n<li>U\u00e7a\u011f\u0131n\u0131z i\u00e7in uzun menzilli, uyarlanabilir ve sa\u011flam uzaktan kumanda sistemi<\/li>\n<li>U\u00e7ak i\u00e7i g\u00fcr\u00fclt\u00fcye kar\u015f\u0131 ba\u011f\u0131\u015f\u0131kl\u0131k<\/li>\n<li>Ger\u00e7ek zamanl\u0131 ba\u011flant\u0131 hayati \u00f6nemleri ve telemetri ile iki y\u00f6nl\u00fc ileti\u015fim ba\u011flant\u0131s\u0131<\/li>\n<li>Kendi kendini iyile\u015ftiren ve frekans atlama (DSSS, FHSS)<\/li>\n<li>Uyarlanabilir bant geni\u015fli\u011fi kontrol\u00fc ve menzil optimizasyonu<\/li>\n<li>R\/C&#8217;nizin yerle\u015fik ekran\u0131 arac\u0131l\u0131\u011f\u0131yla s\u00fcper kolay ba\u011flama ve yap\u0131land\u0131rma<\/li>\n<li>M\u00fckemmel s\u00fcr\u00fckleyici his i\u00e7in d\u00fc\u015f\u00fck gecikme, 150 Hz g\u00fcncelleme h\u0131z\u0131 (tipik RC ba\u011flant\u0131lar\u0131ndan 3 kat daha h\u0131zl\u0131) kontrol\u00fc<\/li>\n<li>\u0130ki al\u0131c\u0131 modeli: 8 portlu Diversity Rx, 4 portlu Mini al\u0131c\u0131 (4 g a\u011f\u0131rl\u0131k!)<\/li>\n<li>Her iki al\u0131c\u0131da SBUS\/PPM\/CRSF \u00fczerinden 8 veya 12 kanall\u0131 \u00e7\u0131k\u0131\u015f<\/li>\n<li>Ayn\u0131 anda birden fazla arkada\u015f\u0131n\u0131zla (10 veya daha fazla) u\u00e7ma yetene\u011fi<\/li>\n<li>25 mW ila 250 mW aras\u0131nda se\u00e7ilebilir RF g\u00fcc\u00fc (yerel k\u0131s\u0131tlamalar ge\u00e7erlidir)<\/li>\n<li>Verici LED&#8217;i ba\u011flant\u0131 durumunu g\u00f6sterir<\/li>\n<li>Daha k\u00fc\u00e7\u00fck dronlar i\u00e7in mikro al\u0131c\u0131. D\u00fc\u015f\u00fcnd\u00fc\u011f\u00fcn\u00fczden daha k\u00fc\u00e7\u00fck!<\/li>\n<li>RF Ba\u011flant\u0131s\u0131 \u00fczerinden yaz\u0131l\u0131m g\u00fcncellemeleri<\/li>\n<\/ul>\n<h3>Teknik \u00d6zellikler:<\/h3>\n<ul>\n<li>Frekans Bantlar\u0131: 868MHz (AB, Rusya) \/ 915MHz (ABD, Asya, Avustralya)<\/li>\n<li>Giri\u015f Voltaj\u0131: 3,5 &#8211; 13V<\/li>\n<li>Ba\u011flay\u0131c\u0131: USB-C<\/li>\n<li>G\u00fc\u00e7 t\u00fcketimi: 1,1W (@10mW) &#8211; 2W (@100mW)<\/li>\n<li>Boyutlar: 64 x 42 x 25 mm (Nano TX mod\u00fcl boyutu)<\/li>\n<li>A\u011f\u0131rl\u0131k: 48g<\/li>\n<\/ul>\n<h3>Paket \u0130\u00e7eri\u011fi:<\/h3>\n<ul>\n<li>1 x TBS Crossfire Nano TX<\/li>\n<\/ul>","protected":false},"excerpt":{"rendered":"<p>A\u00e7\u0131klama: U\u00e7a\u011f\u0131n\u0131z i\u00e7in uzun menzilli, uyarlanabilir ve sa\u011flam uzaktan kumanda sistemi U\u00e7ak i\u00e7i g\u00fcr\u00fclt\u00fcye kar\u015f\u0131 ba\u011f\u0131\u015f\u0131kl\u0131k Ger\u00e7ek zamanl\u0131 ba\u011flant\u0131 hayati<\/p>","protected":false},"featured_media":18663,"comment_status":"open","ping_status":"closed","template":"","meta":{"_monsterinsights_skip_tracking":false,"_monsterinsights_sitenote_active":false,"_monsterinsights_sitenote_note":"","_monsterinsights_sitenote_category":0},"product_cat":[435,356],"product_tag":[],"aioseo_notices":[],"jetpack_sharing_enabled":true,"_links":{"self":[{"href":"https:\/\/digitaltarget.com.tr\/ar\/wp-json\/wp\/v2\/product\/18662"}],"collection":[{"href":"https:\/\/digitaltarget.com.tr\/ar\/wp-json\/wp\/v2\/product"}],"about":[{"href":"https:\/\/digitaltarget.com.tr\/ar\/wp-json\/wp\/v2\/types\/product"}],"replies":[{"embeddable":true,"href":"https:\/\/digitaltarget.com.tr\/ar\/wp-json\/wp\/v2\/comments?post=18662"}],"version-history":[{"count":2,"href":"https:\/\/digitaltarget.com.tr\/ar\/wp-json\/wp\/v2\/product\/18662\/revisions"}],"predecessor-version":[{"id":19063,"href":"https:\/\/digitaltarget.com.tr\/ar\/wp-json\/wp\/v2\/product\/18662\/revisions\/19063"}],"wp:featuredmedia":[{"embeddable":true,"href":"https:\/\/digitaltarget.com.tr\/ar\/wp-json\/wp\/v2\/media\/18663"}],"wp:attachment":[{"href":"https:\/\/digitaltarget.com.tr\/ar\/wp-json\/wp\/v2\/media?parent=18662"}],"wp:term":[{"taxonomy":"product_cat","embeddable":true,"href":"https:\/\/digitaltarget.com.tr\/ar\/wp-json\/wp\/v2\/product_cat?post=18662"},{"taxonomy":"product_tag","embeddable":true,"href":"https:\/\/digitaltarget.com.tr\/ar\/wp-json\/wp\/v2\/product_tag?post=18662"}],"curies":[{"name":"wp","href":"https:\/\/api.w.org\/{rel}","templated":true}]}}