{"id":18665,"date":"2024-06-26T10:56:12","date_gmt":"2024-06-26T10:56:12","guid":{"rendered":"https:\/\/digitaltarget.com.tr\/?post_type=product&#038;p=18665"},"modified":"2024-08-01T12:36:45","modified_gmt":"2024-08-01T12:36:45","slug":"2-20a-high-current-remote-control-electronic-switch-3-30v-aerial-model-plant-protection-rc-drone-water-pump-pwm-signal-control","status":"publish","type":"product","link":"https:\/\/digitaltarget.com.tr\/ar\/product\/2-20a-high-current-remote-control-electronic-switch-3-30v-aerial-model-plant-protection-rc-drone-water-pump-pwm-signal-control\/","title":{"rendered":"2-20A Y\u00fcksek Ak\u0131m Uzaktan Kumanda Elektronik Anahtar 3-30V Hava Modeli Bitki Koruma RC Drone Su Pompas\u0131 PWM Sinyal Kontrol\u00fc"},"content":{"rendered":"<h3>\u00dcr\u00fcn \u00d6zellikleri:<\/h3>\n<ul>\n<li>\u00c7al\u0131\u015fma voltaj\u0131:\u00a0 3,0V &#8212; 30V (y\u00fcksek voltajl\u0131 versiyon)<\/li>\n<li>\u00c7\u0131k\u0131\u015f ak\u0131m\u0131: 20A (y\u00fcksek voltajl\u0131 versiyon)<\/li>\n<li>A\u011f\u0131rl\u0131k: 5 g (y\u00fcksek bas\u0131n\u00e7 versiyonu)<\/li>\n<li>Anahtar, uzaktan kumandadaki 2 kademeli bir anahtarla kontrol edilir<\/li>\n<\/ul>\n<div>\n<div id=\"nav-specification\" class=\"specification--wrap--AJDJwYn\" data-pl=\"product-specs\">\n<div class=\"specification--prop--RejitI8\">\n<ul>\n<li class=\"specification--title--UbVeyic\" data-spm-anchor-id=\"a2g0o.detail.0.i19.18c1557Q557QJA\">Miktar: 1 adet<\/li>\n<li class=\"specification--title--UbVeyic\" data-spm-anchor-id=\"a2g0o.detail.0.i19.18c1557Q557QJA\">Dingil mesafesi:Vidalar<\/li>\n<li class=\"specification--title--UbVeyic\" data-spm-anchor-id=\"a2g0o.detail.0.i19.18c1557Q557QJA\">Teknik parametreler: De\u011fer 2<\/li>\n<li class=\"specification--title--UbVeyic\" data-spm-anchor-id=\"a2g0o.detail.0.i19.18c1557Q557QJA\">Model Numaras\u0131: 2-20A Elektronik Anahtar<\/li>\n<li class=\"specification--title--UbVeyic\" data-spm-anchor-id=\"a2g0o.detail.0.i19.18c1557Q557QJA\">Ara\u00e7 T\u00fcr\u00fc \u0130\u00e7in: U\u00e7aklar<\/li>\n<li class=\"specification--title--UbVeyic\" data-spm-anchor-id=\"a2g0o.detail.0.i19.18c1557Q557QJA\">Alet Malzemeleri: Monte edilmi\u015f s\u0131n\u0131f<\/li>\n<li class=\"specification--title--UbVeyic\" data-spm-anchor-id=\"a2g0o.detail.0.i19.18c1557Q557QJA\">D\u00f6rt Tekerlekten \u00c7eki\u015f \u00d6zellikleri: Montaj<\/li>\n<li class=\"specification--title--UbVeyic\" data-spm-anchor-id=\"a2g0o.detail.0.i19.18c1557Q557QJA\">Uzaktan Kumanda \u00c7evre Birimleri\/Ayg\u0131tlar\u0131: ALICILAR<\/li>\n<li class=\"specification--title--UbVeyic\" data-spm-anchor-id=\"a2g0o.detail.0.i19.18c1557Q557QJA\">Y\u00fckseltme Par\u00e7alar\u0131\/Aksesuarlar\u0131: Adapt\u00f6r<\/li>\n<li class=\"specification--title--UbVeyic\" data-spm-anchor-id=\"a2g0o.detail.0.i19.18c1557Q557QJA\">RC Par\u00e7alar\u0131 ve Aksesuarlar: Konnekt\u00f6rler\/Kablolama<\/li>\n<li class=\"specification--title--UbVeyic\" data-spm-anchor-id=\"a2g0o.detail.0.i19.18c1557Q557QJA\">Malzeme: Metal\n<div class=\"specification--prop--RejitI8\"><\/div>\n<\/li>\n<\/ul>\n<\/div>\n<\/div>\n<\/div>","protected":false},"excerpt":{"rendered":"<p>\u00dcr\u00fcn \u00d6zellikleri: \u00c7al\u0131\u015fma voltaj\u0131:\u00a0 3,0V &#8212; 30V (y\u00fcksek voltajl\u0131 versiyon) \u00c7\u0131k\u0131\u015f ak\u0131m\u0131: 20A (y\u00fcksek voltajl\u0131 versiyon) A\u011f\u0131rl\u0131k: 5 g (y\u00fcksek<\/p>","protected":false},"featured_media":18666,"comment_status":"open","ping_status":"closed","template":"","meta":{"_monsterinsights_skip_tracking":false,"_monsterinsights_sitenote_active":false,"_monsterinsights_sitenote_note":"","_monsterinsights_sitenote_category":0},"product_cat":[383],"product_tag":[],"aioseo_notices":[],"jetpack_sharing_enabled":true,"_links":{"self":[{"href":"https:\/\/digitaltarget.com.tr\/ar\/wp-json\/wp\/v2\/product\/18665"}],"collection":[{"href":"https:\/\/digitaltarget.com.tr\/ar\/wp-json\/wp\/v2\/product"}],"about":[{"href":"https:\/\/digitaltarget.com.tr\/ar\/wp-json\/wp\/v2\/types\/product"}],"replies":[{"embeddable":true,"href":"https:\/\/digitaltarget.com.tr\/ar\/wp-json\/wp\/v2\/comments?post=18665"}],"version-history":[{"count":2,"href":"https:\/\/digitaltarget.com.tr\/ar\/wp-json\/wp\/v2\/product\/18665\/revisions"}],"predecessor-version":[{"id":19062,"href":"https:\/\/digitaltarget.com.tr\/ar\/wp-json\/wp\/v2\/product\/18665\/revisions\/19062"}],"wp:featuredmedia":[{"embeddable":true,"href":"https:\/\/digitaltarget.com.tr\/ar\/wp-json\/wp\/v2\/media\/18666"}],"wp:attachment":[{"href":"https:\/\/digitaltarget.com.tr\/ar\/wp-json\/wp\/v2\/media?parent=18665"}],"wp:term":[{"taxonomy":"product_cat","embeddable":true,"href":"https:\/\/digitaltarget.com.tr\/ar\/wp-json\/wp\/v2\/product_cat?post=18665"},{"taxonomy":"product_tag","embeddable":true,"href":"https:\/\/digitaltarget.com.tr\/ar\/wp-json\/wp\/v2\/product_tag?post=18665"}],"curies":[{"name":"wp","href":"https:\/\/api.w.org\/{rel}","templated":true}]}}