{"id":18668,"date":"2024-06-26T11:16:49","date_gmt":"2024-06-26T11:16:49","guid":{"rendered":"https:\/\/digitaltarget.com.tr\/?post_type=product&#038;p=18668"},"modified":"2024-08-01T12:34:41","modified_gmt":"2024-08-01T12:34:41","slug":"sunpadow-6s-lipo-battery-for-7100-22-2v-70c-with-xt60-plug-with-rc-airplane-helicopter-drone-fpv-quadcopter-lipo-batteries","status":"publish","type":"product","link":"https:\/\/digitaltarget.com.tr\/ar\/product\/sunpadow-6s-lipo-battery-for-7100-22-2v-70c-with-xt60-plug-with-rc-airplane-helicopter-drone-fpv-quadcopter-lipo-batteries\/","title":{"rendered":"SUNPADOW 6S Lipo Pil 7100 22.2V 70C XT60 Fi\u015fli RC U\u00e7ak Helikopter \u0130HA FPV Quadcopter lipo piller"},"content":{"rendered":"<h3><img fetchpriority=\"high\" decoding=\"async\" class=\"alignnone wp-image-18672 size-full\" src=\"http:\/\/digitaltarget.com.tr\/wp-content\/uploads\/2024\/06\/Sa2424ee0163b4762a1f37c68eede3286m-1.webp\" alt=\"\" width=\"1000\" height=\"1000\" srcset=\"https:\/\/digitaltarget.com.tr\/wp-content\/uploads\/2024\/06\/Sa2424ee0163b4762a1f37c68eede3286m-1.webp 1000w, https:\/\/digitaltarget.com.tr\/wp-content\/uploads\/2024\/06\/Sa2424ee0163b4762a1f37c68eede3286m-1-300x300.webp 300w, https:\/\/digitaltarget.com.tr\/wp-content\/uploads\/2024\/06\/Sa2424ee0163b4762a1f37c68eede3286m-1-800x800.webp 800w, https:\/\/digitaltarget.com.tr\/wp-content\/uploads\/2024\/06\/Sa2424ee0163b4762a1f37c68eede3286m-1-150x150.webp 150w, https:\/\/digitaltarget.com.tr\/wp-content\/uploads\/2024\/06\/Sa2424ee0163b4762a1f37c68eede3286m-1-768x768.webp 768w, https:\/\/digitaltarget.com.tr\/wp-content\/uploads\/2024\/06\/Sa2424ee0163b4762a1f37c68eede3286m-1-12x12.webp 12w, https:\/\/digitaltarget.com.tr\/wp-content\/uploads\/2024\/06\/Sa2424ee0163b4762a1f37c68eede3286m-1-860x860.webp 860w, https:\/\/digitaltarget.com.tr\/wp-content\/uploads\/2024\/06\/Sa2424ee0163b4762a1f37c68eede3286m-1-430x430.webp 430w, https:\/\/digitaltarget.com.tr\/wp-content\/uploads\/2024\/06\/Sa2424ee0163b4762a1f37c68eede3286m-1-700x700.webp 700w\" sizes=\"(max-width: 1000px) 100vw, 1000px\" \/><\/h3>\n<h3>A\u00e7\u0131klama:<\/h3>\n<ul>\n<li>Model: 7100mAh-6S1P-22.2V-70C<\/li>\n<li>Yap\u0131land\u0131rma\uff1a6S1P<\/li>\n<li>Kapasite\uff1a7100mAh<\/li>\n<li>Voltaj\uff1a22.2V<\/li>\n<li>Sabit Oran\uff1a70C<\/li>\n<li>Boyutlar: 157*58*45mm\/6.18*2.28*1.77in<\/li>\n<li>A\u011f\u0131rl\u0131k: 826g\/1.82lb<\/li>\n<li>Ba\u011flant\u0131 T\u00fcr\u00fc: XT60 fi\u015fi<\/li>\n<\/ul>\n<div class=\"detailmodule_text\">\n<h3 class=\"detail-desc-decorate-title\">\u00d6zellik<\/h3>\n<p class=\" translation-block\">1.Se\u00e7ilmi\u015f birinci s\u0131n\u0131f malzemeler.<br>\r\n2.D\u00fc\u015f\u00fck diren\u00e7, y\u00fcksek g\u00fcvenilirlik, iyi tutarl\u0131l\u0131k.<br>\r\n3.Hafif ve k\u00fc\u00e7\u00fck boyut, uzun pil \u00f6mr\u00fc, y\u00fcksek \u00f6zg\u00fcl g\u00fc\u00e7.<br>\r\n4.Performans kayb\u0131 olmadan harika de\u011fer.<\/p>\n<div data-spm-anchor-id=\"a2g0o.detail.1000023.i3.7b13OfICOfICvK\"><\/div>\n<\/div>\n<div class=\"detailmodule_text\">\n<h3 class=\"detail-desc-decorate-title\">Uyar\u0131<\/h3>\n<p data-spm-anchor-id=\"a2g0o.detail.1000023.i4.7b13OfICOfICvK\" class=\" translation-block\">1. Yaln\u0131zca voltaj, boyut ve fi\u015f e\u015fle\u015firse, o zaman uyacakt\u0131r.<br>\r\n2. Kullanmadan veya \u015farj etmeden \u00f6nce pil durumunu dikkatlice kontrol edin.<br>\r\n3. 4,2 V\u2019tan fazla a\u015f\u0131r\u0131 \u015farj etmeyin ve 3,2 V\u2019un alt\u0131na a\u015f\u0131r\u0131 de\u015farj etmeyin, \u015farj ederken pili asla g\u00f6zetimsiz b\u0131rakmay\u0131n. 4.Yeni pil tam \u015farj\u0131 tutmuyorsa veya k\u0131sa s\u00fcrede \u015farj\u0131 \u00e7ok h\u0131zl\u0131 bir \u015fekilde t\u00fckeniyorsa, l\u00fctfen \u00f6nce birka\u00e7 kez \u015farj etmek ve geri d\u00f6n\u00fc\u015ft\u00fcrmek i\u00e7in Denge \u015earj Cihaz\u0131n\u0131 kullan\u0131n.<\/p>\n<\/div>","protected":false},"excerpt":{"rendered":"<p>A\u00e7\u0131klama: Model: 7100mAh-6S1P-22.2V-70C Yap\u0131land\u0131rma\uff1a6S1P Kapasite\uff1a7100mAh Voltaj\uff1a22.2V Sabit Oran\uff1a70C Boyutlar: 157*58*45mm\/6.18*2.28*1.77in A\u011f\u0131rl\u0131k: 826g\/1.82lb Ba\u011flant\u0131 T\u00fcr\u00fc: XT60 fi\u015fi \u00d6zellik 1.Se\u00e7ilmi\u015f birinci s\u0131n\u0131f<\/p>","protected":false},"featured_media":18669,"comment_status":"open","ping_status":"closed","template":"","meta":{"_monsterinsights_skip_tracking":false,"_monsterinsights_sitenote_active":false,"_monsterinsights_sitenote_note":"","_monsterinsights_sitenote_category":0},"product_cat":[352],"product_tag":[],"aioseo_notices":[],"jetpack_sharing_enabled":true,"_links":{"self":[{"href":"https:\/\/digitaltarget.com.tr\/ar\/wp-json\/wp\/v2\/product\/18668"}],"collection":[{"href":"https:\/\/digitaltarget.com.tr\/ar\/wp-json\/wp\/v2\/product"}],"about":[{"href":"https:\/\/digitaltarget.com.tr\/ar\/wp-json\/wp\/v2\/types\/product"}],"replies":[{"embeddable":true,"href":"https:\/\/digitaltarget.com.tr\/ar\/wp-json\/wp\/v2\/comments?post=18668"}],"version-history":[{"count":3,"href":"https:\/\/digitaltarget.com.tr\/ar\/wp-json\/wp\/v2\/product\/18668\/revisions"}],"predecessor-version":[{"id":19061,"href":"https:\/\/digitaltarget.com.tr\/ar\/wp-json\/wp\/v2\/product\/18668\/revisions\/19061"}],"wp:featuredmedia":[{"embeddable":true,"href":"https:\/\/digitaltarget.com.tr\/ar\/wp-json\/wp\/v2\/media\/18669"}],"wp:attachment":[{"href":"https:\/\/digitaltarget.com.tr\/ar\/wp-json\/wp\/v2\/media?parent=18668"}],"wp:term":[{"taxonomy":"product_cat","embeddable":true,"href":"https:\/\/digitaltarget.com.tr\/ar\/wp-json\/wp\/v2\/product_cat?post=18668"},{"taxonomy":"product_tag","embeddable":true,"href":"https:\/\/digitaltarget.com.tr\/ar\/wp-json\/wp\/v2\/product_tag?post=18668"}],"curies":[{"name":"wp","href":"https:\/\/api.w.org\/{rel}","templated":true}]}}