{"id":18675,"date":"2024-06-26T11:45:26","date_gmt":"2024-06-26T11:45:26","guid":{"rendered":"https:\/\/digitaltarget.com.tr\/?post_type=product&#038;p=18675"},"modified":"2024-08-01T12:23:53","modified_gmt":"2024-08-01T12:23:53","slug":"6s-lipo-battery-8000mah-100c-22-2v-uav-drone-rechargeable-battery-for-rc-hobby-lipo-battery","status":"publish","type":"product","link":"https:\/\/digitaltarget.com.tr\/ar\/product\/6s-lipo-battery-8000mah-100c-22-2v-uav-drone-rechargeable-battery-for-rc-hobby-lipo-battery\/","title":{"rendered":"6S lipo pil 8000mah 100C 22.2V \u0130HA drone \u015farj edilebilir pil Rc Hobi LiPo Pil"},"content":{"rendered":"<table border=\"1\" cellspacing=\"0\" cellpadding=\"5\">\n<tbody>\n<tr>\n<th>\u00d6zellik<\/th>\n<th>Ayr\u0131nt\u0131lar<\/th>\n<\/tr>\n<tr>\n<td>Marka Ad\u0131<\/td>\n<td>VANT<\/td>\n<\/tr>\n<tr>\n<td>Model Numaras\u0131<\/td>\n<td>8000mAh 100C 6S 22,2V<\/td>\n<\/tr>\n<tr>\n<td>Elektrik Enerjisi<\/td>\n<td>177,6 Wh<\/td>\n<\/tr>\n<tr>\n<td>Pil Boyutu<\/td>\n<td>8000mAh 100C 6S 22,2V<\/td>\n<\/tr>\n<tr>\n<td>Yeri Men\u015fei<\/td>\n<td>Guangdong, \u00c7in<\/td>\n<\/tr>\n<tr>\n<td>A\u011f\u0131rl\u0131k<\/td>\n<td>920g<\/td>\n<\/tr>\n<tr>\n<td>\u015earj oran\u0131<\/td>\n<td>1-2C<\/td>\n<\/tr>\n<tr>\n<td>De\u015farj oran\u0131<\/td>\n<td>100C<\/td>\n<\/tr>\n<tr>\n<td>OEM\/ODM<\/td>\n<td>Ho\u015f kar\u015f\u0131land\u0131<\/td>\n<\/tr>\n<tr>\n<td>Pil T\u00fcr\u00fc<\/td>\n<td>Li-polimer Pil Paketi<\/td>\n<\/tr>\n<tr>\n<td>Boyut<\/td>\n<td>164 x 45 x 62 mm<\/td>\n<\/tr>\n<tr>\n<td>Voltaj<\/td>\n<td>22,2V<\/td>\n<\/tr>\n<tr>\n<td>Kapasite<\/td>\n<td>8000mAh<\/td>\n<\/tr>\n<tr>\n<td>Marka<\/td>\n<td>Vant<\/td>\n<\/tr>\n<\/tbody>\n<\/table>","protected":false},"excerpt":{"rendered":"<p>\u00d6zellik Ayr\u0131nt\u0131lar Marka Ad\u0131 VANT Model Numaras\u0131 8000mAh 100C 6S 22,2V Elektrik Enerjisi 177,6 Wh Pil Boyutu 8000mAh 100C 6S<\/p>","protected":false},"featured_media":18680,"comment_status":"open","ping_status":"closed","template":"","meta":{"_monsterinsights_skip_tracking":false,"_monsterinsights_sitenote_active":false,"_monsterinsights_sitenote_note":"","_monsterinsights_sitenote_category":0},"product_cat":[352],"product_tag":[],"aioseo_notices":[],"jetpack_sharing_enabled":true,"_links":{"self":[{"href":"https:\/\/digitaltarget.com.tr\/ar\/wp-json\/wp\/v2\/product\/18675"}],"collection":[{"href":"https:\/\/digitaltarget.com.tr\/ar\/wp-json\/wp\/v2\/product"}],"about":[{"href":"https:\/\/digitaltarget.com.tr\/ar\/wp-json\/wp\/v2\/types\/product"}],"replies":[{"embeddable":true,"href":"https:\/\/digitaltarget.com.tr\/ar\/wp-json\/wp\/v2\/comments?post=18675"}],"version-history":[{"count":3,"href":"https:\/\/digitaltarget.com.tr\/ar\/wp-json\/wp\/v2\/product\/18675\/revisions"}],"predecessor-version":[{"id":19060,"href":"https:\/\/digitaltarget.com.tr\/ar\/wp-json\/wp\/v2\/product\/18675\/revisions\/19060"}],"wp:featuredmedia":[{"embeddable":true,"href":"https:\/\/digitaltarget.com.tr\/ar\/wp-json\/wp\/v2\/media\/18680"}],"wp:attachment":[{"href":"https:\/\/digitaltarget.com.tr\/ar\/wp-json\/wp\/v2\/media?parent=18675"}],"wp:term":[{"taxonomy":"product_cat","embeddable":true,"href":"https:\/\/digitaltarget.com.tr\/ar\/wp-json\/wp\/v2\/product_cat?post=18675"},{"taxonomy":"product_tag","embeddable":true,"href":"https:\/\/digitaltarget.com.tr\/ar\/wp-json\/wp\/v2\/product_tag?post=18675"}],"curies":[{"name":"wp","href":"https:\/\/api.w.org\/{rel}","templated":true}]}}