{"id":18688,"date":"2024-06-26T12:06:57","date_gmt":"2024-06-26T12:06:57","guid":{"rendered":"https:\/\/digitaltarget.com.tr\/?post_type=product&#038;p=18688"},"modified":"2024-08-01T12:20:59","modified_gmt":"2024-08-01T12:20:59","slug":"super-high-accuracy-dual-channel-temperature-calibration-pt100-pt1000-digital-thermometers","status":"publish","type":"product","link":"https:\/\/digitaltarget.com.tr\/ar\/product\/super-high-accuracy-dual-channel-temperature-calibration-pt100-pt1000-digital-thermometers\/","title":{"rendered":"S\u00fcper Y\u00fcksek Do\u011fruluk \u00c7ift Kanal S\u0131cakl\u0131k Kalibrasyonu PT100 PT1000 Dijital Termometreler"},"content":{"rendered":"<h3><strong>\u00d6ZELL\u0130KLER<\/strong><\/h3>\n<p class=\" translation-block\">\u2022 32-Bit Y\u00fcksek H\u0131zl\u0131 D\u00fc\u015f\u00fck G\u00fc\u00e7 \u0130\u015fleme Birimi<br>\r\n\u2022 \u0130ki Diferansiyel Kanall\u0131 Giri\u015f \u00c7oklay\u0131c\u0131<br>\r\n\u2022 Bu Arada Desteklenen PT100 ve PT1000 Problar\u0131<br>\r\n\u2022 0,001\u00b0C Maksimum \u00c7\u00f6z\u00fcn\u00fcrl\u00fck<br>\r\n\u2022 \u00b10,05\u00b0C Fabrika Do\u011frulu\u011fu<br>\r\n\u2022 Daha Y\u00fcksek Do\u011fruluk Elde Edin: Nokta Kalibre Edildikten Sonra \u00b10,015\u00b0C<br>\r\n\u2022 -200\u00b0C ~ +800\u00b0C Geni\u015f \u00d6l\u00e7\u00fcm Aral\u0131\u011f\u0131n\u0131 Destekler<br>\r\n\u2022 S\u0131cakl\u0131k E\u011frisi Tablosunu G\u00f6r\u00fcnt\u00fcleme<br>\r\n\u2022 Alarm S\u0131n\u0131r\u0131 Ayarlar\u0131 ve Sesli Alarm<br>\r\n\u2022 LCD Ekran Maksimum, Minimum, Ortalama<br>\r\n\u2022 \u00d6rnekleme Oran\u0131 saniyede 1 kez<br>\r\n\u2022 20.000 Set S\u0131cakl\u0131k Verisini Kaydetmeyi Destekler<br>\r\n\u2022 4 Dosya Bi\u00e7imi Olu\u015fturmay\u0131 Destekler<br>\r\n\u2022 Birden Fazla G\u00fc\u00e7 Se\u00e7ene\u011fini Destekler<br>\r\n\u2022 Arka Ayd\u0131nlatma<\/p>\n<h3><strong>UYGULAMALAR<\/strong><\/h3>\n<p class=\" translation-block\">\u2022 Laboratuvar Fiziksel \u00d6l\u00e7\u00fcm, Kay\u0131t<br>\r\n\u2022 G\u0131da<br>\r\n\u2022 \u0130la\u00e7<br>\r\n\u2022 Ev, End\u00fcstriyel, Havac\u0131l\u0131k<br>\r\n\u2022 So\u011fuk Zincir Ta\u015f\u0131mac\u0131l\u0131\u011f\u0131<br>\r\n\u2022 Araba Pazar\u0131<br>\r\n\u2022 Metal \u0130\u015fleme<br>\r\n\u2022 Hayvanc\u0131l\u0131k<br>\r\n\u2022 S\u00fcpermarket<\/p>\n<h3><strong>\u00d6ZELL\u0130KLER<\/strong><\/h3>\n<div class=\"rich-text-table\">\n<table border=\"0\" cellspacing=\"0\">\n<tbody>\n<tr>\n<td><\/td>\n<td><strong>PT100 Tipi<\/strong><\/td>\n<td><strong>PT1000 Tipi<\/strong><\/td>\n<\/tr>\n<tr>\n<td><strong>S\u0131cakl\u0131k Birimi<\/strong><\/td>\n<td colspan=\"2\">\u00b0C \/ \u00b0F<\/td>\n<\/tr>\n<tr>\n<td><strong>\u00d6l\u00e7me Aral\u0131k<\/strong><\/td>\n<td colspan=\"2\">-200\u00b0C ~ +800\u00b0C<\/td>\n<\/tr>\n<tr>\n<td><strong>\u00a0\u00c7\u00f6z\u00fcn\u00fcrl\u00fck<\/strong><\/td>\n<td>0,01\u00b0C (-200\u00b0C ~ +800\u00b0C)<\/td>\n<td class=\" translation-block\">0,001\u00b0C (-99,999\u00b0C ~ +99,999\u00b0C)<br>\r\n0,01\u00b0C (Di\u011ferleri)<\/td>\n<\/tr>\n<tr>\n<td><strong>Do\u011fruluk<\/strong><\/td>\n<td>\u00b1(0,05%|t|+0,10) \u00b0C<\/td>\n<td>\u00b1(0,05%|t|+0,05) \u00b0C<\/td>\n<\/tr>\n<tr>\n<td><strong>Prob T\u00fcr<\/strong><\/td>\n<td>Platinum Resistance PT100<\/td>\n<td>Platinum Resistance PT1000<\/td>\n<\/tr>\n<tr>\n<td><strong>Veri Depolama Kapasitesi<\/strong><\/td>\n<td colspan=\"2\">20.000 kay\u0131t veri noktas\u0131 +15M dosya depolama alan\u0131<\/td>\n<\/tr>\n<tr>\n<td><strong>Kay\u0131t H\u0131z\u0131<\/strong><\/td>\n<td colspan=\"2\">1 ~ 86399 saniye ayarlanabilir, 1 saniye i\u00e7in ad\u0131m say\u0131s\u0131n\u0131 ayarlay\u0131n<\/td>\n<\/tr>\n<tr>\n<td><strong>Dosya Bi\u00e7imi<\/strong><\/td>\n<td colspan=\"2\">TXT, CSV, XLS, DLG<\/td>\n<\/tr>\n<tr>\n<td><strong>Uyumluluk<\/strong><\/td>\n<td colspan=\"2\">Windows XP\/Vista\/7\/8\/10<\/td>\n<\/tr>\n<tr>\n<td><strong>\u00d6rnekleme H\u0131z\u0131<\/strong><\/td>\n<td colspan=\"2\">1\/saniye<\/td>\n<\/tr>\n<tr>\n<td><strong>Ekran<\/strong><\/td>\n<td colspan=\"2\">Nokta matrisli LCD ekran<\/td>\n<\/tr>\n<tr>\n<td><strong>Arka Ayd\u0131nlatma<\/strong><\/td>\n<td colspan=\"2\">Beyaz LED<\/td>\n<\/tr>\n<tr>\n<td><strong>\u00c7al\u0131\u015ft\u0131rma D\u00fc\u011fmeleri<\/strong><\/td>\n<td colspan=\"2\">F1, G\u00fc\u00e7 (Arka Ayd\u0131nlatma), F2, Prob Anahtar\u0131 (Yukar\u0131), Birim Anahtar\u0131 (A\u015fa\u011f\u0131), Tutma (Sol), \u0130statistikler (Sa\u011f)<\/td>\n<\/tr>\n<tr>\n<td><strong>\u00c7al\u0131\u015ft\u0131rma S\u0131cakl\u0131k<\/strong><\/td>\n<td colspan=\"2\">-10\u00b0C ~ +50\u00b0C (Yo\u011fu\u015fma yok)<\/td>\n<\/tr>\n<tr>\n<td><strong>Depolama S\u0131cakl\u0131\u011f\u0131<\/strong><\/td>\n<td colspan=\"2\">-20\u00b0C ~ +60\u00b0C (Pil yok)<\/td>\n<\/tr>\n<tr>\n<td><strong>G\u00fc\u00e7 Kayna\u011f\u0131<\/strong><\/td>\n<td colspan=\"2\">3 X 1,5 V AAA pil \/ 1,2 V \u015farj edilebilir pil \/ 5 V USB<\/td>\n<\/tr>\n<tr>\n<td><strong>Pil \u00d6mr\u00fc<\/strong><\/td>\n<td colspan=\"2\">Yakla\u015f\u0131k 120 saat (durum: cihaz s\u00fcrekli \u00e7al\u0131\u015f\u0131yor, arka \u0131\u015f\u0131k kapal\u0131, pil kapasitesi 1200 mAh, ortam s\u0131cakl\u0131\u011f\u0131 :25\u00b0C)<\/td>\n<\/tr>\n<tr>\n<td><strong>Koruma S\u0131n\u0131f\u0131<\/strong><\/td>\n<td colspan=\"2\">IP52<\/td>\n<\/tr>\n<tr>\n<td><strong>Boyut<\/strong><\/td>\n<td colspan=\"2\">174mmX73mmX40mm<\/td>\n<\/tr>\n<tr>\n<td><strong>A\u011f\u0131rl\u0131k<\/strong><\/td>\n<td colspan=\"2\">Yakla\u015f\u0131k 210g (Pilsiz)<\/td>\n<\/tr>\n<tr>\n<td><strong>Garanti<\/strong><\/td>\n<td colspan=\"2\">1 y\u0131l<\/td>\n<\/tr>\n<\/tbody>\n<\/table>\n<\/div>\n<p>&nbsp;<\/p>","protected":false},"excerpt":{"rendered":"<p>\u00d6ZELL\u0130KLER \u2022 32-Bit Y\u00fcksek H\u0131zl\u0131 D\u00fc\u015f\u00fck G\u00fc\u00e7 \u0130\u015fleme Birimi \u2022 \u0130ki Diferansiyel Kanall\u0131 Giri\u015f \u00c7oklay\u0131c\u0131 \u2022 Bu Arada Desteklenen PT100<\/p>","protected":false},"featured_media":18689,"comment_status":"open","ping_status":"closed","template":"","meta":{"_monsterinsights_skip_tracking":false,"_monsterinsights_sitenote_active":false,"_monsterinsights_sitenote_note":"","_monsterinsights_sitenote_category":0},"product_cat":[384],"product_tag":[],"aioseo_notices":[],"jetpack_sharing_enabled":true,"_links":{"self":[{"href":"https:\/\/digitaltarget.com.tr\/ar\/wp-json\/wp\/v2\/product\/18688"}],"collection":[{"href":"https:\/\/digitaltarget.com.tr\/ar\/wp-json\/wp\/v2\/product"}],"about":[{"href":"https:\/\/digitaltarget.com.tr\/ar\/wp-json\/wp\/v2\/types\/product"}],"replies":[{"embeddable":true,"href":"https:\/\/digitaltarget.com.tr\/ar\/wp-json\/wp\/v2\/comments?post=18688"}],"version-history":[{"count":3,"href":"https:\/\/digitaltarget.com.tr\/ar\/wp-json\/wp\/v2\/product\/18688\/revisions"}],"predecessor-version":[{"id":19059,"href":"https:\/\/digitaltarget.com.tr\/ar\/wp-json\/wp\/v2\/product\/18688\/revisions\/19059"}],"wp:featuredmedia":[{"embeddable":true,"href":"https:\/\/digitaltarget.com.tr\/ar\/wp-json\/wp\/v2\/media\/18689"}],"wp:attachment":[{"href":"https:\/\/digitaltarget.com.tr\/ar\/wp-json\/wp\/v2\/media?parent=18688"}],"wp:term":[{"taxonomy":"product_cat","embeddable":true,"href":"https:\/\/digitaltarget.com.tr\/ar\/wp-json\/wp\/v2\/product_cat?post=18688"},{"taxonomy":"product_tag","embeddable":true,"href":"https:\/\/digitaltarget.com.tr\/ar\/wp-json\/wp\/v2\/product_tag?post=18688"}],"curies":[{"name":"wp","href":"https:\/\/api.w.org\/{rel}","templated":true}]}}