{"id":18695,"date":"2024-06-26T12:32:27","date_gmt":"2024-06-26T12:32:27","guid":{"rendered":"https:\/\/digitaltarget.com.tr\/?post_type=product&#038;p=18695"},"modified":"2024-08-01T12:18:05","modified_gmt":"2024-08-01T12:18:05","slug":"oil-free-diaphragm-lab-vacuum-pump-20l-m-pressure-adjustable-for-chromatograph","status":"publish","type":"product","link":"https:\/\/digitaltarget.com.tr\/ar\/product\/oil-free-diaphragm-lab-vacuum-pump-20l-m-pressure-adjustable-for-chromatograph\/","title":{"rendered":"Ya\u011fs\u0131z Diyaframl\u0131 Laboratuvar Vakum Pompas\u0131 20L\/m Kromatograf i\u00e7in Bas\u0131n\u00e7 Ayarlanabilir"},"content":{"rendered":"<h3><span class=\"a-text-bold\">\u00dcr\u00fcn A\u00e7\u0131klamas\u0131<\/span><\/h3>\n<p>Geli\u015fmi\u015f tasar\u0131m, y\u00fcksek \u00e7al\u0131\u015fma verimlili\u011fi ve uzun hizmet \u00f6mr\u00fcne sahip diyafram vakum pompas\u0131, yeni nesil y\u00fcksek teknoloji \u00fcr\u00fcn\u00fcd\u00fcr. Sadece sirk\u00fclasyonlu su vakum pompas\u0131 ve d\u00f6ner kanatl\u0131 vakum pompas\u0131 uygulamas\u0131 i\u00e7in uygun de\u011fildir, ayn\u0131 zamanda t\u0131bbi ve farmas\u00f6tik \u00fcr\u00fcn analizinde, ince kimyasal end\u00fcstrisinde, biyokimyasal farmas\u00f6tiklerde, g\u0131da denetimi, su\u00e7 soru\u015fturma teknolojisi ve di\u011fer alanlarda da kullan\u0131l\u0131r. Hassas kromatografi cihaz\u0131n\u0131n tamamlay\u0131c\u0131 bir \u00fcr\u00fcn\u00fcd\u00fcr ve ayr\u0131ca laboratuvarda gerekli cihazlardan biridir.<\/p>\n<h2><span class=\"a-text-bold\">\u00dcr\u00fcnlerin kullan\u0131m\u0131:<\/span><\/h2>\n<p class=\" translation-block\">\u00dcr\u00fcn yaln\u0131zca hava ve az miktarda su buhar\u0131 pompalamak i\u00e7in kullan\u0131labilir.<br>\r\nPompaya a\u015f\u0131nd\u0131r\u0131c\u0131 s\u0131v\u0131 veya gran\u00fcler malzeme girmesine izin verilmez. Ya\u011f kirleticileri veya di\u011fer s\u0131v\u0131lar \u00f6nce filtrelenmelidir.<br>\r\n\u00c7al\u0131\u015fma ortam\u0131 s\u0131cakl\u0131\u011f\u0131 55\u2103\u2019yi ge\u00e7memelidir.<br>\r\n\u00dcr\u00fcn y\u00fcksek irtifada kullan\u0131lamaz. D\u00fc\u015f\u00fck bas\u0131n\u00e7, y\u00fcksek irtifada \u00fcr\u00fcn\u00fc etkileyecektir.<br>\r\nBu \u00fcr\u00fcn hassas bir alettir ve kirli ve nemli olmas\u0131 yasakt\u0131r.<br>\r\nBas\u0131n\u00e7la Ba\u015flatma Yok<\/p>\n<h3><span class=\"a-text-bold\">Teknik Parametre<\/span><\/h3>\n<p class=\" translation-block\">Hava pompalama h\u0131z\u0131 (L\/Dak) : 20<br>\r\nPompa Ba\u015fl\u0131\u011f\u0131: 1 adet, negatif bas\u0131n\u00e7 tipi<br>\r\nNihai Bas\u0131n\u00e7: \u2265 0,08Mpa<br>\r\nVakum derecesi : 200mbar<br>\r\nBoyutlar (U x G x Y)\uff08\uff4d\uff4d): 215\u00d7120\u00d7235<br>\r\nPompa g\u00f6vdesinin maksimum \u00e7al\u0131\u015fma s\u0131cakl\u0131\u011f\u0131\uff08\u2103\uff09: &lt;55<br>\r\nMotor G\u00fcc\u00fc\uff08w\uff09: 160<br>\r\nA\u011f\u0131rl\u0131k \uff08Kg\uff09: 9<br>\r\nGiri\u015f (mm): \u03c66<br>\r\n\u00c7\u0131k\u0131\u015f (mm) :\u03c66<br>\r\nDiyafram NBR<br>\r\nVanalar NBR<br>\r\n\u00c7al\u0131\u015fma S\u0131cakl\u0131\u011f\u0131\uff08\u2103\uff09: 7\u201440<br>\r\nG\u00fcr\u00fclt\u00fc Seviye (dB) &lt;60<br>\r\nVoltaj Derecesi AC 220 V\/ 110 V, 50 \/ 60 Hz<\/p>","protected":false},"excerpt":{"rendered":"<p>\u00dcr\u00fcn A\u00e7\u0131klamas\u0131 Geli\u015fmi\u015f tasar\u0131m, y\u00fcksek \u00e7al\u0131\u015fma verimlili\u011fi ve uzun hizmet \u00f6mr\u00fcne sahip diyafram vakum pompas\u0131, yeni nesil y\u00fcksek teknoloji \u00fcr\u00fcn\u00fcd\u00fcr.<\/p>","protected":false},"featured_media":18700,"comment_status":"open","ping_status":"closed","template":"","meta":{"_monsterinsights_skip_tracking":false,"_monsterinsights_sitenote_active":false,"_monsterinsights_sitenote_note":"","_monsterinsights_sitenote_category":0},"product_cat":[384],"product_tag":[],"aioseo_notices":[],"jetpack_sharing_enabled":true,"_links":{"self":[{"href":"https:\/\/digitaltarget.com.tr\/ar\/wp-json\/wp\/v2\/product\/18695"}],"collection":[{"href":"https:\/\/digitaltarget.com.tr\/ar\/wp-json\/wp\/v2\/product"}],"about":[{"href":"https:\/\/digitaltarget.com.tr\/ar\/wp-json\/wp\/v2\/types\/product"}],"replies":[{"embeddable":true,"href":"https:\/\/digitaltarget.com.tr\/ar\/wp-json\/wp\/v2\/comments?post=18695"}],"version-history":[{"count":3,"href":"https:\/\/digitaltarget.com.tr\/ar\/wp-json\/wp\/v2\/product\/18695\/revisions"}],"predecessor-version":[{"id":19057,"href":"https:\/\/digitaltarget.com.tr\/ar\/wp-json\/wp\/v2\/product\/18695\/revisions\/19057"}],"wp:featuredmedia":[{"embeddable":true,"href":"https:\/\/digitaltarget.com.tr\/ar\/wp-json\/wp\/v2\/media\/18700"}],"wp:attachment":[{"href":"https:\/\/digitaltarget.com.tr\/ar\/wp-json\/wp\/v2\/media?parent=18695"}],"wp:term":[{"taxonomy":"product_cat","embeddable":true,"href":"https:\/\/digitaltarget.com.tr\/ar\/wp-json\/wp\/v2\/product_cat?post=18695"},{"taxonomy":"product_tag","embeddable":true,"href":"https:\/\/digitaltarget.com.tr\/ar\/wp-json\/wp\/v2\/product_tag?post=18695"}],"curies":[{"name":"wp","href":"https:\/\/api.w.org\/{rel}","templated":true}]}}