{"id":18725,"date":"2024-06-30T05:27:06","date_gmt":"2024-06-30T05:27:06","guid":{"rendered":"https:\/\/digitaltarget.com.tr\/?post_type=product&#038;p=18725"},"modified":"2024-08-01T12:13:29","modified_gmt":"2024-08-01T12:13:29","slug":"multi-frequency-jewelry-ultrasonic-cleaner","status":"publish","type":"product","link":"https:\/\/digitaltarget.com.tr\/ar\/product\/multi-frequency-jewelry-ultrasonic-cleaner\/","title":{"rendered":"\u00c7ok Frekansl\u0131 M\u00fccevher Ultrasonik Temizleyici"},"content":{"rendered":"<p><strong>\u00dcr\u00fcn a\u00e7\u0131klamas\u0131:<\/strong><\/p>\n<p>Temizlik etkinli\u011fi a\u00e7\u0131s\u0131ndan, Laboratuvar \u0130\u00e7in \u00c7ok Frekansl\u0131 Ultrasonik Temizleyici, tek frekansl\u0131 modelden \u00fcst\u00fcnd\u00fcr. \u00c7\u00fcnk\u00fc \u00e7ok frekansl\u0131 ultrasonik temizleme sistemi \u00e7ok etkili bir temizleme etkisine sahiptir ve \u00e7e\u015fitli boyut ve y\u00fczey \u015fekillerine sahip i\u015f par\u00e7alar\u0131na uyum sa\u011flayabilir. Ayr\u0131ca, daha y\u00fcksek temizleme h\u0131z\u0131 nedeniyle, i\u015f par\u00e7as\u0131 temizleme i\u015flemi s\u0131ras\u0131nda daha az hasar g\u00f6r\u00fcr, zamandan ve paradan tasarruf sa\u011flar ve kullan\u0131m \u00f6mr\u00fcn\u00fc uzat\u0131r.<\/p>\n<p><strong>Laboratuvar \u0130\u00e7in \u00c7ok Frekansl\u0131 Ultrasonik Temizleyicinin \u00d6zellikleri<\/strong><\/p>\n<div class=\"table-responsive\">\n<table class=\"table\" border=\"0\" width=\"100%\" cellspacing=\"0\" cellpadding=\"0\">\n<tbody>\n<tr class=\"firstRow\">\n<td valign=\"center\" width=\"145\">Ad<\/td>\n<td valign=\"center\" width=\"145\">Ultrasonik temizleyici<\/td>\n<td valign=\"center\" width=\"145\">Voltaj<\/td>\n<td align=\"center\" valign=\"middle\" width=\"172\">\u25cf AC110-120V 60Hz<\/p>\n<p>\u25cf AC220-240V 50Hz<\/td>\n<\/tr>\n<tr>\n<td valign=\"center\" width=\"145\">Model<\/td>\n<td valign=\"center\" width=\"145\">UC-3240L<\/td>\n<td valign=\"center\" width=\"145\">G\u00fc\u00e7<\/td>\n<td valign=\"center\" width=\"172\">240W<\/td>\n<\/tr>\n<tr>\n<td valign=\"center\" width=\"145\">Paketleme boyutu<\/td>\n<td valign=\"center\" width=\"145\">368*270*290mm<\/td>\n<td valign=\"center\" width=\"145\">Ultrasonik frekans<\/td>\n<td valign=\"center\" width=\"172\">40\/80\/120KHz<\/td>\n<\/tr>\n<tr>\n<td valign=\"center\" width=\"145\">Dahili oluk boyutu<\/td>\n<td valign=\"center\" width=\"145\">300*240*150mm<\/td>\n<td valign=\"center\" width=\"145\">Zaman ayar\u0131<\/td>\n<td valign=\"center\" width=\"172\">1-30dk<\/td>\n<\/tr>\n<tr>\n<td valign=\"center\" width=\"145\">Tank kapasitesi<\/td>\n<td valign=\"center\" width=\"145\">11L<\/td>\n<td valign=\"center\" width=\"145\">Net a\u011f\u0131rl\u0131k<\/td>\n<td valign=\"center\" width=\"172\">10KG<\/td>\n<\/tr>\n<\/tbody>\n<\/table>\n<h4>\u00c7al\u0131\u015ft\u0131rma Talimatlar\u0131<\/h4>\n<p><img fetchpriority=\"high\" decoding=\"async\" class=\"alignnone size-medium wp-image-18726\" src=\"http:\/\/digitaltarget.com.tr\/wp-content\/uploads\/2024\/06\/201912101413258696527-400x148.webp\" alt=\"\" width=\"400\" height=\"148\" srcset=\"https:\/\/digitaltarget.com.tr\/wp-content\/uploads\/2024\/06\/201912101413258696527-400x148.webp 400w, https:\/\/digitaltarget.com.tr\/wp-content\/uploads\/2024\/06\/201912101413258696527-18x7.webp 18w, https:\/\/digitaltarget.com.tr\/wp-content\/uploads\/2024\/06\/201912101413258696527-430x159.webp 430w, https:\/\/digitaltarget.com.tr\/wp-content\/uploads\/2024\/06\/201912101413258696527-150x56.webp 150w, https:\/\/digitaltarget.com.tr\/wp-content\/uploads\/2024\/06\/201912101413258696527.webp 500w\" sizes=\"(max-width: 400px) 100vw, 400px\" \/> <img decoding=\"async\" class=\"alignnone size-medium wp-image-18728\" src=\"http:\/\/digitaltarget.com.tr\/wp-content\/uploads\/2024\/06\/201912101406157475470.webp\" alt=\"\" width=\"250\" height=\"113\" srcset=\"https:\/\/digitaltarget.com.tr\/wp-content\/uploads\/2024\/06\/201912101406157475470.webp 250w, https:\/\/digitaltarget.com.tr\/wp-content\/uploads\/2024\/06\/201912101406157475470-18x8.webp 18w, https:\/\/digitaltarget.com.tr\/wp-content\/uploads\/2024\/06\/201912101406157475470-150x68.webp 150w\" sizes=\"(max-width: 250px) 100vw, 250px\" \/><\/p>\n<p><strong>Laboratuvar \u0130\u00e7in \u00c7ok Frekansl\u0131 Ultrasonik Temizleyiciyi Neden Se\u00e7melisiniz<\/strong><\/p>\n<p>Dijital tek frekansl\u0131 ultrasonik temizleyici, tek bir filmde oluk olu\u015fturmak i\u00e7in SUS304 paslanmaz \u00e7elik malzemeyi, paslanmaz \u00e7elik kasay\u0131, asit ve alkali direncini benimser ve g\u00f6r\u00fcn\u00fcm g\u00fczel ve c\u00f6merttir. T\u00fcm makine, g\u00fc\u00e7l\u00fc temizleme g\u00fcc\u00fc ve istikrarl\u0131 performansa sahip s\u0131k\u0131 e\u015fle\u015ftirme ve hata ay\u0131klamadan olu\u015fan y\u00fcksek performansl\u0131 d\u00f6n\u00fc\u015ft\u00fcr\u00fcc\u00fc ve ultrasonik jenerat\u00f6r\u00fc benimser. Su bazl\u0131 \u00e7\u00f6z\u00fcc\u00fcler veya \u00e7evre dostu organik \u00e7\u00f6z\u00fcc\u00fclerle y\u0131kanarak \u00e7evre dostudur. Jenerat\u00f6r, kullan\u0131m\u0131 kolay ve iyi bir temizleme etkisine sahip olan temizleme tank\u0131yla entegredir. Temizlik s\u00fcresini gerekti\u011fi gibi ayarlamak i\u00e7in bir zamanlama cihaz\u0131 sa\u011flan\u0131r. Ses ge\u00e7irmez bir kapakla, \u00e7al\u0131\u015fma s\u0131ras\u0131nda g\u00fcr\u00fclt\u00fcy\u00fc etkili bir \u015fekilde azaltabilir. Is\u0131t\u0131ld\u0131\u011f\u0131nda, \u0131s\u0131tma s\u0131cakl\u0131\u011f\u0131 ayarlanabilir ve s\u0131cakl\u0131k otomatik olarak kontrol edilir.<\/p>\n<p><img decoding=\"async\" class=\"aligncenter wp-image-18729 size-large\" src=\"http:\/\/digitaltarget.com.tr\/wp-content\/uploads\/2024\/06\/20220708165228ea3b98899ee945f299b8b06dcabfac1e-724x800.webp\" alt=\"\" width=\"724\" height=\"800\" srcset=\"https:\/\/digitaltarget.com.tr\/wp-content\/uploads\/2024\/06\/20220708165228ea3b98899ee945f299b8b06dcabfac1e-724x800.webp 724w, https:\/\/digitaltarget.com.tr\/wp-content\/uploads\/2024\/06\/20220708165228ea3b98899ee945f299b8b06dcabfac1e-271x300.webp 271w, https:\/\/digitaltarget.com.tr\/wp-content\/uploads\/2024\/06\/20220708165228ea3b98899ee945f299b8b06dcabfac1e-768x849.webp 768w, https:\/\/digitaltarget.com.tr\/wp-content\/uploads\/2024\/06\/20220708165228ea3b98899ee945f299b8b06dcabfac1e-11x12.webp 11w, https:\/\/digitaltarget.com.tr\/wp-content\/uploads\/2024\/06\/20220708165228ea3b98899ee945f299b8b06dcabfac1e-430x475.webp 430w, https:\/\/digitaltarget.com.tr\/wp-content\/uploads\/2024\/06\/20220708165228ea3b98899ee945f299b8b06dcabfac1e-700x774.webp 700w, https:\/\/digitaltarget.com.tr\/wp-content\/uploads\/2024\/06\/20220708165228ea3b98899ee945f299b8b06dcabfac1e-150x166.webp 150w, https:\/\/digitaltarget.com.tr\/wp-content\/uploads\/2024\/06\/20220708165228ea3b98899ee945f299b8b06dcabfac1e.webp 800w\" sizes=\"(max-width: 724px) 100vw, 724px\" \/><\/p>\n<\/div>","protected":false},"excerpt":{"rendered":"<p>\u00dcr\u00fcn a\u00e7\u0131klamas\u0131: Temizlik etkinli\u011fi a\u00e7\u0131s\u0131ndan, Laboratuvar \u0130\u00e7in \u00c7ok Frekansl\u0131 Ultrasonik Temizleyici, tek frekansl\u0131 modelden \u00fcst\u00fcnd\u00fcr. \u00c7\u00fcnk\u00fc \u00e7ok frekansl\u0131 ultrasonik temizleme<\/p>","protected":false},"featured_media":18733,"comment_status":"open","ping_status":"closed","template":"","meta":{"_monsterinsights_skip_tracking":false,"_monsterinsights_sitenote_active":false,"_monsterinsights_sitenote_note":"","_monsterinsights_sitenote_category":0},"product_cat":[384],"product_tag":[],"aioseo_notices":[],"jetpack_sharing_enabled":true,"_links":{"self":[{"href":"https:\/\/digitaltarget.com.tr\/ar\/wp-json\/wp\/v2\/product\/18725"}],"collection":[{"href":"https:\/\/digitaltarget.com.tr\/ar\/wp-json\/wp\/v2\/product"}],"about":[{"href":"https:\/\/digitaltarget.com.tr\/ar\/wp-json\/wp\/v2\/types\/product"}],"replies":[{"embeddable":true,"href":"https:\/\/digitaltarget.com.tr\/ar\/wp-json\/wp\/v2\/comments?post=18725"}],"version-history":[{"count":2,"href":"https:\/\/digitaltarget.com.tr\/ar\/wp-json\/wp\/v2\/product\/18725\/revisions"}],"predecessor-version":[{"id":19053,"href":"https:\/\/digitaltarget.com.tr\/ar\/wp-json\/wp\/v2\/product\/18725\/revisions\/19053"}],"wp:featuredmedia":[{"embeddable":true,"href":"https:\/\/digitaltarget.com.tr\/ar\/wp-json\/wp\/v2\/media\/18733"}],"wp:attachment":[{"href":"https:\/\/digitaltarget.com.tr\/ar\/wp-json\/wp\/v2\/media?parent=18725"}],"wp:term":[{"taxonomy":"product_cat","embeddable":true,"href":"https:\/\/digitaltarget.com.tr\/ar\/wp-json\/wp\/v2\/product_cat?post=18725"},{"taxonomy":"product_tag","embeddable":true,"href":"https:\/\/digitaltarget.com.tr\/ar\/wp-json\/wp\/v2\/product_tag?post=18725"}],"curies":[{"name":"wp","href":"https:\/\/api.w.org\/{rel}","templated":true}]}}