{"id":18767,"date":"2024-07-09T09:26:31","date_gmt":"2024-07-09T09:26:31","guid":{"rendered":"https:\/\/digitaltarget.com.tr\/?post_type=product&#038;p=18767"},"modified":"2024-08-01T12:11:20","modified_gmt":"2024-08-01T12:11:20","slug":"hqprop-9x4x3-9040-9-inch-three-blade-propeller-2cw2ccw","status":"publish","type":"product","link":"https:\/\/digitaltarget.com.tr\/ar\/product\/hqprop-9x4x3-9040-9-inch-three-blade-propeller-2cw2ccw\/","title":{"rendered":"HQProp 9X4X3 9040 9 in\u00e7 \u00fc\u00e7 kanatl\u0131 pervane 2CW+2CCW"},"content":{"rendered":"<h3 align=\"start\"><strong>\u00d6zellikler\uff1a<\/strong><\/h3>\n<ul>\n<li>\n<p align=\"start\">HQ Prop 9X4X3 (CCW CW)<\/p>\n<\/li>\n<li>\n<p align=\"start\">Pervane \u00c7ap\u0131: 9 in\u00e7<\/p>\n<\/li>\n<li>\n<p align=\"start\">Ad\u0131m: 4<\/p>\n<\/li>\n<li>\n<p align=\"start\">Kanatlar: 3<\/p>\n<\/li>\n<li>\n<p align=\"start\">Malzeme: Cam Elyaf Takviyeli Naylon<\/p>\n<\/li>\n<li>\n<p align=\"start\">A\u011f\u0131rl\u0131k: 18,5 g\/adet<\/p>\n<\/li>\n<li>\n<p align=\"start\">G\u00f6bek \u00c7ap\u0131: 17,4 mm<\/p>\n<\/li>\n<li>\n<p align=\"start\">G\u00f6bek Kal\u0131nl\u0131\u011f\u0131: 10mm<\/p>\n<\/li>\n<li>\n<p align=\"start\">\u015eaft: 5mm<\/p>\n<\/li>\n<li>\n<p align=\"start\">Adapt\u00f6r Halkalar\u0131: Yok<\/p>\n<\/li>\n<\/ul>\n<h3><strong>Paket \u0130\u00e7eri\u011fi:<\/strong><\/h3>\n<ul>\n<li>\n<p align=\"start\">2 adet x\u00a0HQ 9X4X3 Pervane CW<\/p>\n<\/li>\n<li>\n<p align=\"start\">2 adet x\u00a0HQ 9X4X3 Pervane CCW<\/p>\n<\/li>\n<\/ul>","protected":false},"excerpt":{"rendered":"<p>\u00d6zellikler\uff1a HQ Prop 9X4X3 (CCW CW) Pervane \u00c7ap\u0131: 9 in\u00e7 Ad\u0131m: 4 Kanatlar: 3 Malzeme: Cam Elyaf Takviyeli Naylon A\u011f\u0131rl\u0131k:<\/p>","protected":false},"featured_media":18768,"comment_status":"open","ping_status":"closed","template":"","meta":{"_monsterinsights_skip_tracking":false,"_monsterinsights_sitenote_active":false,"_monsterinsights_sitenote_note":"","_monsterinsights_sitenote_category":0},"product_cat":[350],"product_tag":[],"aioseo_notices":[],"jetpack_sharing_enabled":true,"_links":{"self":[{"href":"https:\/\/digitaltarget.com.tr\/ar\/wp-json\/wp\/v2\/product\/18767"}],"collection":[{"href":"https:\/\/digitaltarget.com.tr\/ar\/wp-json\/wp\/v2\/product"}],"about":[{"href":"https:\/\/digitaltarget.com.tr\/ar\/wp-json\/wp\/v2\/types\/product"}],"replies":[{"embeddable":true,"href":"https:\/\/digitaltarget.com.tr\/ar\/wp-json\/wp\/v2\/comments?post=18767"}],"version-history":[{"count":3,"href":"https:\/\/digitaltarget.com.tr\/ar\/wp-json\/wp\/v2\/product\/18767\/revisions"}],"predecessor-version":[{"id":19051,"href":"https:\/\/digitaltarget.com.tr\/ar\/wp-json\/wp\/v2\/product\/18767\/revisions\/19051"}],"wp:featuredmedia":[{"embeddable":true,"href":"https:\/\/digitaltarget.com.tr\/ar\/wp-json\/wp\/v2\/media\/18768"}],"wp:attachment":[{"href":"https:\/\/digitaltarget.com.tr\/ar\/wp-json\/wp\/v2\/media?parent=18767"}],"wp:term":[{"taxonomy":"product_cat","embeddable":true,"href":"https:\/\/digitaltarget.com.tr\/ar\/wp-json\/wp\/v2\/product_cat?post=18767"},{"taxonomy":"product_tag","embeddable":true,"href":"https:\/\/digitaltarget.com.tr\/ar\/wp-json\/wp\/v2\/product_tag?post=18767"}],"curies":[{"name":"wp","href":"https:\/\/api.w.org\/{rel}","templated":true}]}}