{"id":18771,"date":"2024-07-09T09:55:02","date_gmt":"2024-07-09T09:55:02","guid":{"rendered":"https:\/\/digitaltarget.com.tr\/?post_type=product&#038;p=18771"},"modified":"2024-08-01T12:08:59","modified_gmt":"2024-08-01T12:08:59","slug":"1-2-1-3ghz-1500mw-fpv-video-transmitter-vtx","status":"publish","type":"product","link":"https:\/\/digitaltarget.com.tr\/ar\/product\/1-2-1-3ghz-1500mw-fpv-video-transmitter-vtx\/","title":{"rendered":"1.2\/1.3GHz 1500mW FPV Video Vericisi VTX"},"content":{"rendered":"<p><strong>1500mW VTX Verici<\/strong><\/p>\n<p>Voltaj:DC12V<\/p>\n<p>Ak\u0131m:400mA<\/p>\n<p>Frekans:1.2G-1.3<\/p>\n<p>Kanallar:8CH<\/p>\n<p>Ba\u011flay\u0131c\u0131: verici mod\u00fcl taraf\u0131 RP-SMA jak\u0131, anten SMA fi\u015fi<\/p>\n<p>Frekans:CH4:1080 CH5:1120 CH6:1160 HC7:1200 HC8:1240 CH9:1280 CHH:1320 CHC12:1360<\/p>\n<p>G\u00fc\u00e7:1500mW<\/p>","protected":false},"excerpt":{"rendered":"<p>1500mW VTX Verici Voltaj:DC12V Ak\u0131m:400mA Frekans:1.2G-1.3 Kanallar:8CH Ba\u011flay\u0131c\u0131: verici mod\u00fcl taraf\u0131 RP-SMA jak\u0131, anten SMA fi\u015fi Frekans:CH4:1080 CH5:1120 CH6:1160 HC7:1200<\/p>","protected":false},"featured_media":18772,"comment_status":"open","ping_status":"closed","template":"","meta":{"_monsterinsights_skip_tracking":false,"_monsterinsights_sitenote_active":false,"_monsterinsights_sitenote_note":"","_monsterinsights_sitenote_category":0},"product_cat":[451],"product_tag":[],"aioseo_notices":[],"jetpack_sharing_enabled":true,"_links":{"self":[{"href":"https:\/\/digitaltarget.com.tr\/ar\/wp-json\/wp\/v2\/product\/18771"}],"collection":[{"href":"https:\/\/digitaltarget.com.tr\/ar\/wp-json\/wp\/v2\/product"}],"about":[{"href":"https:\/\/digitaltarget.com.tr\/ar\/wp-json\/wp\/v2\/types\/product"}],"replies":[{"embeddable":true,"href":"https:\/\/digitaltarget.com.tr\/ar\/wp-json\/wp\/v2\/comments?post=18771"}],"version-history":[{"count":3,"href":"https:\/\/digitaltarget.com.tr\/ar\/wp-json\/wp\/v2\/product\/18771\/revisions"}],"predecessor-version":[{"id":19049,"href":"https:\/\/digitaltarget.com.tr\/ar\/wp-json\/wp\/v2\/product\/18771\/revisions\/19049"}],"wp:featuredmedia":[{"embeddable":true,"href":"https:\/\/digitaltarget.com.tr\/ar\/wp-json\/wp\/v2\/media\/18772"}],"wp:attachment":[{"href":"https:\/\/digitaltarget.com.tr\/ar\/wp-json\/wp\/v2\/media?parent=18771"}],"wp:term":[{"taxonomy":"product_cat","embeddable":true,"href":"https:\/\/digitaltarget.com.tr\/ar\/wp-json\/wp\/v2\/product_cat?post=18771"},{"taxonomy":"product_tag","embeddable":true,"href":"https:\/\/digitaltarget.com.tr\/ar\/wp-json\/wp\/v2\/product_tag?post=18771"}],"curies":[{"name":"wp","href":"https:\/\/api.w.org\/{rel}","templated":true}]}}