{"id":19256,"date":"2024-09-05T12:33:54","date_gmt":"2024-09-05T12:33:54","guid":{"rendered":"https:\/\/digitaltarget.com.tr\/?post_type=product&#038;p=19256"},"modified":"2024-09-24T10:14:21","modified_gmt":"2024-09-24T10:14:21","slug":"seeker-10-v2-hd-10x-optical-zoom-camera-with-3-axis-gimbal","status":"publish","type":"product","link":"https:\/\/digitaltarget.com.tr\/ar\/product\/seeker-10-v2-hd-10x-optical-zoom-camera-with-3-axis-gimbal\/","title":{"rendered":"Seeker-10 V2 1080P HD 10X Zoom UAV 3- Eksen Gimbal Kamera"},"content":{"rendered":"<h2>Seeker-10 V2 1080P HD 10X Zoom UAV 3- Eksen Gimbal Kamera<\/h2>\n<div>SEEKER-10 V2 10X Optik Zoom Kamera 4 mega efektif piksele sahiptir, 10X optik otomatik odaklamay\u0131 destekler. K\u00fc\u00e7\u00fck boyutlu, hafif ve kompakt bir yap\u0131ya sahiptir. 10x yak\u0131nla\u015ft\u0131rmal\u0131 kamera, 1080p FULL HD 30fps yerle\u015fik video kayd\u0131(H.264) ve yere HD video iletimi i\u00e7in 1080p 60fps HDMI \u00e7\u0131k\u0131\u015f\u0131 sunar. SEEKER-10 V2, maksimum 32G SD kart\u0131 destekler.<\/div>\n<div><\/div>\n<div>SEEKER-10 V2 gimbal, yak\u0131n mesafe uzaktan kumanda veya uzaktan veri komut kontrol\u00fc i\u00e7in uygun olan hem PWM kontrol\u00fcn\u00fc hem de seri komut kontrol\u00fcn\u00fc destekler.<\/div>\n<div>SEEKER-10 V2, askeri ke\u015fif, polis g\u00f6zetimi ve delil toplama, afet \u00f6nleme, acil durum izleme ve kurtarma gibi bir\u00e7ok alanda uygulanabilmektedir.<\/div>\n<div><\/div>\n<h2><span style=\"color: #1b1919; font-size: 22px;\">Teknik \u00d6zellikler<\/span><\/h2>\n<div>\n<div>\n<ul>\n<li>G\u00f6r\u00fcnt\u00fcleyici Sens\u00f6r\u00fc: 1\/3&#8243; Exmor CMOS<\/li>\n<li>Video \u00c7\u0131k\u0131\u015f\u0131: 1080P\/60fps HDMI<\/li>\n<li>Video Kayd\u0131: 1080P\/30 MOV<\/li>\n<li>Odak Uzakl\u0131\u011f\u0131: 10X optik odak yak\u0131nla\u015ft\u0131rma, 4,9-49 mm<\/li>\n<li>Diyafram: \u03a612.0<\/li>\n<li>Otomatik odaklama: 1 saniyeden az<\/li>\n<li>Geni\u015f Dinamik: 105dB&#8217;ye kadar<\/li>\n<li>SD kart: Max 32G, s\u0131n\u0131f 10, FAT32 format\u0131n\u0131 destekler<\/li>\n<\/ul>\n<div><\/div>\n<h3>Gimbal Sistemi:<\/h3>\n<ul>\n<li>Giri\u015f voltaj\u0131: 3S-4S<\/li>\n<li>Statik ak\u0131m: 240mA(@12v)<\/li>\n<li>Dinamik ak\u0131m: 320mA(@12V)<\/li>\n<li>\u00c7al\u0131\u015fma S\u0131cakl\u0131\u011f\u0131: -10 \u2103 ~ +50 \u2103<\/li>\n<li>Kontrol a\u00e7\u0131s\u0131 aral\u0131\u011f\u0131: Pitch:\u00b190\u00b0 Yuvarlanma:\u00b145\u00b0 Sapma:\u00b1150\u00b0<\/li>\n<li>Kontrol Hassasiyeti: Pitch &amp; Roll: \u00b10,02\u00b0Yaw: \u00b10,03\u00b0<\/li>\n<li>Boyut: 105x91x98mm<\/li>\n<li>A\u011f\u0131rl\u0131k: 400g<\/li>\n<li>Kontrol aray\u00fcz\u00fc: PWM ve seri komut<\/li>\n<\/ul>\n<p>&nbsp;<\/p>\n<ul>\n<li><iframe title=\"Nimbus 10x zoom camera 10km data and video range long range surveillance VTOL\" width=\"500\" height=\"281\" src=\"https:\/\/www.youtube.com\/embed\/iH8t9YK9cd4?feature=oembed\" frameborder=\"0\" allow=\"accelerometer; autoplay; clipboard-write; encrypted-media; gyroscope; picture-in-picture; web-share\" referrerpolicy=\"strict-origin-when-cross-origin\" allowfullscreen><\/iframe><\/li>\n<\/ul>\n<\/div>\n<\/div>","protected":false},"excerpt":{"rendered":"<p>Seeker-10 V2 1080P HD 10X Zoom UAV 3- Eksen Gimbal Kamera SEEKER-10 V2 10X Optik Zoom Kamera 4 mega efektif<\/p>","protected":false},"featured_media":19257,"comment_status":"open","ping_status":"closed","template":"","meta":{"_monsterinsights_skip_tracking":false,"_monsterinsights_sitenote_active":false,"_monsterinsights_sitenote_note":"","_monsterinsights_sitenote_category":0},"product_cat":[308],"product_tag":[],"aioseo_notices":[],"jetpack_sharing_enabled":true,"_links":{"self":[{"href":"https:\/\/digitaltarget.com.tr\/ar\/wp-json\/wp\/v2\/product\/19256"}],"collection":[{"href":"https:\/\/digitaltarget.com.tr\/ar\/wp-json\/wp\/v2\/product"}],"about":[{"href":"https:\/\/digitaltarget.com.tr\/ar\/wp-json\/wp\/v2\/types\/product"}],"replies":[{"embeddable":true,"href":"https:\/\/digitaltarget.com.tr\/ar\/wp-json\/wp\/v2\/comments?post=19256"}],"version-history":[{"count":6,"href":"https:\/\/digitaltarget.com.tr\/ar\/wp-json\/wp\/v2\/product\/19256\/revisions"}],"predecessor-version":[{"id":19267,"href":"https:\/\/digitaltarget.com.tr\/ar\/wp-json\/wp\/v2\/product\/19256\/revisions\/19267"}],"wp:featuredmedia":[{"embeddable":true,"href":"https:\/\/digitaltarget.com.tr\/ar\/wp-json\/wp\/v2\/media\/19257"}],"wp:attachment":[{"href":"https:\/\/digitaltarget.com.tr\/ar\/wp-json\/wp\/v2\/media?parent=19256"}],"wp:term":[{"taxonomy":"product_cat","embeddable":true,"href":"https:\/\/digitaltarget.com.tr\/ar\/wp-json\/wp\/v2\/product_cat?post=19256"},{"taxonomy":"product_tag","embeddable":true,"href":"https:\/\/digitaltarget.com.tr\/ar\/wp-json\/wp\/v2\/product_tag?post=19256"}],"curies":[{"name":"wp","href":"https:\/\/api.w.org\/{rel}","templated":true}]}}