{"id":15794,"date":"2023-07-12T07:13:15","date_gmt":"2023-07-12T07:13:15","guid":{"rendered":"https:\/\/digitaltarget.com.tr\/?page_id=15794"},"modified":"2024-08-13T09:33:53","modified_gmt":"2024-08-13T09:33:53","slug":"faqs","status":"publish","type":"page","link":"https:\/\/digitaltarget.com.tr\/en\/faqs\/","title":{"rendered":"FAQs"},"content":{"rendered":"<div data-elementor-type=\"wp-page\" data-elementor-id=\"15794\" class=\"elementor elementor-15794\">\n\t\t\t\t\t\t<section class=\"wd-negative-gap elementor-section elementor-top-section elementor-element elementor-element-3a13aba6 elementor-section-boxed elementor-section-height-default elementor-section-height-default wd-section-disabled\" data-id=\"3a13aba6\" data-element_type=\"section\">\n\t\t\t\t\t\t<div class=\"elementor-container elementor-column-gap-default\">\n\t\t\t\t\t<div class=\"elementor-column elementor-col-100 elementor-top-column elementor-element elementor-element-773102ee\" data-id=\"773102ee\" data-element_type=\"column\">\n\t\t\t<div class=\"elementor-widget-wrap elementor-element-populated\">\n\t\t\t\t\t\t<div class=\"elementor-element elementor-element-3d38cd48 elementor-widget elementor-widget-wd_title\" data-id=\"3d38cd48\" data-element_type=\"widget\" data-widget_type=\"wd_title.default\">\n\t\t\t\t<div class=\"elementor-widget-container\">\n\t\t\t\t\t<div class=\"title-wrapper set-mb-s reset-last-child wd-title-color-default wd-title-style-default wd-title-size-large text-center\">\n\n\t\t\t\n\t\t\t<div class=\"liner-continer\">\n\t\t\t\t<h4 class=\"woodmart-title-container title wd-fontsize-xxl\">Akl\u0131n\u0131za gelebilecek t\u00fcm sorular\u0131n\u0131za yan\u0131t al\u0131n.<\/h4> \n\t\t\t\t\t\t\t<\/div>\n\n\t\t\t\t\t<\/div>\n\t\t\t\t<\/div>\n\t\t\t\t<\/div>\n\t\t\t\t<div class=\"elementor-element elementor-element-4e70569a elementor-widget elementor-widget-wd_text_block\" data-id=\"4e70569a\" data-element_type=\"widget\" data-widget_type=\"wd_text_block.default\">\n\t\t\t\t<div class=\"elementor-widget-container\">\n\t\t\t\t\t<div class=\"wd-text-block reset-last-child text-center\">\n\t\t\t\n\t\t\tOnline sat\u0131\u015flar\u0131m\u0131zla ilgili herhangi bir sorunuz varsa, buradan yan\u0131tlayaca\u011f\u0131z. Pazartesi'den Cuma'ya, <span style=\"color: #212121;\"><strong>09:00 - 21:00 UTC +2<\/strong><\/span> saatleri aras\u0131nda.\n\n\t\t\t\t\t<\/div>\n\t\t\t\t<\/div>\n\t\t\t\t<\/div>\n\t\t\t\t<div class=\"elementor-element elementor-element-2afd75a1 elementor-widget elementor-widget-wd_popup\" data-id=\"2afd75a1\" data-element_type=\"widget\" data-widget_type=\"wd_popup.default\">\n\t\t\t\t<div class=\"elementor-widget-container\">\n\t\t\t\t\t\t\t<div class=\"wd-button-wrapper text-center\" >\n\t\t\t<a class=\"btn btn-style-default btn-style-rectangle btn-size-large wd-open-popup btn-color-primary btn-icon-pos-right\"  href=\"#contact-form-popup\">\n\t\t\t\t<span class=\"wd-btn-text\" data-elementor-setting-key=\"text\">\n\t\t\t\t\t\u015e\u0130RKET\u0130M\u0130ZLE \u0130LET\u0130\u015e\u0130ME GE\u00c7\u0130N\t\t\t\t<\/span>\n\n\t\t\t\t\t\t\t<\/a>\n\t\t<\/div>\n\t\t\t\t\t\t\t<div id=\"contact-form-popup\" class=\"mfp-with-anim wd-popup wd-popup-element mfp-hide\" style=\"max-width:900px;\">\n\t\t\t\t<div class=\"wd-popup-inner\">\n\t\t\t\t\t<style><\/style>\t\t<div data-elementor-type=\"wp-post\" data-elementor-id=\"4452\" class=\"elementor elementor-4452\">\n\t\t\t\t\t\t<section class=\"wd-negative-gap elementor-section elementor-top-section elementor-element elementor-element-27bd689 elementor-section-boxed elementor-section-height-default elementor-section-height-default wd-section-disabled\" data-id=\"27bd689\" data-element_type=\"section\">\n\t\t\t\t\t\t<div class=\"elementor-container elementor-column-gap-default\">\n\t\t\t\t\t<div class=\"elementor-column elementor-col-100 elementor-top-column elementor-element elementor-element-6796e91\" data-id=\"6796e91\" data-element_type=\"column\">\n\t\t\t<div class=\"elementor-widget-wrap elementor-element-populated\">\n\t\t\t\t\t\t<div class=\"elementor-element elementor-element-85fce38 elementor-widget elementor-widget-wd_infobox\" data-id=\"85fce38\" data-element_type=\"widget\" data-widget_type=\"wd_infobox.default\">\n\t\t\t\t<div class=\"elementor-widget-container\">\n\t\t\t\t\t<div class=\"info-box-wrapper\">\n\t\t\t<div class=\"wd-info-box text-left box-icon-align-left box-style-base color-scheme- wd-items-top with-btn box-btn-static\" onclick=\"window.location.href='#'\">\n\t\t\t\t\n\t\t\t\t<div class=\"info-box-content\">\n\t\t\t\t\t\t\t\t\t\t\t<div class=\"info-box-subtitle subtitle-color-default subtitle-style-default wd-fontsize-xs\"\n\t\t\t\t\t\t\t  data-elementor-setting-key=\"subtitle\">\n\t\t\t\t\t\t\tOUR STORES\t\t\t\t\t\t<\/div>\n\t\t\t\t\t\n\t\t\t\t\t\t\t\t\t\t\t<h4\t\t\t\t\t\tclass=\"info-box-title title box-title-style-default wd-fontsize-m\" data-elementor-setting-key=\"title\">\n\t\t\t\t\t\t\t\tVISIT OUR NEW<br \/>\nSTORE IN NEW YORK\t\t\t\t\t\t<\/h4>\n\t\t\t\t\t\n\t\t\t\t\t<div class=\"info-box-inner set-cont-mb-s reset-last-child\"\n\t\t\t\t\t\t data-elementor-setting-key=\"content\">\n\t\t\t\t\t\t<p>294 Bay Meadows Ave.<br \/>Bay Shore, NY 11706<\/p>\n\t\t\t\t\t<\/div>\n\t\n\t\t\t\t\t\t\t\t\t\t\t<div class=\"info-btn-wrapper\">\n\t\t\t\t\t\t\t\t\t<div class=\"wd-button-wrapper text-left\" >\n\t\t\t<a class=\"btn btn-style-link btn-style- btn-size-default btn-color-default btn-icon-pos-right\"  href=\"#\">\n\t\t\t\t<span class=\"wd-btn-text\" data-elementor-setting-key=\"text\">\n\t\t\t\t\tSee More About\t\t\t\t<\/span>\n\n\t\t\t\t\t\t\t<\/a>\n\t\t<\/div>\n\t\t\t\t\t\t\t\t<\/div>\n\t\t\t\t\t\t\t\t\t<\/div>\n\t\t\t<\/div>\n\t\t<\/div>\n\t\t\t\t<\/div>\n\t\t\t\t<\/div>\n\t\t\t\t\t<\/div>\n\t\t<\/div>\n\t\t\t\t\t<\/div>\n\t\t<\/section>\n\t\t\t\t<\/div>\n\t\t\t\t\t\t<\/div>\n\t\t\t<\/div>\n\t\t\t\t\t\t<\/div>\n\t\t\t\t<\/div>\n\t\t\t\t<div class=\"elementor-element elementor-element-2193424e elementor-widget elementor-widget-wd_social_buttons\" data-id=\"2193424e\" data-element_type=\"widget\" data-widget_type=\"wd_social_buttons.default\">\n\t\t\t\t<div class=\"elementor-widget-container\">\n\t\t\t\n\t\t\t<div class=\"wd-social-icons icons-design-bordered icons-size-small color-scheme-dark social-share social-form-circle text-center\">\n\n\t\t\t\t\n\t\t\t\t\t\t\t\t\t<a rel=\"noopener noreferrer nofollow\" href=\"https:\/\/www.facebook.com\/sharer\/sharer.php?u=https:\/\/digitaltarget.com.tr\/en\/faqs\/\" target=\"_blank\" class=\"wd-social-icon social-facebook\" aria-label=\"Facebook social link\">\n\t\t\t\t\t\t<span class=\"wd-icon\"><\/span>\n\t\t\t\t\t\t\t\t\t\t\t<\/a>\n\t\t\t\t\n\t\t\t\t\n\t\t\t\t\n\t\t\t\t\n\t\t\t\t\n\t\t\t\t\n\t\t\t\t\n\t\t\t\t\t\t\t\t\t<a rel=\"noopener noreferrer nofollow\" href=\"https:\/\/www.linkedin.com\/shareArticle?mini=true&url=https:\/\/digitaltarget.com.tr\/en\/faqs\/\" target=\"_blank\" class=\"wd-social-icon social-linkedin\" aria-label=\"Linkedin social link\">\n\t\t\t\t\t\t<span class=\"wd-icon\"><\/span>\n\t\t\t\t\t\t\t\t\t\t\t<\/a>\n\t\t\t\t\n\t\t\t\t\n\t\t\t\t\n\t\t\t\t\n\t\t\t\t\n\t\t\t\t\n\t\t\t\t\n\t\t\t\t\n\t\t\t\t\n\t\t\t\t\n\t\t\t\t\t\t\t\t\n\t\t\t\t\t\t\t\t\n\t\t\t\t\n\t\t\t\t\t\t\t\t\n\t\t\t\t\n\t\t\t<\/div>\n\n\t\t\t\t<\/div>\n\t\t\t\t<\/div>\n\t\t\t\t\t<\/div>\n\t\t<\/div>\n\t\t\t\t\t<\/div>\n\t\t<\/section>\n\t\t\t\t<section class=\"wd-negative-gap elementor-section elementor-top-section elementor-element elementor-element-5eda67f5 elementor-section-boxed elementor-section-height-default elementor-section-height-default wd-section-disabled\" data-id=\"5eda67f5\" data-element_type=\"section\">\n\t\t\t\t\t\t<div class=\"elementor-container elementor-column-gap-default\">\n\t\t\t\t\t<div class=\"elementor-column elementor-col-50 elementor-top-column elementor-element elementor-element-5b9a2fde\" data-id=\"5b9a2fde\" data-element_type=\"column\">\n\t\t\t<div class=\"elementor-widget-wrap elementor-element-populated\">\n\t\t\t\t\t\t<div class=\"elementor-element elementor-element-75367696 elementor-widget elementor-widget-wd_title\" data-id=\"75367696\" data-element_type=\"widget\" data-widget_type=\"wd_title.default\">\n\t\t\t\t<div class=\"elementor-widget-container\">\n\t\t\t\t\t<div class=\"title-wrapper set-mb-s reset-last-child wd-title-color-default wd-title-style-default wd-title-size-default text-left\">\n\n\t\t\t\n\t\t\t<div class=\"liner-continer\">\n\t\t\t\t<h4 class=\"woodmart-title-container title wd-fontsize-l\">ALI\u015eVERI\u0307\u015e BI\u0307LGI\u0307LERI\u0307<\/h4> \n\t\t\t\t\t\t\t<\/div>\n\n\t\t\t\t\t<\/div>\n\t\t\t\t<\/div>\n\t\t\t\t<\/div>\n\t\t\t\t<div class=\"elementor-element elementor-element-41c28442 elementor-widget elementor-widget-wd_accordion\" data-id=\"41c28442\" data-element_type=\"widget\" data-widget_type=\"wd_accordion.default\">\n\t\t\t\t<div class=\"elementor-widget-container\">\n\t\t\t\n\t\t<div class=\"wd-accordion wd-style-default\" data-state=\"first\">\n\t\t\t\t\t\t\t\n\t\t\t\t<div class=\"wd-accordion-item\">\n\t\t\t\t\t<div class=\"wd-accordion-title wd-active text-left wd-opener-pos-right\" data-accordion-index=\"0\">\n\t\t\t\t\t\t<div class=\"wd-accordion-title-text\">\n\t\t\t\t\t\t\t\t\t\t\t\t\t\t<span>\n\t\t\t\t\t\t\t\tOnline Ma\u011fazadan verilen sipari\u015flerde teslimat \u00fccreti var m\u0131?\t\t\t\t\t\t\t<\/span>\n\t\t\t\t\t\t<\/div>\n\t\t\t\t\t\t<span class=\"wd-accordion-opener wd-opener-style-arrow\"><\/span>\n\t\t\t\t\t<\/div>\n\n\t\t\t\t\t<div class=\"wd-accordion-content reset-last-child wd-active\" data-accordion-index=\"0\">\n\t\t\t\t\t\t\t\t\t\t\t\t\t\n\t\t\t\t\t\t\t<p>Teslimat \u00fccretleri, bulundu\u011funuz konuma ve se\u00e7ti\u011finiz kargo y\u00f6ntemine ba\u011fl\u0131d\u0131r. \u00d6deme s\u00fcrecinde, adresiniz i\u00e7in mevcut kargo se\u00e7eneklerini ve bunlar\u0131n maliyetlerini g\u00f6receksiniz. Belirli bir miktar\u0131n \u00fczerindeki sipari\u015flerde genellikle \u00fccretsiz kargo kampanyalar\u0131 sunuyoruz, bu y\u00fczden mevcut teklifleri kontrol etti\u011finizden emin olun.<\/p>\n\t\t\t\t\t\t\t\t\t\t\t\t\t\t\t\t\t\t<\/div>\n\t\t\t\t<\/div>\n\t\t\t\t\t\t\t\n\t\t\t\t<div class=\"wd-accordion-item\">\n\t\t\t\t\t<div class=\"wd-accordion-title text-left wd-opener-pos-right\" data-accordion-index=\"1\">\n\t\t\t\t\t\t<div class=\"wd-accordion-title-text\">\n\t\t\t\t\t\t\t\t\t\t\t\t\t\t<span>\n\t\t\t\t\t\t\t\tTeslimat ne kadar s\u00fcrecek?\t\t\t\t\t\t\t<\/span>\n\t\t\t\t\t\t<\/div>\n\t\t\t\t\t\t<span class=\"wd-accordion-opener wd-opener-style-arrow\"><\/span>\n\t\t\t\t\t<\/div>\n\n\t\t\t\t\t<div class=\"wd-accordion-content reset-last-child\" data-accordion-index=\"1\">\n\t\t\t\t\t\t\t\t\t\t\t\t\t\n\t\t\t\t\t\t\tTeslimat s\u00fcreleri, bulundu\u011funuz yere ve se\u00e7ilen g\u00f6nderim y\u00f6ntemine ba\u011fl\u0131 olarak de\u011fi\u015fir. Genellikle standart teslimat 3-5 i\u015f g\u00fcn\u00fc s\u00fcrerken, h\u0131zland\u0131r\u0131lm\u0131\u015f teslimat 1-3 i\u015f g\u00fcn\u00fc i\u00e7inde ula\u015fabilir. Sipari\u015finizi verdi\u011finizde tahmini bir teslimat tarihi ve g\u00f6nderinizi takip etmek i\u00e7in bir takip numaras\u0131 alacaks\u0131n\u0131z.\n\t\t\t\t\t\t\t\t\t\t\t\t\t\t\t\t\t\t<\/div>\n\t\t\t\t<\/div>\n\t\t\t\t\t\t\t\n\t\t\t\t<div class=\"wd-accordion-item\">\n\t\t\t\t\t<div class=\"wd-accordion-title text-left wd-opener-pos-right\" data-accordion-index=\"2\">\n\t\t\t\t\t\t<div class=\"wd-accordion-title-text\">\n\t\t\t\t\t\t\t\t\t\t\t\t\t\t<span>\n\t\t\t\t\t\t\t\tSipari\u015f verdikten sonra tam olarak ne oluyor?\t\t\t\t\t\t\t<\/span>\n\t\t\t\t\t\t<\/div>\n\t\t\t\t\t\t<span class=\"wd-accordion-opener wd-opener-style-arrow\"><\/span>\n\t\t\t\t\t<\/div>\n\n\t\t\t\t\t<div class=\"wd-accordion-content reset-last-child\" data-accordion-index=\"2\">\n\t\t\t\t\t\t\t\t\t\t\t\t\t\n\t\t\t\t\t\t\t<p>Sipari\u015finizi verdikten sonra sipari\u015f detaylar\u0131n\u0131z\u0131n bulundu\u011fu bir onay e-postas\u0131 alacaks\u0131n\u0131z. Ekibimiz daha sonra sipari\u015finizi i\u015fleyecek, \u00fcr\u00fcnlerinizi dikkatlice paketleyecek ve size g\u00f6nderecektir. Sipari\u015finiz g\u00f6nderildikten sonra teslimat durumunu izleyebilmeniz i\u00e7in takip numaran\u0131z\u0131n bulundu\u011fu ba\u015fka bir e-posta alacaks\u0131n\u0131z. Bu s\u00fcre\u00e7te herhangi bir sorunuz veya endi\u015feniz varsa m\u00fc\u015fteri hizmetleri ekibimiz yard\u0131mc\u0131 olmak i\u00e7in burada.<\/p>\n\t\t\t\t\t\t\t\t\t\t\t\t\t\t\t\t\t\t<\/div>\n\t\t\t\t<\/div>\n\t\t\t\t\t\t\t\n\t\t\t\t<div class=\"wd-accordion-item\">\n\t\t\t\t\t<div class=\"wd-accordion-title text-left wd-opener-pos-right\" data-accordion-index=\"3\">\n\t\t\t\t\t\t<div class=\"wd-accordion-title-text\">\n\t\t\t\t\t\t\t\t\t\t\t\t\t\t<span>\n\t\t\t\t\t\t\t\tSipari\u015fim i\u00e7in fatura alacak m\u0131y\u0131m?\t\t\t\t\t\t\t<\/span>\n\t\t\t\t\t\t<\/div>\n\t\t\t\t\t\t<span class=\"wd-accordion-opener wd-opener-style-arrow\"><\/span>\n\t\t\t\t\t<\/div>\n\n\t\t\t\t\t<div class=\"wd-accordion-content reset-last-child\" data-accordion-index=\"3\">\n\t\t\t\t\t\t\t\t\t\t\t\t\t\n\t\t\t\t\t\t\t<p>Evet, sipari\u015finiz i\u00e7in bir fatura alacaks\u0131n\u0131z. Sipari\u015finiz onayland\u0131ktan sonra, size bir fatura e-postayla g\u00f6nderilecektir. Ayr\u0131ca, faturan\u0131za web sitemizdeki \"Sipari\u015f Ge\u00e7mi\u015fi\" b\u00f6l\u00fcm\u00fcndeki hesab\u0131n\u0131zdan eri\u015febilir ve indirebilirsiniz. Bas\u0131l\u0131 bir kopyaya ihtiyac\u0131n\u0131z varsa, faturay\u0131 do\u011frudan e-postan\u0131zdan veya hesap sayfan\u0131zdan yazd\u0131rabilirsiniz.<\/p>\n\t\t\t\t\t\t\t\t\t\t\t\t\t\t\t\t\t\t<\/div>\n\t\t\t\t<\/div>\n\t\t\t\t\t\t\t\n\t\t\t\t<div class=\"wd-accordion-item\">\n\t\t\t\t\t<div class=\"wd-accordion-title text-left wd-opener-pos-right\" data-accordion-index=\"4\">\n\t\t\t\t\t\t<div class=\"wd-accordion-title-text\">\n\t\t\t\t\t\t\t\t\t\t\t\t\t\t<span>\n\t\t\t\t\t\t\t\tSipari\u015fimin durumunu nas\u0131l takip edebilirim?\t\t\t\t\t\t\t<\/span>\n\t\t\t\t\t\t<\/div>\n\t\t\t\t\t\t<span class=\"wd-accordion-opener wd-opener-style-arrow\"><\/span>\n\t\t\t\t\t<\/div>\n\n\t\t\t\t\t<div class=\"wd-accordion-content reset-last-child\" data-accordion-index=\"4\">\n\t\t\t\t\t\t\t\t\t\t\t\t\t\n\t\t\t\t\t\t\t<p>Sipari\u015finizin durumunu web sitemizdeki hesab\u0131n\u0131zdan kolayca takip edebilirsiniz. Giri\u015f yapt\u0131ktan sonra, son sat\u0131n al\u0131mlar\u0131n\u0131z\u0131n bir listesini bulaca\u011f\u0131n\u0131z \"Sipari\u015flerim\" b\u00f6l\u00fcm\u00fcne gidin. Mevcut durumunu ve ta\u015f\u0131y\u0131c\u0131 taraf\u0131ndan sa\u011flanan herhangi bir takip bilgisini g\u00f6r\u00fcnt\u00fclemek i\u00e7in takip etmek istedi\u011finiz sipari\u015fe t\u0131klay\u0131n. Ayr\u0131ca, sipari\u015finiz g\u00f6nderildikten sonra takip ayr\u0131nt\u0131lar\u0131yla e-posta g\u00fcncellemeleri alacaks\u0131n\u0131z. Herhangi bir sorunuz varsa veya daha fazla yard\u0131ma ihtiyac\u0131n\u0131z varsa, m\u00fc\u015fteri hizmetleri ekibimiz her zaman yard\u0131m etmeye haz\u0131rd\u0131r.<\/p>\n\t\t\t\t\t\t\t\t\t\t\t\t\t\t\t\t\t\t<\/div>\n\t\t\t\t<\/div>\n\t\t\t\t\t<\/div>\n\t\t\t\t<\/div>\n\t\t\t\t<\/div>\n\t\t\t\t\t<\/div>\n\t\t<\/div>\n\t\t\t\t<div class=\"elementor-column elementor-col-50 elementor-top-column elementor-element elementor-element-70a5a80b\" data-id=\"70a5a80b\" data-element_type=\"column\">\n\t\t\t<div class=\"elementor-widget-wrap elementor-element-populated\">\n\t\t\t\t\t\t<div class=\"elementor-element elementor-element-2e53c6ba elementor-widget elementor-widget-wd_title\" data-id=\"2e53c6ba\" data-element_type=\"widget\" data-widget_type=\"wd_title.default\">\n\t\t\t\t<div class=\"elementor-widget-container\">\n\t\t\t\t\t<div class=\"title-wrapper set-mb-s reset-last-child wd-title-color-default wd-title-style-default wd-title-size-default text-left\">\n\n\t\t\t\n\t\t\t<div class=\"liner-continer\">\n\t\t\t\t<h4 class=\"woodmart-title-container title wd-fontsize-l\">\u00d6DEME BI\u0307LGI\u0307LERI\u0307<\/h4> \n\t\t\t\t\t\t\t<\/div>\n\n\t\t\t\t\t<\/div>\n\t\t\t\t<\/div>\n\t\t\t\t<\/div>\n\t\t\t\t<div class=\"elementor-element elementor-element-719f3f76 elementor-widget elementor-widget-wd_accordion\" data-id=\"719f3f76\" data-element_type=\"widget\" data-widget_type=\"wd_accordion.default\">\n\t\t\t\t<div class=\"elementor-widget-container\">\n\t\t\t\n\t\t<div class=\"wd-accordion wd-style-default\" data-state=\"first\">\n\t\t\t\t\t\t\t\n\t\t\t\t<div class=\"wd-accordion-item\">\n\t\t\t\t\t<div class=\"wd-accordion-title wd-active text-left wd-opener-pos-right\" data-accordion-index=\"0\">\n\t\t\t\t\t\t<div class=\"wd-accordion-title-text\">\n\t\t\t\t\t\t\t\t\t\t\t\t\t\t<span>\n\t\t\t\t\t\t\t\tSipari\u015f \u00f6demesi banka hesab\u0131mdan ne zaman \u00e7ekilir?\t\t\t\t\t\t\t<\/span>\n\t\t\t\t\t\t<\/div>\n\t\t\t\t\t\t<span class=\"wd-accordion-opener wd-opener-style-arrow\"><\/span>\n\t\t\t\t\t<\/div>\n\n\t\t\t\t\t<div class=\"wd-accordion-content reset-last-child wd-active\" data-accordion-index=\"0\">\n\t\t\t\t\t\t\t\t\t\t\t\t\t\n\t\t\t\t\t\t\t<div class=\"flex flex-grow flex-col max-w-full\"><div class=\"min-h-[20px] text-message flex flex-col items-start whitespace-pre-wrap break-words [.text-message+&amp;]:mt-5 juice:w-full juice:items-end overflow-x-auto gap-2\" dir=\"auto\" data-message-author-role=\"assistant\" data-message-id=\"e619c591-8888-433b-b431-c274d9ecd7f9\"><div class=\"flex w-full flex-col gap-1 juice:empty:hidden juice:first:pt-[3px]\"><div class=\"markdown prose w-full break-words dark:prose-invert light\"><p>Sipari\u015finizin \u00f6demesi sat\u0131n alma s\u0131ras\u0131nda banka hesab\u0131n\u0131zdan al\u0131n\u0131r. \u00d6deme i\u015flemini tamamlad\u0131\u011f\u0131n\u0131zda ve \u00f6demeniz yetkilendirildi\u011finde, tutar banka hesab\u0131n\u0131zdan d\u00fc\u015f\u00fcl\u00fcr. Sipari\u015finizin ve \u00f6demenizin bir e-posta onay\u0131 alacaks\u0131n\u0131z. \u00d6demeyle ilgili herhangi bir sorun varsa veya ba\u015far\u0131yla i\u015flenmezse, m\u00fc\u015fteri hizmetleri ekibimiz daha fazla yard\u0131m i\u00e7in sizinle ileti\u015fime ge\u00e7ecektir.<\/p><\/div><\/div><\/div><\/div>\n\t\t\t\t\t\t\t\t\t\t\t\t\t\t\t\t\t\t<\/div>\n\t\t\t\t<\/div>\n\t\t\t\t\t\t\t\n\t\t\t\t<div class=\"wd-accordion-item\">\n\t\t\t\t\t<div class=\"wd-accordion-title text-left wd-opener-pos-right\" data-accordion-index=\"1\">\n\t\t\t\t\t\t<div class=\"wd-accordion-title-text\">\n\t\t\t\t\t\t\t\t\t\t\t\t\t\t<span>\n\t\t\t\t\t\t\t\t\u0130stek listesi nedir?\t\t\t\t\t\t\t<\/span>\n\t\t\t\t\t\t<\/div>\n\t\t\t\t\t\t<span class=\"wd-accordion-opener wd-opener-style-arrow\"><\/span>\n\t\t\t\t\t<\/div>\n\n\t\t\t\t\t<div class=\"wd-accordion-content reset-last-child\" data-accordion-index=\"1\">\n\t\t\t\t\t\t\t\t\t\t\t\t\t\n\t\t\t\t\t\t\t<p>\u0130stek listesi, gelecekte ba\u015fvurmak \u00fczere ilgilendi\u011finiz \u00fcr\u00fcnleri kaydetmenize olanak tan\u0131yan kullan\u0131\u015fl\u0131 bir \u00f6zelliktir. \u00dcr\u00fcn sayfas\u0131ndaki \"\u0130stek Listesine Ekle\" d\u00fc\u011fmesine t\u0131klayarak \u00fcr\u00fcnleri istek listenize ekleyebilirsiniz. Bu \u015fekilde, be\u011fendi\u011finiz \u00fcr\u00fcnleri kolayca takip edebilir ve daha sonra sat\u0131n alabilirsiniz.<\/p>\n\t\t\t\t\t\t\t\t\t\t\t\t\t\t\t\t\t\t<\/div>\n\t\t\t\t<\/div>\n\t\t\t\t\t\t\t\n\t\t\t\t<div class=\"wd-accordion-item\">\n\t\t\t\t\t<div class=\"wd-accordion-title text-left wd-opener-pos-right\" data-accordion-index=\"2\">\n\t\t\t\t\t\t<div class=\"wd-accordion-title-text\">\n\t\t\t\t\t\t\t\t\t\t\t\t\t\t<span>\n\t\t\t\t\t\t\t\tHasarl\u0131 veya yanl\u0131\u015f \u00fcr\u00fcn teslim al\u0131rsam ne yapmal\u0131y\u0131m?\t\t\t\t\t\t\t<\/span>\n\t\t\t\t\t\t<\/div>\n\t\t\t\t\t\t<span class=\"wd-accordion-opener wd-opener-style-arrow\"><\/span>\n\t\t\t\t\t<\/div>\n\n\t\t\t\t\t<div class=\"wd-accordion-content reset-last-child\" data-accordion-index=\"2\">\n\t\t\t\t\t\t\t\t\t\t\t\t\t\n\t\t\t\t\t\t\t<p>Hasarl\u0131 veya yanl\u0131\u015f bir \u00fcr\u00fcn al\u0131rsan\u0131z l\u00fctfen hemen m\u00fc\u015fteri hizmetleri ekibimizle ileti\u015fime ge\u00e7in. Sipari\u015f numaran\u0131z\u0131 ve sorunun a\u00e7\u0131klamas\u0131n\u0131 veya foto\u011fraf\u0131n\u0131 sa\u011flay\u0131n. Sorunu \u00e7\u00f6zmek i\u00e7in m\u00fcmk\u00fcn olan en k\u0131sa s\u00fcrede iade, de\u011fi\u015fim veya geri \u00f6deme ayarlayaca\u011f\u0131z.<\/p>\n\t\t\t\t\t\t\t\t\t\t\t\t\t\t\t\t\t\t<\/div>\n\t\t\t\t<\/div>\n\t\t\t\t\t\t\t\n\t\t\t\t<div class=\"wd-accordion-item\">\n\t\t\t\t\t<div class=\"wd-accordion-title text-left wd-opener-pos-right\" data-accordion-index=\"3\">\n\t\t\t\t\t\t<div class=\"wd-accordion-title-text\">\n\t\t\t\t\t\t\t\t\t\t\t\t\t\t<span>\n\t\t\t\t\t\t\t\tSipari\u015fimi de\u011fi\u015ftirebilir veya iptal edebilir miyim?\t\t\t\t\t\t\t<\/span>\n\t\t\t\t\t\t<\/div>\n\t\t\t\t\t\t<span class=\"wd-accordion-opener wd-opener-style-arrow\"><\/span>\n\t\t\t\t\t<\/div>\n\n\t\t\t\t\t<div class=\"wd-accordion-content reset-last-child\" data-accordion-index=\"3\">\n\t\t\t\t\t\t\t\t\t\t\t\t\t\n\t\t\t\t\t\t\t<p>Evet, sipari\u015finizi verdikten sonra s\u0131n\u0131rl\u0131 bir s\u00fcre i\u00e7inde de\u011fi\u015ftirebilir veya iptal edebilirsiniz. De\u011fi\u015fiklik yapman\u0131z veya iptal etmeniz gerekiyorsa l\u00fctfen sipari\u015f numaran\u0131zla en k\u0131sa s\u00fcrede m\u00fc\u015fteri hizmetleri ekibimizle ileti\u015fime ge\u00e7in. Sipari\u015f i\u015flendikten veya g\u00f6nderildikten sonra de\u011fi\u015fiklik veya iptal m\u00fcmk\u00fcn olmayabilir.<\/p>\n\t\t\t\t\t\t\t\t\t\t\t\t\t\t\t\t\t\t<\/div>\n\t\t\t\t<\/div>\n\t\t\t\t\t\t\t\n\t\t\t\t<div class=\"wd-accordion-item\">\n\t\t\t\t\t<div class=\"wd-accordion-title text-left wd-opener-pos-right\" data-accordion-index=\"4\">\n\t\t\t\t\t\t<div class=\"wd-accordion-title-text\">\n\t\t\t\t\t\t\t\t\t\t\t\t\t\t<span>\n\t\t\t\t\t\t\t\tSipari\u015flerimde `kargo takibi`` nedir?\t\t\t\t\t\t\t<\/span>\n\t\t\t\t\t\t<\/div>\n\t\t\t\t\t\t<span class=\"wd-accordion-opener wd-opener-style-arrow\"><\/span>\n\t\t\t\t\t<\/div>\n\n\t\t\t\t\t<div class=\"wd-accordion-content reset-last-child\" data-accordion-index=\"4\">\n\t\t\t\t\t\t\t\t\t\t\t\t\t\n\t\t\t\t\t\t\t<p>\"Paket takibi\", g\u00f6nderinizin durumunu depomuzdan \u00e7\u0131kt\u0131\u011f\u0131 andan kap\u0131n\u0131za ula\u015fana kadar izlemenizi sa\u011flar. Sipari\u015finiz g\u00f6nderildikten sonra, teslimat ilerlemesini web sitemiz veya ta\u015f\u0131y\u0131c\u0131n\u0131n takip sistemi arac\u0131l\u0131\u011f\u0131yla \u00e7evrimi\u00e7i olarak kontrol etmek i\u00e7in kullanabilece\u011finiz bir takip numaras\u0131 alacaks\u0131n\u0131z.<\/p>\n\t\t\t\t\t\t\t\t\t\t\t\t\t\t\t\t\t\t<\/div>\n\t\t\t\t<\/div>\n\t\t\t\t\t<\/div>\n\t\t\t\t<\/div>\n\t\t\t\t<\/div>\n\t\t\t\t\t<\/div>\n\t\t<\/div>\n\t\t\t\t\t<\/div>\n\t\t<\/section>\n\t\t\t\t<\/div>","protected":false},"excerpt":{"rendered":"<p>Akl\u0131n\u0131za gelebilecek t\u00fcm sorular\u0131n\u0131za yan\u0131t al\u0131n. Online sat\u0131\u015flar\u0131m\u0131zla ilgili herhangi bir sorunuz varsa, buradan yan\u0131tlayaca\u011f\u0131z. Pazartesi&#8217;den Cuma&#8217;ya, 09:00 &#8211; 21:00<\/p>","protected":false},"author":1,"featured_media":0,"parent":0,"menu_order":0,"comment_status":"closed","ping_status":"closed","template":"","meta":{"_monsterinsights_skip_tracking":false,"_monsterinsights_sitenote_active":false,"_monsterinsights_sitenote_note":"","_monsterinsights_sitenote_category":0},"aioseo_notices":[],"jetpack_sharing_enabled":true,"_links":{"self":[{"href":"https:\/\/digitaltarget.com.tr\/en\/wp-json\/wp\/v2\/pages\/15794"}],"collection":[{"href":"https:\/\/digitaltarget.com.tr\/en\/wp-json\/wp\/v2\/pages"}],"about":[{"href":"https:\/\/digitaltarget.com.tr\/en\/wp-json\/wp\/v2\/types\/page"}],"author":[{"embeddable":true,"href":"https:\/\/digitaltarget.com.tr\/en\/wp-json\/wp\/v2\/users\/1"}],"replies":[{"embeddable":true,"href":"https:\/\/digitaltarget.com.tr\/en\/wp-json\/wp\/v2\/comments?post=15794"}],"version-history":[{"count":14,"href":"https:\/\/digitaltarget.com.tr\/en\/wp-json\/wp\/v2\/pages\/15794\/revisions"}],"predecessor-version":[{"id":19241,"href":"https:\/\/digitaltarget.com.tr\/en\/wp-json\/wp\/v2\/pages\/15794\/revisions\/19241"}],"wp:attachment":[{"href":"https:\/\/digitaltarget.com.tr\/en\/wp-json\/wp\/v2\/media?parent=15794"}],"curies":[{"name":"wp","href":"https:\/\/api.w.org\/{rel}","templated":true}]}}