{"id":16850,"date":"2023-08-21T20:59:38","date_gmt":"2023-08-21T20:59:38","guid":{"rendered":"https:\/\/digitaltarget.com.tr\/?page_id=16850"},"modified":"2024-08-13T09:14:11","modified_gmt":"2024-08-13T09:14:11","slug":"distance-sales-agreement","status":"publish","type":"page","link":"https:\/\/digitaltarget.com.tr\/en\/distance-sales-agreement\/","title":{"rendered":"Distance Sales Contract"},"content":{"rendered":"<p><strong>MESAFELI\u0307 SATI\u015e S\u00d6ZLE\u015eMESI\u0307<\/strong><\/p>\n\n\n\n<p><strong>MADDE 1 &#8211; S\u00d6ZLE\u015eMENI\u0307N KONUSU VE TARAFLAR<\/strong><\/p>\n\n\n\n<p><strong><strong>1.1<\/strong> \u0130\u015fbu s\u00f6zle\u015fme, Sat\u0131c\u0131 taraf\u0131ndan i\u015fletilmekte olan digitaltarget.com.tr adresinden (bundan b\u00f6yle WEB S\u0130TES\u0130 olarak an\u0131lacakt\u0131r) a\u015fa\u011f\u0131da detayl\u0131 bilgileri yer alan T\u00fcketici taraf\u0131ndan yap\u0131lan \u00fcr\u00fcn ve hizmetlerin sat\u0131\u015f\u0131 ve \u00fcr\u00fcnlerin teslimat adresine teslimi ile ilgili olarak 6502 say\u0131l\u0131 T\u00fcketicilerin Korunmas\u0131 Hakk\u0131nda Kanun ve Mesafeli S\u00f6zle\u015fmeleri Uygulama Esas ve Usulleri Hakk\u0131nda Y\u00f6netmelik h\u00fck\u00fcmleri gere\u011fince taraflar\u0131n hak ve y\u00fck\u00fcml\u00fcl\u00fcklerini belirler.<\/strong><\/p>\n\n\n\n<p><strong><strong>1.2. <\/strong>T\u00fcketici, sat\u0131\u015fa konu mal veya hizmetin temel nitelikleri, sat\u0131\u015f fiyat\u0131, \u00f6deme \u015fekli, teslimat ko\u015fullar\u0131 ve &#8220;cayma&#8221; hakk\u0131 konusunda bilgi sahibi oldu\u011funu, elektronik ortamda yap\u0131lan \u00f6n bilgilendirmeyi ve \u00f6n bilgilendirmeyi teyit etti\u011fini, sonras\u0131nda mal veya hizmeti i\u015fbu s\u00f6zle\u015fme h\u00fck\u00fcmlerine uygun olarak sipari\u015f verdi\u011fini kabul ve beyan eder<strong>.<\/strong> \u00d6n bilgilendirme ve digitaltarget.com.tr internet sitesinin \u00f6deme sayfas\u0131nda yer alan fatura, i\u015fbu s\u00f6zle\u015fmenin ayr\u0131lmaz par\u00e7alar\u0131d\u0131r.<\/strong><\/p>\n\n\n\n<p><strong><br>1.3. SATICI BI\u0307LGI\u0307LERI\u0307<\/strong><\/p>\n\n\n\n<p><a href=\"Name: D\u0130G\u0130TAL TARGET E-T\u0130CARET \u0130\u00c7 VE DI\u015e L\u0130M\u0130TED \u015e\u0130RKET\u0130.\"><strong>Name:<\/strong> D\u0130G\u0130TAL TARGET E-T\u0130CARET \u0130\u00c7 VE DI\u015e L\u0130M\u0130TED \u015e\u0130RKET\u0130.<br><\/a><strong>Adres<\/strong>: G\u00dcLTEPE MAH. G\u00dcD\u00dcC\u00dc SK. NO: 3 B K\u00dc\u00c7\u00dcK\u00c7EKMECE\/ \u0130STANBUL, Turkey<br><strong>Tel:<\/strong>\u00a0+905551408975<br><strong>E-posta:<\/strong>\u00a0info@digitaltarget.com.tr<\/p>\n\n\n\n<p><strong><br>1.4. T\u00dcKETI\u0307CI\u0307 BI\u0307LGI\u0307LERI\u0307<\/strong><\/p>\n\n\n\n<p><strong>Ad soyad \/ Unvan:<\/strong><br><strong>Teslimat Adresi:<\/strong><br><strong>Telefon<\/strong> <strong>:<\/strong><br><strong>E-posta:<br>IP adresi:<\/strong><\/p>\n\n\n\n<p id=\"block-0c988ffa-ae58-43e0-800c-77da37463baa\"><strong>MADDE 2 &#8211; S\u00d6ZLE\u015eMEN\u0130N TAR\u0130H\u0130<br><\/strong><strong>2.1. \u0130<\/strong> \u015fbu s\u00f6zle\u015fme taraflarca, T\u00fcketicinin WEB S\u0130TES\u0130 \u00fczerinden sipari\u015finin tamamland\u0131\u011f\u0131 ve s\u00f6zle\u015fmenin bir n\u00fcshas\u0131n\u0131n T\u00dcKET\u0130C\u0130&#8217;nin e-posta adresine g\u00f6nderildi\u011fi tarih olan &#8230;&#8230; tarihinde akdedilmi\u015ftir.<\/p>\n\n\n\n<p id=\"block-b334570e-bfae-41ab-86e6-d88fe0d4ca4e\"><strong>MADDE 3 &#8211; S\u00d6ZLE\u015eME KONUSU \u00dcR\u00dcN VE H\u0130ZMETLER<\/strong><br>3.<strong>1. <\/strong>T\u00fcketici taraf\u0131ndan sipari\u015fi verilen \u00fcr\u00fcn ve hizmetlerin detaylar\u0131, vergiler dahil sat\u0131\u015f tutarlar\u0131 ve numaras\u0131na ili\u015fkin bilgiler a\u015fa\u011f\u0131da yer almaktad\u0131r. A\u015fa\u011f\u0131daki tabloda listelenen \u00fcr\u00fcnlerin tamam\u0131 bundan b\u00f6yle \u00dcr\u00fcn olarak an\u0131lacakt\u0131r.<\/p>\n\n\n\n<figure class=\"wp-block-table\"><table><tbody><tr><td><strong>G\u00f6rsel<\/strong><\/td><td><strong>Product<\/strong><\/td><td><strong>Birim fiyat\u0131<\/strong><\/td><td><strong>Adet<\/strong><\/td><td><strong>KDV Tutar\u0131<\/strong><\/td><td><strong>Sat\u0131\u015f Fiyat\u0131<\/strong><\/td><\/tr><tr><td><\/td><td>&nbsp;<\/td><td>&nbsp;<\/td><td>&nbsp;<\/td><td>&nbsp;<\/td><td>&nbsp;<\/td><\/tr><tr><td><\/td><td>&nbsp;<\/td><td>&nbsp;<\/td><td>&nbsp;<\/td><td>&nbsp;<\/td><td>&nbsp;<\/td><\/tr><\/tbody><\/table><\/figure>\n\n\n\n<p><strong><strong>MADDE 4 &#8211; \u00dcR\u00dcNLER\u0130N TESL\u0130M\u0130<\/strong><br><strong>4.1. \u00dc <\/strong>r\u00fcn, T\u00fcketici&#8217;nin WEB S\u0130TES\u0130&#8217;nde belirtti\u011fi teslimat adresine veya g\u00f6sterdi\u011fi adresteki ki\u015fi\/kurulu\u015fa en ge\u00e7 30 g\u00fcn i\u00e7inde, ambalajl\u0131 ve faturas\u0131 ile birlikte teslim edilir.<\/strong><\/p>\n\n\n\n<p id=\"block-ca5ba0d1-6cb7-44ce-92a2-670d8b3bb5df\">Sipari\u015f konusu mal veya hizmet ediminin yerine getirilmesinin imk\u00e2ns\u0131zla\u015fmas\u0131 halinde sat\u0131c\u0131, bu durumu \u00f6\u011frendi\u011fi tarihten itibaren \u00fc\u00e7 g\u00fcn i\u00e7inde t\u00fcketiciye yaz\u0131l\u0131 olarak veya T\u00fcketici Bilgi Koruyucusu&#8217;nda bildirir ve varsa teslimat masraflar\u0131 da d\u00e2hil olmak \u00fczere tahsil edilen t\u00fcm \u00f6demeleri en ge\u00e7 d\u00f6rt g\u00fcn (14) i\u00e7inde iade eder. Mal\u0131n stokta bulunmamas\u0131, mal ediminin yerine getirilmesinin imk\u00e2ns\u0131zla\u015fmas\u0131 olarak kabul edilmez.<\/p>\n\n\n\n<p id=\"block-80356965-1fbc-4760-aab5-9c6b42039a30\"><strong>4.3. <\/strong>T\u00fcketici, \u00fcr\u00fcn\u00fc teslim ald\u0131\u011f\u0131 anda kontrol etmekle ve \u00dcr\u00fcnde kargodan kaynaklanan bir sorun g\u00f6rd\u00fc\u011f\u00fcnde \u00dcr\u00fcn\u00fc kabul etmemekle ve kargo \u015firketi yetkilisine tutanak tutturmakla y\u00fck\u00fcml\u00fcd\u00fcr<strong>.<\/strong> Aksi halde Sat\u0131c\u0131 herhangi bir sorumluluk kabul etmeyecektir.<\/p>\n\n\n\n<p id=\"block-7ed103eb-1661-4862-9131-bb42c55e2f9b\"><strong>6.1. <\/strong>T\u00fcketici, S\u0130TE&#8217;de g\u00f6sterilen \u00fcr\u00fcnlerin temel nitelikleri, sat\u0131\u015f fiyat\u0131 ve \u00f6deme \u015fekli ile teslimata ili\u015fkin \u00f6n bilgileri okuyup bilgi sahibi oldu\u011funu ve elektronik ortamda sat\u0131\u015f i\u00e7in gerekli teyidi verdi\u011fini kabul eder.<\/p>\n\n\n\n<p id=\"block-ac0c2b8c-6557-4b88-99a2-b7979e0e108d\"><strong>6.2. <\/strong>T\u00fcketici, i\u015fbu s\u00f6zle\u015fmeyi elektronik ortamda teyit etmekle, sipari\u015fini verdi\u011fi \u00fcr\u00fcnlerin adresini, temel niteliklerini, vergi dahil \u00fcr\u00fcn fiyatlar\u0131n\u0131, \u00f6deme ve teslimat bilgilerini ve cayma hakk\u0131na ili\u015fkin bilgileri do\u011fru ve eksiksiz olarak edindi\u011fini teyit etmi\u015f olur<strong>.<\/strong><\/p>\n\n\n\n<p><strong>6.3. <\/strong>Sat\u0131c\u0131, s\u00f6zle\u015fme konusu \u00fcr\u00fcn\u00fcn sa\u011flam, eksiksiz, sipari\u015fte belirtilen niteliklere uygun ve varsa garanti belgeleri ve kullan\u0131m k\u0131lavuzlar\u0131 ile teslim edilmesinden sorumludur.<\/p>\n\n\n\n<p><strong><strong>6.4. <\/strong>Sat\u0131c\u0131, s\u00f6zle\u015fmeden do\u011fan ifa y\u00fck\u00fcml\u00fcl\u00fc\u011f\u00fc sona ermeden \u00f6nce T\u00fcketiciye ayn\u0131 kalite ve fiyatta farkl\u0131 bir \u00fcr\u00fcn tedarik edebilir.<\/strong><\/p>\n\n\n\n<p><strong><strong>6.5. <\/strong>Sat\u0131c\u0131, sipari\u015f konusu \u00fcr\u00fcn veya hizmetin yerine getirilmesinin imk\u00e2ns\u0131zla\u015fmas\u0131 durumunda s\u00f6zle\u015fmeden do\u011fan y\u00fck\u00fcml\u00fcl\u00fcklerini yerine getiremezse, s\u00f6zle\u015fmeden do\u011fan ifa y\u00fck\u00fcml\u00fcl\u00fc\u011f\u00fcn\u00fcn s\u00fcresi dolmadan t\u00fcketiciyi bilgilendirmek ve T\u00fcketiciye e\u015fit kalite ve fiyatta farkl\u0131 bir \u00fcr\u00fcn tedarik etmek zorundad\u0131r.<\/strong><\/p>\n\n\n\n<p><strong><strong>6.6.<\/strong> S\u00f6zle\u015fme konusu \u00fcr\u00fcn\u00fcn teslimat\u0131 i\u00e7in i\u015fbu s\u00f6zle\u015fmenin imzal\u0131 n\u00fcshas\u0131n\u0131n Sat\u0131c\u0131&#8217;ya elektronik ortamda ula\u015ft\u0131r\u0131lmas\u0131 ve bedelinin T\u00fcketicinin tercih etti\u011fi \u00f6deme \u015fekli ile \u00f6denmi\u015f olmas\u0131 \u015fartt\u0131r. \u00dcr\u00fcn bedelinin \u00f6denmemesi veya herhangi bir nedenle banka kay\u0131tlar\u0131nda iptal edilmesi halinde Sat\u0131c\u0131 \u00fcr\u00fcn\u00fcn tesliminden vazge\u00e7mi\u015f say\u0131l\u0131r.<\/strong><\/p>\n\n\n\n<p><strong><strong>6.7.<\/strong> \u00dcr\u00fcn&#8217;\u00fcn tesliminden sonra kredi kart\u0131n\u0131n kullan\u0131ld\u0131\u011f\u0131 Banka&#8217;n\u0131n\/finansman kurulu\u015funun herhangi bir nedenle \u00dcr\u00fcn&#8217;\u00fc Sat\u0131c\u0131&#8217;ya \u00f6dememesi halinde \u00dcr\u00fcn, T\u00fcketici taraf\u0131ndan en ge\u00e7 3 g\u00fcn i\u00e7inde Sat\u0131c\u0131&#8217;ya iade edilecek, t\u00fcm masraflar T\u00fcketici taraf\u0131ndan kar\u015f\u0131lanacakt\u0131r. Sat\u0131c\u0131&#8217;n\u0131n \u00dcr\u00fcn bedelinin takibi de dahil olmak \u00fczere di\u011fer t\u00fcm s\u00f6zle\u015fmesel ve kanuni haklar\u0131 her hal\u00fckarda sakl\u0131d\u0131r.<\/strong><\/p>\n\n\n\n<p><strong><strong>6.8.<\/strong> Sipari\u015f konusu mal veya hizmet edimlerinin yerine getirilmesinin imk\u00e2ns\u0131zla\u015fmas\u0131 halinde sat\u0131c\u0131, bu durumu \u00f6\u011frendi\u011fi tarihten itibaren \u00fc\u00e7 g\u00fcn i\u00e7inde t\u00fcketiciye yaz\u0131l\u0131 olarak veya kal\u0131c\u0131 veri saklay\u0131c\u0131s\u0131 ile bildirir ve varsa teslimat masraflar\u0131 da d\u00e2hil olmak \u00fczere tahsil edilmi\u015f olan t\u00fcm \u00f6demeler bildirim tarihinden itibaren en ge\u00e7 on d\u00f6rt (14) g\u00fcn i\u00e7inde iade edilir. Mal\u0131n stokta bulunmamas\u0131, mal ediminin yerine getirilmesinin imk\u00e2ns\u0131zla\u015fmas\u0131 say\u0131lmaz.<\/strong><\/p>\n\n\n\n<p><strong>7- \u00dcr\u00fcn Teslim S\u00fcre\u00e7leri<\/strong><\/p>\n\n\n\n<p><strong><strong>7.1. <\/strong>\u00dcr\u00fcn, T\u00fcketicinin WEB S\u0130TES\u0130&#8217;nde belirtti\u011fi teslimat adresine veya g\u00f6sterdi\u011fi adresteki ki\u015fi\/kurulu\u015fa en ge\u00e7 30 g\u00fcn i\u00e7inde, g\u00fcvenli bir \u015fekilde ve faturas\u0131 ile birlikte ambalajlanm\u0131\u015f olarak teslim edilir. Sipari\u015f konusu mal veya hizmet edimlerinin yerine getirilmesinin imkans\u0131zla\u015fmas\u0131 halinde sat\u0131c\u0131, bu durumu \u00f6\u011frendi\u011fi tarihten itibaren \u00fc\u00e7 g\u00fcn i\u00e7inde t\u00fcketiciye yaz\u0131l\u0131 olarak veya kal\u0131c\u0131 veri saklay\u0131c\u0131s\u0131 ile bildirir ve varsa teslimat masraflar\u0131 da dahil olmak \u00fczere tahsil edilen t\u00fcm \u00f6demeler bildirim tarihinden itibaren en ge\u00e7 on d\u00f6rt (14) g\u00fcn i\u00e7inde iade edilir. Mal\u0131n stokta bulunmamas\u0131, mal ediminin yerine getirilmesinin imk\u00e2ns\u0131zla\u015fmas\u0131 say\u0131lmaz.<\/strong><\/p>\n\n\n\n<p><strong><strong>7.2.<\/strong> Mal\u0131n t\u00fcketiciden ba\u015fka bir ki\u015fi\/kurulu\u015fa teslim edilecek olmas\u0131 ve teslim edilecek ki\u015fi\/kurulu\u015fun teslimat\u0131 kabul etmemesi halinde sat\u0131c\u0131 sorumlu tutulamaz.<\/strong><\/p>\n\n\n\n<p><strong><strong>7.3.<\/strong> T\u00fcketici, \u00fcr\u00fcn\u00fc teslim ald\u0131\u011f\u0131 anda kontrol etmekle ve \u00dcr\u00fcnde kargodan kaynaklanan bir sorun g\u00f6rd\u00fc\u011f\u00fcnde \u00dcr\u00fcn\u00fc kabul etmemekle ve kargo \u015firketi yetkilisine tutanak tutturmakla y\u00fck\u00fcml\u00fcd\u00fcr<strong>.<\/strong> Aksi halde Sat\u0131c\u0131 herhangi bir sorumluluk kabul etmeyecektir.<\/strong><\/p>\n\n\n\n<p><strong><strong>8- CAYMA HAKKI<\/strong><br>6502 say\u0131l\u0131 T\u00fcketicinin Korunmas\u0131 Hakk\u0131nda Kanun ve Mesafeli S\u00f6zle\u015fmeler Y\u00f6netmeli\u011fi&#8217;nin ilgili h\u00fck\u00fcmleri gere\u011fince;<br>8.1 Mal sat\u0131\u015f\u0131na ili\u015fkin mesafeli s\u00f6zle\u015fmelerde t\u00fcketici, mazeret g\u00f6stermeksizin ve herhangi bir cezai \u015fart \u00f6demeksizin teslim ald\u0131\u011f\u0131 tarihten itibaren 14 (on d\u00f6rt) g\u00fcn i\u00e7erisinde cayma hakk\u0131na sahiptir. Ancak t\u00fcketici cayma hakk\u0131n\u0131 i\u015fbu S\u00f6zle\u015fmenin kurulmas\u0131ndan itibaren mal\u0131n teslimine kadar kullanabilir. Cayma hakk\u0131n\u0131n kullan\u0131ld\u0131\u011f\u0131na ili\u015fkin bildirimin sat\u0131c\u0131 veya sa\u011flay\u0131c\u0131ya yaz\u0131l\u0131 olarak veya kal\u0131c\u0131 veri saklay\u0131c\u0131s\u0131 arac\u0131l\u0131\u011f\u0131yla y\u00f6neltilmesi yeterlidir. M\u00fc\u015fterilerimizin cayma haklar\u0131n\u0131 kullanabilmeleri i\u00e7in \u00fcr\u00fcn ile birlikte kendilerine g\u00f6nderilen teslim fi\u015fini doldurmalar\u0131 ve \u00fcr\u00fcn\u00fc teslim fi\u015fi ile birlikte KURYE firmas\u0131na teslim etmeleri gerekmektedir.<\/strong><\/p>\n\n\n\n<p>Cayma hakk\u0131n\u0131n s\u00fcresinin belirlenmesinde;<br><\/p>\n\n\n\n<p>a) Tek sipari\u015fe konu \u00fcr\u00fcnlerde; son mal\u0131n t\u00fcketiciye veya t\u00fcketici taraf\u0131ndan belirlenen \u00fc\u00e7\u00fcnc\u00fc ki\u015fiye teslim edildi\u011fi g\u00fcn,<br>b) Birden fazla par\u00e7adan olu\u015fan \u00fcr\u00fcnlerde; son par\u00e7an\u0131n t\u00fcketiciye veya t\u00fcketici taraf\u0131ndan belirlenen \u00fc\u00e7\u00fcnc\u00fc ki\u015fiye teslim edildi\u011fi g\u00fcn,<br>c) Mal\u0131n belirli bir d\u00f6nem boyunca d\u00fczenli olarak teslim edildi\u011fi s\u00f6zle\u015fmelerde; ilk mal\u0131n t\u00fcketiciye veya t\u00fcketici taraf\u0131ndan belirlenen \u00fc\u00e7\u00fcnc\u00fc ki\u015fiye teslim edildi\u011fi g\u00fcn, esas al\u0131n\u0131r.<\/p>\n\n\n\n<p><strong><br>8.2. T\u00fcketicinin cayma hakk\u0131, ilgili s\u00f6zle\u015fmeler i\u00e7in ge\u00e7erli olmayacakt\u0131r;<\/strong><\/p>\n\n\n\n<p>a) M\u00fc\u015fterinin iste\u011fi ve ki\u015fisel ihtiya\u00e7lar\u0131 do\u011frultusunda haz\u0131rlanan mallar,<br>b) Bozulabilir veya son kullanma tarihine k\u0131sa s\u00fcre kalan mallar\u0131n teslimi,<br>c) Sa\u011fl\u0131k ve hijyen a\u00e7\u0131s\u0131ndan iadesinin uygun olmamas\u0131 kayd\u0131yla ambalaj, bant, m\u00fch\u00fcr gibi koruyucu unsuru a\u00e7\u0131lm\u0131\u015f mallar\u0131n teslimi,<br>d) Di\u011fer mallarla kar\u0131\u015f\u0131k halde bulunan ve kendili\u011finden ayr\u0131lmas\u0131 m\u00fcmk\u00fcn olmayan mallara,<br>e) Ambalaj, bant, m\u00fch\u00fcr gibi koruyucu unsuru a\u00e7\u0131ld\u0131\u011f\u0131nda fiziksel ortamda sunulabilen kitap, dijital i\u00e7erik ve bilgisayar sarf malzemelerine<br>f) Abonelik s\u00f6zle\u015fmesi kapsam\u0131nda sa\u011flananlar hari\u00e7 olmak \u00fczere, dergi ve mecmua gibi s\u00fcreli yay\u0131nlar\u0131n teslimi,<br>g) Belirli bir tarih veya s\u00fcre i\u00e7inde tamamlanmas\u0131 gereken konaklama, ta\u015f\u0131nma, ara\u00e7 kiralama, yiyecek ve i\u00e7ecek temini ve dinlenme faaliyetleri,<br>h) Elektronik ortamda an\u0131nda ifa edilen hizmetler veya m\u00fc\u015fteriye an\u0131nda teslim edilen gayri maddi mallar,<br>i) Cayma hakk\u0131 s\u00fcresi sona ermeden \u00f6nce ifas\u0131na ba\u015flanan hizmetler ve<br>j) Finansal piyasalardaki dalgalanmalara ba\u011fl\u0131 olarak fiyat\u0131 de\u011fi\u015fen ve Sat\u0131c\u0131 veya sa\u011flay\u0131c\u0131n\u0131n kontrol\u00fc d\u0131\u015f\u0131nda olan mal ve hizmetler.<\/p>\n\n\n\n<p><strong>8.3- T\u00fcketicinin cayma hakk\u0131n\u0131 kullanmas\u0131 halinde, Sat\u0131c\u0131 veya sa\u011flay\u0131c\u0131, cayma bildiriminin kendisine ula\u015ft\u0131\u011f\u0131 tarihten itibaren 14 (on d\u00f6rt) g\u00fcn i\u00e7inde, alm\u0131\u015f oldu\u011fu toplam bedeli ve t\u00fcketiciyi bor\u00e7 alt\u0131na sokan k\u0131ymetli evrak ve benzeri her t\u00fcrl\u00fc belgeyi herhangi bir masraf talep etmeksizin iade etmekle y\u00fck\u00fcml\u00fcd\u00fcr.<\/strong><\/p>\n\n\n\n<p><strong>8.4- T\u00fcketici, mal\u0131 i\u015fleyi\u015fine, teknik \u00f6zelliklerine ve kullan\u0131m talimatlar\u0131na uygun olarak kulland\u0131\u011f\u0131 takdirde malda meydana gelen de\u011fi\u015fiklik veya bozulmalardan dolay\u0131 cayma hakk\u0131 kapsam\u0131nda sorumlu olmayacakt\u0131r.<\/strong><\/p>\n\n\n\n<p><strong><br>8.5- T\u00fcketicinin cayma hakk\u0131n\u0131 kullanmas\u0131 halinde, \u00f6n bilgilendirmede iade i\u00e7in belirtilen kurye arac\u0131l\u0131\u011f\u0131yla mal\u0131 iade etmesi durumunda, iadeye ili\u015fkin masraflar\u0131 \u00f6demekle y\u00fck\u00fcml\u00fc de\u011fildir. Sat\u0131c\u0131n\u0131n \u00f6n bilgilendirmede iade i\u00e7in herhangi bir kurye belirtmemesi durumunda t\u00fcketiciden herhangi bir masraf talep edilemez. \u0130ade i\u00e7in \u00f6n bilgilendirmede belirtilen kuryenin t\u00fcketicinin bulundu\u011fu yerde \u015fubesinin bulunmamas\u0131 halinde sat\u0131c\u0131, iadesi talep edilen mal\u0131n herhangi bir ek maliyete katlanmaks\u0131z\u0131n T\u00fcketiciden teslim al\u0131nmas\u0131n\u0131 sa\u011flamakla y\u00fck\u00fcml\u00fcd\u00fcr.<\/strong><\/p>\n\n\n\n<p><strong>8.6- T\u00fcketici, cayma hakk\u0131n\u0131n kullan\u0131ld\u0131\u011f\u0131n\u0131 Sat\u0131c\u0131ya bildirdi\u011fi tarihten itibaren 10 (on) g\u00fcn i\u00e7inde, Sat\u0131c\u0131 mal\u0131n\u0131 geri alaca\u011f\u0131na dair bir teklifte bulunmad\u0131k\u00e7a, mal\u0131 Sat\u0131c\u0131ya iade etmekle y\u00fck\u00fcml\u00fcd\u00fcr.<\/strong><\/p>\n\n\n\n<p><strong><strong>8.7- Mesafeli S\u00f6zle\u015fmelere Dair Y\u00f6netmeli\u011fin 15. maddesinin 1. f\u0131kras\u0131nda belirtildi\u011fi \u00fczere ki\u015fiye \u00f6zel olarak haz\u0131rlanan \u00fcr\u00fcnlerdeT\u00fcketicilerin <\/strong>cayma hakk\u0131 bulunmamaktad\u0131r<strong>.<\/strong><\/strong><\/p>\n\n\n\n<p><strong>8.8- &#8220;Kuryeye Teslim Edildi&#8221; a\u015famas\u0131ndaki sipari\u015fler kargo teslim a\u015famas\u0131nda iptal edilemez.<\/strong><\/p>\n\n\n\n<p><strong><br>8.9- &#8220;Kuryeye Teslim&#8221; a\u015famas\u0131ndaki sipari\u015fler i\u00e7in M\u00fc\u015fterilerimiz \u00fcr\u00fcn\u00fcn kutusunu a\u00e7madan kargoyu kargo firmas\u0131na iade etmek zorundad\u0131r. Maddesindeki h\u00fck\u00fcmler sakl\u0131d\u0131r.<\/strong><\/p>\n\n\n\n<p><strong><strong>\u00c7ekilme ile ilgili bildirimde bulunulacak \u015firket bilgisi;<\/strong><\/strong><\/p>\n\n\n\n<p><a href=\"Title: D\u0130G\u0130TAL TARGET E-T\u0130CARET \u0130\u00c7 VE DI\u015e L\u0130M\u0130TED \u015e\u0130RKET\u0130\"><strong><strong>Ba\u015fl\u0131k:<\/strong><\/strong>D\u0130G\u0130TAL TARGET E-T\u0130CARET \u0130\u00c7 VE DI\u015e L\u0130M\u0130TED \u015e\u0130RKET\u0130<br><\/a><a href=\"Adres:\"><\/a><a href=\"Title: D\u0130G\u0130TAL TARGET E-T\u0130CARET \u0130\u00c7 VE DI\u015e L\u0130M\u0130TED \u015e\u0130RKET\u0130\"><\/a><strong>Address:<\/strong> G\u00dcLTEPE MAH. G\u00dcD\u00dcC\u00dc SK. NO: 3 B K\u00dc\u00c7\u00dcK\u00c7EKMECE\/ \u0130STANBUL\/ Turkey<\/p>\n\n\n\n<p><strong>Tel:<\/strong>\u00a0+905551408975<br><strong><a href=\"E-posta:\">E-posta:<\/a><\/strong>\u00a0info@digitaltarget.com.tr<\/p>\n\n\n\n<p><strong>MADDE 9- DELI\u0307L S\u00d6ZLE\u015eMESI\u0307 VE YETKI\u0307LI\u0307 MAHKEME<\/strong><\/p>\n\n\n\n<p><br><strong><strong>9.1.<\/strong> \u0130\u015fbu S\u00f6zle\u015fme ve\/veya uygulanmas\u0131ndan do\u011fabilecek her t\u00fcrl\u00fc uyu\u015fmazl\u0131\u011f\u0131n \u00e7\u00f6z\u00fcm\u00fcnde Sat\u0131c\u0131 kay\u0131tlar\u0131 (bilgisayar-ses kay\u0131tlar\u0131 gibi manyetik ortamdaki kay\u0131tlar da dahil) kesin delil te\u015fkil etmekte olup; Sanayi ve Ticaret Bakanl\u0131\u011f\u0131 taraf\u0131ndan ilan edilen de\u011fere kadar T\u00fcketici Hakem Heyetleri, bunu a\u015fan de\u011ferler i\u00e7in ise t\u00fcketici ve sat\u0131c\u0131n\u0131n yerle\u015fim yerindeki T\u00fcketici Mahkemeleri ve \u0130cra M\u00fcd\u00fcrl\u00fckleri yetkilidir.<\/strong><\/p>\n\n\n\n<p><strong><strong>9.2. <\/strong>T\u00fcketici, i\u015fbu S\u00f6zle\u015fme ve ayr\u0131lmaz par\u00e7as\u0131n\u0131 olu\u015fturan Sipari\u015f Formu&#8217;nda yaz\u0131l\u0131 t\u00fcm ko\u015ful ve a\u00e7\u0131klamalar\u0131 okudu\u011funu, sat\u0131\u015f ko\u015fullar\u0131n\u0131 ve di\u011fer t\u00fcm \u00f6n bilgileri ald\u0131\u011f\u0131n\u0131, inceledi\u011fini ve kabul etti\u011fini beyan, kabul ve taahh\u00fct eder.<\/strong><\/p>","protected":false},"excerpt":{"rendered":"<p>MESAFELI\u0307 SATI\u015e S\u00d6ZLE\u015eMESI\u0307 MADDE 1 &#8211; S\u00d6ZLE\u015eMENI\u0307N KONUSU VE TARAFLAR 1.1 \u0130\u015fbu s\u00f6zle\u015fme, Sat\u0131c\u0131 taraf\u0131ndan i\u015fletilmekte olan digitaltarget.com.tr adresinden (bundan<\/p>","protected":false},"author":2,"featured_media":0,"parent":0,"menu_order":0,"comment_status":"closed","ping_status":"closed","template":"","meta":{"_monsterinsights_skip_tracking":false,"_monsterinsights_sitenote_active":false,"_monsterinsights_sitenote_note":"","_monsterinsights_sitenote_category":0},"aioseo_notices":[],"jetpack_sharing_enabled":true,"_links":{"self":[{"href":"https:\/\/digitaltarget.com.tr\/en\/wp-json\/wp\/v2\/pages\/16850"}],"collection":[{"href":"https:\/\/digitaltarget.com.tr\/en\/wp-json\/wp\/v2\/pages"}],"about":[{"href":"https:\/\/digitaltarget.com.tr\/en\/wp-json\/wp\/v2\/types\/page"}],"author":[{"embeddable":true,"href":"https:\/\/digitaltarget.com.tr\/en\/wp-json\/wp\/v2\/users\/2"}],"replies":[{"embeddable":true,"href":"https:\/\/digitaltarget.com.tr\/en\/wp-json\/wp\/v2\/comments?post=16850"}],"version-history":[{"count":5,"href":"https:\/\/digitaltarget.com.tr\/en\/wp-json\/wp\/v2\/pages\/16850\/revisions"}],"predecessor-version":[{"id":19237,"href":"https:\/\/digitaltarget.com.tr\/en\/wp-json\/wp\/v2\/pages\/16850\/revisions\/19237"}],"wp:attachment":[{"href":"https:\/\/digitaltarget.com.tr\/en\/wp-json\/wp\/v2\/media?parent=16850"}],"curies":[{"name":"wp","href":"https:\/\/api.w.org\/{rel}","templated":true}]}}