{"id":9,"date":"2023-08-21T20:38:03","date_gmt":"2023-08-21T20:38:03","guid":{"rendered":"http:\/\/digitaltarget.com.tr\/?page_id=9"},"modified":"2024-08-13T09:03:36","modified_gmt":"2024-08-13T09:03:36","slug":"sartlar-kosullar","status":"publish","type":"page","link":"https:\/\/digitaltarget.com.tr\/en\/sartlar-kosullar\/","title":{"rendered":"Terms and Conditions"},"content":{"rendered":"<p>Sat\u0131n al\u0131m\u0131n\u0131z i\u00e7in te\u015fekk\u00fcr ederiz. Sat\u0131n al\u0131m\u0131n\u0131zdan memnun kalman\u0131z\u0131 umuyoruz. Ancak, herhangi bir nedenle sat\u0131n al\u0131m\u0131n\u0131zdan tamamen memnun kalmazsan\u0131z, yaln\u0131zca tam bir geri \u00f6deme almak \u00fczere \u00fcr\u00fcn\u00fc bize iade edebilirsiniz. \u0130ade politikam\u0131zla ilgili daha fazla bilgi a\u015fa\u011f\u0131da verilmi\u015ftir.<\/p>\n\n\n\n<h2 class=\"wp-block-heading\"><strong>Teslimat ve G\u00f6nderim<\/strong><\/h2>\n\n\n\n<h3 class=\"wp-block-heading\"><strong>G\u00f6nderim \u0130\u015fleme S\u00fcresi<\/strong><\/h3>\n\n\n\n<p>T\u00fcm sipari\u015fler, al\u0131nd\u0131ktan sonra 2\u20133 i\u015f g\u00fcn\u00fc i\u00e7inde i\u015flenir. Sipari\u015fler, Cuma g\u00fcn\u00fc saat 12:00\u2019den Pazar g\u00fcn\u00fcne kadar veya resmi tatillerde i\u015flenmez veya g\u00f6nderilmez.<\/p>\n\n\n\n<p>Yo\u011fun sipari\u015f d\u00f6nemlerinde, g\u00f6nderimlerde birka\u00e7 g\u00fcn gecikme ya\u015fanabilir. E\u011fer g\u00f6nderiminizde \u00f6nemli bir gecikme olursa, size e-posta veya telefon yoluyla ula\u015faca\u011f\u0131z.<\/p>\n\n\n\n<h3 class=\"wp-block-heading\"><strong>G\u00f6nderim \u00dccretleri ve Teslimat Tahminleri<\/strong><\/h3>\n\n\n\n<p>Sipari\u015finizin g\u00f6nderim \u00fccretleri hesaplanacak ve \u00f6deme s\u0131ras\u0131nda g\u00f6sterilecektir.<\/p>\n\n\n\n<figure class=\"wp-block-table\"><table><thead><tr><th>Sipari\u015f Tutar\u0131<\/th><th>Standart Karayolu G\u00f6nderimi<br>(1\u20137 i\u015f g\u00fcn\u00fc)<\/th><\/tr><\/thead><tbody><tr><td>$0\u2013$49.99<\/td><td>$5<\/td><\/tr><tr><td>$50.00+<\/td><td>*\u00dccretsiz<\/td><\/tr><\/tbody><\/table><\/figure>\n\n\n\n<p>*50$ ve \u00fczeri sipari\u015flerde \u00fccretsiz kargo.<\/p>\n\n\n\n<h2 class=\"wp-block-heading\"><strong>Sevkiyat Onay\u0131 ve Sipari\u015f Takibi<\/strong><\/h2>\n\n\n\n<p>Sipari\u015finiz g\u00f6nderildikten sonra takip numaran\u0131z\u0131 i\u00e7eren bir G\u00f6nderi Onay\u0131 e-postas\u0131 alacaks\u0131n\u0131z. Takip numaras\u0131 24 saat i\u00e7inde aktif olacakt\u0131r.<\/p>\n\n\n\n<h2 class=\"wp-block-heading\"><strong>G\u00fcmr\u00fckler, Har\u00e7lar ve Vergiler<\/strong><\/h2>\n\n\n\n<p>digitaltarget.com.tr sipari\u015finize uygulanan herhangi bir g\u00fcmr\u00fck ve vergiden sorumlu de\u011fildir. G\u00f6nderim s\u0131ras\u0131nda veya sonras\u0131nda uygulanan t\u00fcm \u00fccretler m\u00fc\u015fterinin sorumlulu\u011fundad\u0131r (tarifeler, vergiler ve di\u011fer masraflar dahil).<\/p>\n\n\n\n<h2 class=\"wp-block-heading\"><strong>Hasarlar<\/strong><\/h2>\n\n\n\n<p>digitaltarget.com.tr, nakliye s\u0131ras\u0131nda hasar g\u00f6ren veya kaybolan \u00fcr\u00fcnlerden sorumlu de\u011fildir. E\u011fer siz<\/p>\n\n\n\n<p>Sipari\u015finizi hasarl\u0131 olarak teslim ald\u0131ysan\u0131z, l\u00fctfen kargo \u015firketinden talepte bulunun. Talepte bulunmadan \u00f6nce t\u00fcm ambalaj malzemelerini ve hasarl\u0131 \u00fcr\u00fcnleri saklay\u0131n.<\/p>\n\n\n\n<h3 class=\"wp-block-heading\">Yanl\u0131\u015f G\u00f6nderi Adresleri ve Teslimat\u0131 Reddetme<\/h3>\n\n\n\n<p>\u00d6deme s\u0131ras\u0131nda verilen kargo adresinin kargo orta\u011f\u0131m\u0131z taraf\u0131ndan ge\u00e7erli bir adres olarak tan\u0131nmas\u0131n\u0131 sa\u011flamak i\u00e7in her t\u00fcrl\u00fc do\u011frulama giri\u015fiminde bulunuyoruz. Adresi do\u011frulayamazsak, g\u00fcncellenmi\u015f bir adres sa\u011flamak i\u00e7in m\u00fc\u015fteriyle ileti\u015fime ge\u00e7meye \u00e7al\u0131\u015faca\u011f\u0131z. Adresi g\u00fcncelleyemezsek sipari\u015f iptal edilir ve para iadesi yap\u0131l\u0131r.<\/p>\n\n\n\n<p>D\u0130G\u0130TAL TARGET E-T\u0130CARET \u0130\u00c7 VE DI\u015e L\u0130M\u0130TED \u015e\u0130RKET\u0130, m\u00fc\u015fterinin yanl\u0131\u015f g\u00f6nderim adresi vermesi ve paketi geri alamamam\u0131z durumunda sorumlu tutulmayacakt\u0131r.<\/p>\n\n\n\n<h3 class=\"wp-block-heading\">Kay\u0131p veya \u00c7al\u0131nt\u0131 G\u00f6nderiler<\/h3>\n\n\n\n<p>Sipari\u015finizi teslim almad\u0131ysan\u0131z, ancak kargo \u015firketi teslim edildi\u011fini bildirdiyse, l\u00fctfen m\u00fcmk\u00fcn olan en k\u0131sa s\u00fcrede bize bildirin:<\/p>\n\n\n\n<ol>\n<li>Ara +905551408975<\/li>\n\n\n\n<li>Ya da info@digitaltarget.com.tr adresinden bizi uyar\u0131n.<\/li>\n<\/ol>\n\n\n\n<p>Nakliye \u015firketi ile bir hak talebinde bulunaca\u011f\u0131z. Yerel kolluk kuvvetleri de olaya dahil olacakt\u0131r. Soru\u015fturma tamamland\u0131\u011f\u0131nda sipari\u015finizi de\u011fi\u015ftirecek veya para iadesi yapaca\u011f\u0131z. \u0130nceleme i\u00e7in 21 g\u00fcne kadar s\u00fcre tan\u0131y\u0131n.<\/p>\n\n\n\n<h2 class=\"wp-block-heading\">\u0130ADELER<\/h2>\n\n\n\n<p>T\u00fcm iadeler, sat\u0131n alma tarihinden itibaren on be\u015f (15) g\u00fcn i\u00e7inde postalanmal\u0131d\u0131r. \u0130ade edilen t\u00fcm \u00fcr\u00fcnler yeni ve kullan\u0131lmam\u0131\u015f durumda olmal\u0131, t\u00fcm orijinal etiketleri ve etiketleri tak\u0131l\u0131 olmal\u0131d\u0131r.<\/p>\n\n\n\n<h2 class=\"wp-block-heading\">D\u00d6N\u00dc\u015e S\u00dcREC\u0130<\/h2>\n\n\n\n<p>Bir \u00fcr\u00fcn\u00fc iade etmek i\u00e7in l\u00fctfen info@digitaltarget.com.tr adresinden m\u00fc\u015fteri hizmetlerine e-posta g\u00f6ndererek bir \u0130ade \u00dcr\u00fcn Yetkilendirme (RMA) numaras\u0131 al\u0131n. Bir RMA numaras\u0131 ald\u0131ktan sonra, \u00fcr\u00fcn\u00fc sat\u0131n alma kan\u0131t\u0131 ve \u0130ade Formu ile birlikte orijinal ambalaj\u0131na g\u00fcvenli bir \u015fekilde yerle\u015ftirin, ard\u0131ndan iadenizi a\u015fa\u011f\u0131daki adrese postalay\u0131n:<\/p>\n\n\n\n<p>D\u0130G\u0130TAL TARGET E-T\u0130CARET \u0130\u00c7 VE DI\u015e L\u0130M\u0130TED \u015e\u0130RKET\u0130<\/p>\n\n\n\n<p><a href=\"Attn: \u0130ade\">Attn: \u0130ade<\/a><\/p>\n\n\n\n<p>RMA #<\/p>\n\n\n\n<p>G\u00dcLTEPE MAH. G\u00dcD\u00dcC\u00dc SK. NO: 3 B K\u00dc\u00c7\u00dcK\u00c7EKMECE\/ \u0130STANBUL\/ Turkey<\/p>\n\n\n\n<p>T\u00fcm iade kargo \u00fccretlerinden sizin sorumlu olaca\u011f\u0131n\u0131z\u0131 l\u00fctfen unutmay\u0131n. \u0130adenizi postalamak i\u00e7in izlenebilir bir y\u00f6ntem kullanman\u0131z\u0131 \u00f6nemle tavsiye ederiz.<\/p>\n\n\n\n<h2 class=\"wp-block-heading\">\u0130ADELER<\/h2>\n\n\n\n<p>\u0130adenizi ald\u0131ktan ve \u00fcr\u00fcn\u00fcn\u00fcz\u00fcn durumunu inceledikten sonra iade i\u015fleminizi ger\u00e7ekle\u015ftirece\u011fiz. L\u00fctfen iadenizin i\u015fleme al\u0131nmas\u0131 i\u00e7in \u00fcr\u00fcn\u00fcn\u00fcz\u00fcn teslim al\u0131nmas\u0131ndan itibaren en az yedi (7) g\u00fcn bekleyin. Kredi kart\u0131 \u015firketinize ba\u011fl\u0131 olarak iadelerin kredi kart\u0131 ekstrenizde g\u00f6r\u00fcnmesi 1-2 fatura d\u00f6nemi s\u00fcrebilir. \u0130adeniz i\u015fleme al\u0131nd\u0131\u011f\u0131nda sizi e-posta ile bilgilendirece\u011fiz.<\/p>\n\n\n\n<h2 class=\"wp-block-heading\">\u0130ST\u0130SNALAR<\/h2>\n\n\n\n<p>Kusurlu veya hasarl\u0131 \u00fcr\u00fcnler i\u00e7in, para iadesi veya de\u011fi\u015fim ayarlamak \u00fczere l\u00fctfen a\u015fa\u011f\u0131daki ileti\u015fim bilgilerinden bizimle ileti\u015fime ge\u00e7in.<\/p>\n\n\n\n<h2 class=\"wp-block-heading\">SORULAR<\/h2>\n\n\n\n<p>\u0130ade politikam\u0131zla ilgili herhangi bir sorunuz varsa, l\u00fctfen bizimle ileti\u015fime ge\u00e7in:<\/p>\n\n\n\n<p>+905551408975<\/p>\n\n\n\n<p>info@digitaltarget.com.tr<\/p>","protected":false},"excerpt":{"rendered":"<p>Sat\u0131n al\u0131m\u0131n\u0131z i\u00e7in te\u015fekk\u00fcr ederiz. Sat\u0131n al\u0131m\u0131n\u0131zdan memnun kalman\u0131z\u0131 umuyoruz. Ancak, herhangi bir nedenle sat\u0131n al\u0131m\u0131n\u0131zdan tamamen memnun kalmazsan\u0131z, yaln\u0131zca<\/p>","protected":false},"author":1,"featured_media":0,"parent":0,"menu_order":0,"comment_status":"closed","ping_status":"closed","template":"","meta":{"_monsterinsights_skip_tracking":false,"_monsterinsights_sitenote_active":false,"_monsterinsights_sitenote_note":"","_monsterinsights_sitenote_category":0},"aioseo_notices":[],"jetpack_sharing_enabled":true,"_links":{"self":[{"href":"https:\/\/digitaltarget.com.tr\/en\/wp-json\/wp\/v2\/pages\/9"}],"collection":[{"href":"https:\/\/digitaltarget.com.tr\/en\/wp-json\/wp\/v2\/pages"}],"about":[{"href":"https:\/\/digitaltarget.com.tr\/en\/wp-json\/wp\/v2\/types\/page"}],"author":[{"embeddable":true,"href":"https:\/\/digitaltarget.com.tr\/en\/wp-json\/wp\/v2\/users\/1"}],"replies":[{"embeddable":true,"href":"https:\/\/digitaltarget.com.tr\/en\/wp-json\/wp\/v2\/comments?post=9"}],"version-history":[{"count":5,"href":"https:\/\/digitaltarget.com.tr\/en\/wp-json\/wp\/v2\/pages\/9\/revisions"}],"predecessor-version":[{"id":19234,"href":"https:\/\/digitaltarget.com.tr\/en\/wp-json\/wp\/v2\/pages\/9\/revisions\/19234"}],"wp:attachment":[{"href":"https:\/\/digitaltarget.com.tr\/en\/wp-json\/wp\/v2\/media?parent=9"}],"curies":[{"name":"wp","href":"https:\/\/api.w.org\/{rel}","templated":true}]}}