{"id":16203,"date":"2023-08-17T11:27:56","date_gmt":"2023-08-17T11:27:56","guid":{"rendered":"https:\/\/digitaltarget.com.tr\/?post_type=product&#038;p=16203"},"modified":"2024-08-02T13:42:34","modified_gmt":"2024-08-02T13:42:34","slug":"good-quality-2s-3s-lipo-battery-balance-charger-plug-line-wire-connector-22awg-100mm-jst-xh-balancer-cable-5-pieces-lot-2s3s-combine-only","status":"publish","type":"product","link":"https:\/\/digitaltarget.com.tr\/en\/product\/good-quality-2s-3s-lipo-battery-balance-charger-plug-line-wire-connector-22awg-100mm-jst-xh-balancer-cable-5-pieces-lot-2s3s-combine-only\/","title":{"rendered":"2s 3s LiPo Battery Balance Charger Plug Line\/Cable\/Connection 22AWG 100mm JST-XH Balancer Cable"},"content":{"rendered":"<p class=\" translation-block\">Good quality 2s 3s 4s 5s 6s lipo battery balance charger plug wire\/wire\/plug 22awg 100mm JST-XH balance cable 5pcs\/lot<br><strong>Specifications<\/strong>:<br>DIY custom 2-6s lithium battery, custom balance charging plug line, B6 balance charging plug, lithium battery conversion line. JST-XH connector.<br>Specification: Length: 100mm<br>Wire: 22awg<br>Material: Silicone Plug: With Balance Charger<br>Female<br>Plug suitable for 2s 3s 4s 5s 6s Lipo battery<br>Package includes: 5 Cables<\/p>","protected":false},"excerpt":{"rendered":"<p>\u0130yi kalite 2s 3s 4s 5s 6s lipo pil denge \u015farj cihaz\u0131 fi\u015fi tel\/tel\/fi\u015f 22awg 100mm JST-XH denge kablosu 5<\/p>","protected":false},"featured_media":16762,"comment_status":"open","ping_status":"closed","template":"","meta":{"_monsterinsights_skip_tracking":false,"_monsterinsights_sitenote_active":false,"_monsterinsights_sitenote_note":"","_monsterinsights_sitenote_category":0},"product_cat":[353,349],"product_tag":[],"aioseo_notices":[],"jetpack_sharing_enabled":true,"_links":{"self":[{"href":"https:\/\/digitaltarget.com.tr\/en\/wp-json\/wp\/v2\/product\/16203"}],"collection":[{"href":"https:\/\/digitaltarget.com.tr\/en\/wp-json\/wp\/v2\/product"}],"about":[{"href":"https:\/\/digitaltarget.com.tr\/en\/wp-json\/wp\/v2\/types\/product"}],"replies":[{"embeddable":true,"href":"https:\/\/digitaltarget.com.tr\/en\/wp-json\/wp\/v2\/comments?post=16203"}],"version-history":[{"count":6,"href":"https:\/\/digitaltarget.com.tr\/en\/wp-json\/wp\/v2\/product\/16203\/revisions"}],"predecessor-version":[{"id":19209,"href":"https:\/\/digitaltarget.com.tr\/en\/wp-json\/wp\/v2\/product\/16203\/revisions\/19209"}],"wp:featuredmedia":[{"embeddable":true,"href":"https:\/\/digitaltarget.com.tr\/en\/wp-json\/wp\/v2\/media\/16762"}],"wp:attachment":[{"href":"https:\/\/digitaltarget.com.tr\/en\/wp-json\/wp\/v2\/media?parent=16203"}],"wp:term":[{"taxonomy":"product_cat","embeddable":true,"href":"https:\/\/digitaltarget.com.tr\/en\/wp-json\/wp\/v2\/product_cat?post=16203"},{"taxonomy":"product_tag","embeddable":true,"href":"https:\/\/digitaltarget.com.tr\/en\/wp-json\/wp\/v2\/product_tag?post=16203"}],"curies":[{"name":"wp","href":"https:\/\/api.w.org\/{rel}","templated":true}]}}