{"id":16207,"date":"2023-08-17T11:27:56","date_gmt":"2023-08-17T11:27:56","guid":{"rendered":"https:\/\/digitaltarget.com.tr\/?post_type=product&#038;p=16207"},"modified":"2024-12-19T14:38:04","modified_gmt":"2024-12-19T14:38:04","slug":"pixhawk-px4-apm-26-28-6pin-stecker-kabel-df13-6-p-stecker-20-cm-6pin-sk","status":"publish","type":"product","link":"https:\/\/digitaltarget.com.tr\/en\/product\/pixhawk-px4-apm-26-28-6pin-stecker-kabel-df13-6-p-stecker-20-cm-6pin-sk\/","title":{"rendered":"Pixhawk PX4 APM 2,6 2,8 6Pin connector kablosu (DF13 6 P connector 20 cm) 6PIN-SK"},"content":{"rendered":"<p><strong>This communication cable uses the Hirose DF13 series connection. It is 20 cm long and designed for use with the pixhawk px4 and apm 2.x board series.<\/strong><\/p>\n<p><strong>Includes:<\/strong><\/p>\n<p><strong>1*20cm 6-pin cable<\/strong><\/p>","protected":false},"excerpt":{"rendered":"<p>Bu ileti\u015fim kablosu Hirose DF13 serisinin ba\u011flant\u0131s\u0131n\u0131 kullan\u0131r. 20 cm uzunlu\u011fundad\u0131r ve pixhawk px4 ve apm 2.x board serisinde kullan\u0131lmak<\/p>","protected":false},"featured_media":16769,"comment_status":"open","ping_status":"closed","template":"","meta":{"_monsterinsights_skip_tracking":false,"_monsterinsights_sitenote_active":false,"_monsterinsights_sitenote_note":"","_monsterinsights_sitenote_category":0},"product_cat":[353,385],"product_tag":[],"aioseo_notices":[],"jetpack_sharing_enabled":true,"_links":{"self":[{"href":"https:\/\/digitaltarget.com.tr\/en\/wp-json\/wp\/v2\/product\/16207"}],"collection":[{"href":"https:\/\/digitaltarget.com.tr\/en\/wp-json\/wp\/v2\/product"}],"about":[{"href":"https:\/\/digitaltarget.com.tr\/en\/wp-json\/wp\/v2\/types\/product"}],"replies":[{"embeddable":true,"href":"https:\/\/digitaltarget.com.tr\/en\/wp-json\/wp\/v2\/comments?post=16207"}],"version-history":[{"count":4,"href":"https:\/\/digitaltarget.com.tr\/en\/wp-json\/wp\/v2\/product\/16207\/revisions"}],"predecessor-version":[{"id":19035,"href":"https:\/\/digitaltarget.com.tr\/en\/wp-json\/wp\/v2\/product\/16207\/revisions\/19035"}],"wp:featuredmedia":[{"embeddable":true,"href":"https:\/\/digitaltarget.com.tr\/en\/wp-json\/wp\/v2\/media\/16769"}],"wp:attachment":[{"href":"https:\/\/digitaltarget.com.tr\/en\/wp-json\/wp\/v2\/media?parent=16207"}],"wp:term":[{"taxonomy":"product_cat","embeddable":true,"href":"https:\/\/digitaltarget.com.tr\/en\/wp-json\/wp\/v2\/product_cat?post=16207"},{"taxonomy":"product_tag","embeddable":true,"href":"https:\/\/digitaltarget.com.tr\/en\/wp-json\/wp\/v2\/product_tag?post=16207"}],"curies":[{"name":"wp","href":"https:\/\/api.w.org\/{rel}","templated":true}]}}