{"id":16209,"date":"2023-08-17T11:27:56","date_gmt":"2023-08-17T11:27:56","guid":{"rendered":"https:\/\/digitaltarget.com.tr\/?post_type=product&#038;p=16209"},"modified":"2024-08-02T13:43:15","modified_gmt":"2024-08-02T13:43:15","slug":"s-bus-cable-15cm-26awg-male-to-male-jr-plug-servo-twisted-extension-lead-wire-cable-cord-26awg-m-m-26awg-30core15cm","status":"publish","type":"product","link":"https:\/\/digitaltarget.com.tr\/en\/product\/s-bus-cable-15cm-26awg-male-to-male-jr-plug-servo-twisted-extension-lead-wire-cable-cord-26awg-m-m-26awg-30core15cm\/","title":{"rendered":"15cm 26AWG Male to Male JR Plug Servo Twisted Extension Cord Wire Cable Cord Cord"},"content":{"rendered":"<p data-spm-anchor-id=\"a2g0o.detail.1000023.i0.11558bT68bT6rL\">15cm26AWG Male to Male JR Connector Servo Twisted Extension Cable Wire Cable<\/p>\n<p>Used for RC car, airplane and helicopter servo connector or receiver connection.<\/p>","protected":false},"excerpt":{"rendered":"<p>15cm26AWG Erkekten Erke\u011fe JR Konnekt\u00f6r Servo B\u00fck\u00fclm\u00fc\u015f Uzatma Kablosu Tel Kablo RC araba, u\u00e7ak ve helikopter servo konnekt\u00f6r\u00fc veya al\u0131c\u0131<\/p>","protected":false},"featured_media":16775,"comment_status":"open","ping_status":"closed","template":"","meta":{"_monsterinsights_skip_tracking":false,"_monsterinsights_sitenote_active":false,"_monsterinsights_sitenote_note":"","_monsterinsights_sitenote_category":0},"product_cat":[353,349],"product_tag":[],"aioseo_notices":[],"jetpack_sharing_enabled":true,"_links":{"self":[{"href":"https:\/\/digitaltarget.com.tr\/en\/wp-json\/wp\/v2\/product\/16209"}],"collection":[{"href":"https:\/\/digitaltarget.com.tr\/en\/wp-json\/wp\/v2\/product"}],"about":[{"href":"https:\/\/digitaltarget.com.tr\/en\/wp-json\/wp\/v2\/types\/product"}],"replies":[{"embeddable":true,"href":"https:\/\/digitaltarget.com.tr\/en\/wp-json\/wp\/v2\/comments?post=16209"}],"version-history":[{"count":7,"href":"https:\/\/digitaltarget.com.tr\/en\/wp-json\/wp\/v2\/product\/16209\/revisions"}],"predecessor-version":[{"id":19210,"href":"https:\/\/digitaltarget.com.tr\/en\/wp-json\/wp\/v2\/product\/16209\/revisions\/19210"}],"wp:featuredmedia":[{"embeddable":true,"href":"https:\/\/digitaltarget.com.tr\/en\/wp-json\/wp\/v2\/media\/16775"}],"wp:attachment":[{"href":"https:\/\/digitaltarget.com.tr\/en\/wp-json\/wp\/v2\/media?parent=16209"}],"wp:term":[{"taxonomy":"product_cat","embeddable":true,"href":"https:\/\/digitaltarget.com.tr\/en\/wp-json\/wp\/v2\/product_cat?post=16209"},{"taxonomy":"product_tag","embeddable":true,"href":"https:\/\/digitaltarget.com.tr\/en\/wp-json\/wp\/v2\/product_tag?post=16209"}],"curies":[{"name":"wp","href":"https:\/\/api.w.org\/{rel}","templated":true}]}}