{"id":16213,"date":"2023-08-17T11:27:58","date_gmt":"2023-08-17T11:27:58","guid":{"rendered":"https:\/\/digitaltarget.com.tr\/?post_type=product&#038;p=16213"},"modified":"2024-08-02T13:38:17","modified_gmt":"2024-08-02T13:38:17","slug":"digital-airspeed-sensor-kit-differential-pitot-pitot-tube-airspeed-meter-for-px4-pixhawk-autopilot","status":"publish","type":"product","link":"https:\/\/digitaltarget.com.tr\/en\/product\/digital-airspeed-sensor-kit-differential-pitot-pitot-tube-airspeed-meter-for-px4-pixhawk-autopilot\/","title":{"rendered":"PX4 Pixhawk Otopilot i\u00e7in Dijital Hava H\u0131z\u0131 Sens\u00f6r Kiti"},"content":{"rendered":"<p>Autopilot<\/p>\n<p><span data-spm-anchor-id=\"a2g0o.detail.1000023.i3.248eDGuKDGuKrL\">Pixhawk dijital diferansiyel h\u0131z sens\u00f6r\u00fc \u00e7ok d\u00fc\u015f\u00fck bir ofsete, y\u00fcksek \u00e7\u00f6z\u00fcn\u00fcrl\u00fc\u011fe sahiptir ve en iyisi, APM 2.6 analog h\u0131z sens\u00f6r\u00fcndeki oran-metrik \u00e7\u0131k\u0131\u015fta uzun kablolar ve ofsetler taraf\u0131ndan olu\u015fturulan g\u00fcr\u00fclt\u00fcden etkilenmez.<\/span><br \/>\n1 psi (kabaca 100 m\/s veya 360 km\/s veya 223 mp\/s&#8217;ye kadar) \u00f6l\u00e7\u00fcm aral\u0131\u011f\u0131na sahip \u00f6l\u00e7\u00fcm spesiyalleri 4525DO sens\u00f6re sahip Pixhawk h\u0131z sens\u00f6r\u00fc kiti, 0,84 Pa \u00e7\u00f6z\u00fcn\u00fcrl\u00fck sa\u011flar. 14 bitlik Delta-Sigma ADC&#8217;den 24 bit olarak iletilen verilerle. Ayr\u0131ca, belirtilen h\u0131zdan ger\u00e7ek hava ak\u0131\u015f\u0131n\u0131n hesaplanmas\u0131na olanak sa\u011flamak i\u00e7in pixhawk \u00fczerindeki MS5611 statik bas\u0131n\u00e7 sens\u00f6r\u00fcn\u00fc kullanarak s\u0131cakl\u0131\u011f\u0131 \u00f6l\u00e7er. Yak\u0131ndaki i\u015fleme bile\u015fenlerinin s\u0131cakl\u0131\u011f\u0131ndan etkilenmez, \u00f6nceki analog sens\u00f6r kurulumlar\u0131na g\u00f6re hava s\u0131cakl\u0131\u011f\u0131na \u00e7ok daha yak\u0131nd\u0131r. T\u00fcm Pixhawk ve PX4 otopilot \u00fcretim kartlar\u0131nda desteklenen bu kit, M3\/6-32 montaj delikleriyle birlikte gelir.<\/p>\n<p>&#8211; PIXHAWK, dijital diferansiyel bas\u0131n\u00e7 sens\u00f6r\u00fc i\u00e7in uygun, PX4 orijinal ayg\u0131t yaz\u0131l\u0131m\u0131n\u0131 benimseyen, I2C ileti\u015fimini benimseyen h\u0131z kafas\u0131n\u0131n de\u011fi\u015ftirilmi\u015f versiyonu &#8211; Analog diferansiyel voltaj sens\u00f6r\u00fc APM&#8217;den farkl\u0131 olarak, APM<\/p>","protected":false},"excerpt":{"rendered":"<p>Autopilot<\/p>","protected":false},"featured_media":16749,"comment_status":"open","ping_status":"closed","template":"","meta":{"_monsterinsights_skip_tracking":false,"_monsterinsights_sitenote_active":false,"_monsterinsights_sitenote_note":"","_monsterinsights_sitenote_category":0},"product_cat":[385,360],"product_tag":[],"aioseo_notices":[],"jetpack_sharing_enabled":true,"_links":{"self":[{"href":"https:\/\/digitaltarget.com.tr\/en\/wp-json\/wp\/v2\/product\/16213"}],"collection":[{"href":"https:\/\/digitaltarget.com.tr\/en\/wp-json\/wp\/v2\/product"}],"about":[{"href":"https:\/\/digitaltarget.com.tr\/en\/wp-json\/wp\/v2\/types\/product"}],"replies":[{"embeddable":true,"href":"https:\/\/digitaltarget.com.tr\/en\/wp-json\/wp\/v2\/comments?post=16213"}],"version-history":[{"count":7,"href":"https:\/\/digitaltarget.com.tr\/en\/wp-json\/wp\/v2\/product\/16213\/revisions"}],"predecessor-version":[{"id":19206,"href":"https:\/\/digitaltarget.com.tr\/en\/wp-json\/wp\/v2\/product\/16213\/revisions\/19206"}],"wp:featuredmedia":[{"embeddable":true,"href":"https:\/\/digitaltarget.com.tr\/en\/wp-json\/wp\/v2\/media\/16749"}],"wp:attachment":[{"href":"https:\/\/digitaltarget.com.tr\/en\/wp-json\/wp\/v2\/media?parent=16213"}],"wp:term":[{"taxonomy":"product_cat","embeddable":true,"href":"https:\/\/digitaltarget.com.tr\/en\/wp-json\/wp\/v2\/product_cat?post=16213"},{"taxonomy":"product_tag","embeddable":true,"href":"https:\/\/digitaltarget.com.tr\/en\/wp-json\/wp\/v2\/product_tag?post=16213"}],"curies":[{"name":"wp","href":"https:\/\/api.w.org\/{rel}","templated":true}]}}