{"id":16219,"date":"2023-08-17T11:27:59","date_gmt":"2023-08-17T11:27:59","guid":{"rendered":"https:\/\/digitaltarget.com.tr\/?post_type=product&#038;p=16219"},"modified":"2024-08-02T13:28:18","modified_gmt":"2024-08-02T13:28:18","slug":"kt230-230-5inch-5-fpv-racing-drone-f4-with-flysky-i6","status":"publish","type":"product","link":"https:\/\/digitaltarget.com.tr\/en\/product\/kt230-230-5inch-5-fpv-racing-drone-f4-with-flysky-i6\/","title":{"rendered":"KT230 230 5 inch 5\u2033 FPV Racing Drone F4 with Flysky I6"},"content":{"rendered":"<p align=\"start\"><strong>Specifications:<\/strong><\/p>\n<div align=\"start\">Product name: F4 V3S PLUS Flight Controller<\/div>\n<div align=\"start\"><\/div>\n<div align=\"start\">Software Omnibus~f4<\/div>\n<div align=\"start\"><\/div>\n<div align=\"start\">Size: 36x36mm<\/div>\n<div align=\"start\"><\/div>\n<div align=\"start\">Mounting holes: 30.5\u00d730.5mm<\/div>\n<div align=\"start\"><\/div>\n<div align=\"start\">STM32 F405 MCU<\/div>\n<div align=\"start\"><\/div>\n<div align=\"start\">Dshot support<\/div>\n<div align=\"start\"><\/div>\n<div align=\"start\">Drag and drop OSD configuration via Betaflight<\/div>\n<div align=\"start\"><\/div>\n<div align=\"start\">BMI270 \/ MPU6500 6-axis SPI gyroscope &amp; accelerometer (Randomly sent)<\/div>\n<div align=\"start\"><\/div>\n<div align=\"start\">SBUS\/PPM and Spectrum DSMX ports<\/div>\n<div align=\"start\"><\/div>\n<div align=\"start\">MicroSD card black box<\/div>\n<div align=\"start\"><\/div>\n<div align=\"start\">Barometer (BMP280)<\/div>\n<div align=\"start\"><\/div>\n<div align=\"start\">5v3a 9v3a bec<\/div>\n<div align=\"start\"><\/div>\n<div align=\"start\">Built-in video filters (5V for VTX and camera only)<\/div>","protected":false},"excerpt":{"rendered":"<p>\u00d6zellikler: \u00dcr\u00fcn ad\u0131: F4 V3S PLUS U\u00e7u\u015f Kontrolc\u00fcs\u00fc Yaz\u0131l\u0131m: Omnibus~f4 Boyut: 36x36mm Montaj delikleri: 30.5&#215;30.5mm STM32 F405 MCU Dshot deste\u011fi<\/p>","protected":false},"featured_media":16743,"comment_status":"open","ping_status":"closed","template":"","meta":{"_monsterinsights_skip_tracking":false,"_monsterinsights_sitenote_active":false,"_monsterinsights_sitenote_note":"","_monsterinsights_sitenote_category":0},"product_cat":[381,435,380],"product_tag":[],"aioseo_notices":[],"jetpack_sharing_enabled":true,"_links":{"self":[{"href":"https:\/\/digitaltarget.com.tr\/en\/wp-json\/wp\/v2\/product\/16219"}],"collection":[{"href":"https:\/\/digitaltarget.com.tr\/en\/wp-json\/wp\/v2\/product"}],"about":[{"href":"https:\/\/digitaltarget.com.tr\/en\/wp-json\/wp\/v2\/types\/product"}],"replies":[{"embeddable":true,"href":"https:\/\/digitaltarget.com.tr\/en\/wp-json\/wp\/v2\/comments?post=16219"}],"version-history":[{"count":5,"href":"https:\/\/digitaltarget.com.tr\/en\/wp-json\/wp\/v2\/product\/16219\/revisions"}],"predecessor-version":[{"id":19203,"href":"https:\/\/digitaltarget.com.tr\/en\/wp-json\/wp\/v2\/product\/16219\/revisions\/19203"}],"wp:featuredmedia":[{"embeddable":true,"href":"https:\/\/digitaltarget.com.tr\/en\/wp-json\/wp\/v2\/media\/16743"}],"wp:attachment":[{"href":"https:\/\/digitaltarget.com.tr\/en\/wp-json\/wp\/v2\/media?parent=16219"}],"wp:term":[{"taxonomy":"product_cat","embeddable":true,"href":"https:\/\/digitaltarget.com.tr\/en\/wp-json\/wp\/v2\/product_cat?post=16219"},{"taxonomy":"product_tag","embeddable":true,"href":"https:\/\/digitaltarget.com.tr\/en\/wp-json\/wp\/v2\/product_tag?post=16219"}],"curies":[{"name":"wp","href":"https:\/\/api.w.org\/{rel}","templated":true}]}}