{"id":16252,"date":"2023-08-17T11:28:02","date_gmt":"2023-08-17T11:28:02","guid":{"rendered":"https:\/\/digitaltarget.com.tr\/?post_type=product&#038;p=16252"},"modified":"2024-12-19T14:37:38","modified_gmt":"2024-12-19T14:37:38","slug":"newest-rfid-starter-kit-for-arduino-uno-r3-upgraded-version-learning-suite-with-retail-box","status":"publish","type":"product","link":"https:\/\/digitaltarget.com.tr\/en\/product\/newest-rfid-starter-kit-for-arduino-uno-r3-upgraded-version-learning-suite-with-retail-box\/","title":{"rendered":"Starter Kit Upgraded Version Learning Pack for Arduino UNO R3"},"content":{"rendered":"<div><strong>Description:<\/strong><\/div>\n<div>The RFID Learning Set is the entry point for main set updates, and updates are typically made in the following areas:<\/div>\n<div><\/div>\n<div>1. 1602 I2C display has been modified to make control easier.<\/div>\n<div>2. New RFID module and white card with RFID keychain added.<\/div>\n<div>3. DS1302 clock module added.<\/div>\n<div>4. New sound detection module added.<\/div>\n<div>5. New temperature and humidity module added.<\/div>\n<div>6. New water level detection module added.<\/div>\n<div>7. 4*4 keyboard module added.<\/div>\n<div>8. New 8*8 point matrix module added.<\/div>","protected":false},"excerpt":{"rendered":"<p>A\u00e7\u0131klama: RFID \u00d6\u011frenme Seti, ana set g\u00fcncellemeleri i\u00e7in giri\u015f noktas\u0131d\u0131r ve g\u00fcncellemeler genellikle \u015fu alanlarda yap\u0131lmaktad\u0131r: 1. 1602 I2C ekran,<\/p>","protected":false},"featured_media":16701,"comment_status":"open","ping_status":"closed","template":"","meta":{"_monsterinsights_skip_tracking":false,"_monsterinsights_sitenote_active":false,"_monsterinsights_sitenote_note":"","_monsterinsights_sitenote_category":0},"product_cat":[382,380],"product_tag":[],"aioseo_notices":[],"jetpack_sharing_enabled":true,"_links":{"self":[{"href":"https:\/\/digitaltarget.com.tr\/en\/wp-json\/wp\/v2\/product\/16252"}],"collection":[{"href":"https:\/\/digitaltarget.com.tr\/en\/wp-json\/wp\/v2\/product"}],"about":[{"href":"https:\/\/digitaltarget.com.tr\/en\/wp-json\/wp\/v2\/types\/product"}],"replies":[{"embeddable":true,"href":"https:\/\/digitaltarget.com.tr\/en\/wp-json\/wp\/v2\/comments?post=16252"}],"version-history":[{"count":6,"href":"https:\/\/digitaltarget.com.tr\/en\/wp-json\/wp\/v2\/product\/16252\/revisions"}],"predecessor-version":[{"id":19021,"href":"https:\/\/digitaltarget.com.tr\/en\/wp-json\/wp\/v2\/product\/16252\/revisions\/19021"}],"wp:featuredmedia":[{"embeddable":true,"href":"https:\/\/digitaltarget.com.tr\/en\/wp-json\/wp\/v2\/media\/16701"}],"wp:attachment":[{"href":"https:\/\/digitaltarget.com.tr\/en\/wp-json\/wp\/v2\/media?parent=16252"}],"wp:term":[{"taxonomy":"product_cat","embeddable":true,"href":"https:\/\/digitaltarget.com.tr\/en\/wp-json\/wp\/v2\/product_cat?post=16252"},{"taxonomy":"product_tag","embeddable":true,"href":"https:\/\/digitaltarget.com.tr\/en\/wp-json\/wp\/v2\/product_tag?post=16252"}],"curies":[{"name":"wp","href":"https:\/\/api.w.org\/{rel}","templated":true}]}}