{"id":16254,"date":"2023-08-17T11:28:02","date_gmt":"2023-08-17T11:28:02","guid":{"rendered":"https:\/\/digitaltarget.com.tr\/?post_type=product&#038;p=16254"},"modified":"2024-08-02T13:07:02","modified_gmt":"2024-08-02T13:07:02","slug":"phezer-p15-12-7mm-label-printer-qr-bar-batch-code-date-number-logo-expiry-date-handheld-inkjet-printer-25-languages-portable","status":"publish","type":"product","link":"https:\/\/digitaltarget.com.tr\/en\/product\/phezer-p15-12-7mm-label-printer-qr-bar-batch-code-date-number-logo-expiry-date-handheld-inkjet-printer-25-languages-portable\/","title":{"rendered":"Phezer P15 12.7mm Label Printer QR Bar Batch Code Date Number Logo Expiration Date Handheld Inkjet Printer 25 Language Portable"},"content":{"rendered":"<p><strong><span data-spm-anchor-id=\"a2g0o.detail.1000023.i0.1b2bafi1afi1ul\">Specifications:<\/span><\/strong><\/p>\n<p>1. Print Head: Thermal inkjet 2.5<\/p>\n<p>2. CPU: Quad core 1.4GHz<\/p>\n<p>3. Operating System: Linux<\/p>\n<p>4. Printing Distance: 2-5mm with best quality<\/p>\n<p>5. Interface: USB, Photocell<\/p>\n<p>6. Print Resolution: Maximum 600dpi<\/p>\n<p>7. Weight: 0.7KG Gross<\/p>\n<p>8. Size: 225*135*110mm<\/p>\n<p>9. Battery: 2600mAh @ DC16.8v<\/p>\n<p>9. Pil: 2600mAh @ DC16.8v<\/p>\n<p>11. Material of the printer: ABS+PC<\/p>\n<p>12. Print Height: 2-12.7mm<\/p>\n<p>13. Language: Chinese, English, Japanese, Turkish, Arabic, Korean, Korean, Spanish, French, Italian and others<\/p>\n<p>14. Adapter: AC input 100~240V; DC output 16.8V\/2A<\/p>\n<p>15. Ink Color: Black, White, Red, Yellow, Blue, Green, Invisible, UV<\/p>\n<p>16. Edition Content: Chinese, English, Numbers, Symbols, QR code, Barcode, Pictures, Dates, Counter<\/p>\n<p>17. Print Media: Boards, Cardboard, Stone, Pipe, Cable, Metal, Plastic, Electronics, Automotive parts<\/p>\n<p>18. Working Environment: Temperature 0-45\u2103 (Best: 20-30\u2103) Humidity 40%-60%Rh<\/p>","protected":false},"excerpt":{"rendered":"<p>\u00d6zellikler: 1. Bask\u0131 Kafas\u0131: Termal m\u00fcrekkep p\u00fcsk\u00fcrtmeli 2.5 2. CPU: D\u00f6rt \u00e7ekirdek 1.4GHz 3. \u0130\u015fletim Sistemi: Linux 4. Bask\u0131 Mesafesi:<\/p>","protected":false},"featured_media":16428,"comment_status":"open","ping_status":"closed","template":"","meta":{"_monsterinsights_skip_tracking":false,"_monsterinsights_sitenote_active":false,"_monsterinsights_sitenote_note":"","_monsterinsights_sitenote_category":0},"product_cat":[388],"product_tag":[],"aioseo_notices":[],"jetpack_sharing_enabled":true,"_links":{"self":[{"href":"https:\/\/digitaltarget.com.tr\/en\/wp-json\/wp\/v2\/product\/16254"}],"collection":[{"href":"https:\/\/digitaltarget.com.tr\/en\/wp-json\/wp\/v2\/product"}],"about":[{"href":"https:\/\/digitaltarget.com.tr\/en\/wp-json\/wp\/v2\/types\/product"}],"replies":[{"embeddable":true,"href":"https:\/\/digitaltarget.com.tr\/en\/wp-json\/wp\/v2\/comments?post=16254"}],"version-history":[{"count":5,"href":"https:\/\/digitaltarget.com.tr\/en\/wp-json\/wp\/v2\/product\/16254\/revisions"}],"predecessor-version":[{"id":19198,"href":"https:\/\/digitaltarget.com.tr\/en\/wp-json\/wp\/v2\/product\/16254\/revisions\/19198"}],"wp:featuredmedia":[{"embeddable":true,"href":"https:\/\/digitaltarget.com.tr\/en\/wp-json\/wp\/v2\/media\/16428"}],"wp:attachment":[{"href":"https:\/\/digitaltarget.com.tr\/en\/wp-json\/wp\/v2\/media?parent=16254"}],"wp:term":[{"taxonomy":"product_cat","embeddable":true,"href":"https:\/\/digitaltarget.com.tr\/en\/wp-json\/wp\/v2\/product_cat?post=16254"},{"taxonomy":"product_tag","embeddable":true,"href":"https:\/\/digitaltarget.com.tr\/en\/wp-json\/wp\/v2\/product_tag?post=16254"}],"curies":[{"name":"wp","href":"https:\/\/api.w.org\/{rel}","templated":true}]}}