{"id":16288,"date":"2023-08-17T11:28:06","date_gmt":"2023-08-17T11:28:06","guid":{"rendered":"https:\/\/digitaltarget.com.tr\/?post_type=product&#038;p=16288"},"modified":"2024-08-02T12:32:47","modified_gmt":"2024-08-02T12:32:47","slug":"caddx-ant-fpv-camera-1200tvl-global-wdr-with-osd-1-8mm-lens-2g-ultra-light-nano-fpv-camera-cam-aspect-ratio-169-43-ntsc-pal","status":"publish","type":"product","link":"https:\/\/digitaltarget.com.tr\/en\/product\/caddx-ant-fpv-camera-1200tvl-global-wdr-with-osd-1-8mm-lens-2g-ultra-light-nano-fpv-camera-cam-aspect-ratio-169-43-ntsc-pal\/","title":{"rendered":"Caddx Ant FPV Camera 1200TVL Global WDR 1.8mm Lens 2g Ultra Light Nano FPV Camera Camcorder with OSD Aspect Ratio 16:9 4:3 NTSC PAL"},"content":{"rendered":"<h2>Specifications:<\/h2>\n<div>\n<h5><strong>Model: Caddx Ant<\/strong><\/h5>\n<h5><strong>Image sensor 1\/3\u2033 CMOS sensor<\/strong><\/h5>\n<h5><strong>Horizontal resolution 1200 TVL<\/strong><\/h5>\n<h5><strong>TV system NTSC or PAL<\/strong><\/h5>\n<h5><strong>Menu: supported<\/strong><\/h5>\n<h5><strong>Display: 16:9 or 4:3<\/strong><\/h5>\n<h5><strong>Synchronization: internal<\/strong><\/h5>\n<h5><strong>Electronic shutter: PAL: 1\/50~100,000; NTSC:<\/strong><\/h5>\n<h5><strong>1\/60~100,000<\/strong><\/h5>\n<h5><strong>S\/N ratio: &gt;52dB (AGC off)<\/strong><\/h5>\n<h5><strong>Video output: CVBS<\/strong><\/h5>\n<h5><strong>Lens: 1.8mm<\/strong><\/h5>\n<\/div>","protected":false},"excerpt":{"rendered":"<p>\u00d6zellikler: Model: Caddx Ant G\u00f6r\u00fcnt\u00fc sens\u00f6r\u00fc: 1\/3&#8243; CMOS sens\u00f6r\u00fc Yatay \u00e7\u00f6z\u00fcn\u00fcrl\u00fck: 1200 TVL TV sistemi: NTSC veya PAL Men\u00fc: destekleniyor<\/p>","protected":false},"featured_media":16654,"comment_status":"open","ping_status":"closed","template":"","meta":{"_monsterinsights_skip_tracking":false,"_monsterinsights_sitenote_active":false,"_monsterinsights_sitenote_note":"","_monsterinsights_sitenote_category":0},"product_cat":[308],"product_tag":[],"aioseo_notices":[],"jetpack_sharing_enabled":true,"_links":{"self":[{"href":"https:\/\/digitaltarget.com.tr\/en\/wp-json\/wp\/v2\/product\/16288"}],"collection":[{"href":"https:\/\/digitaltarget.com.tr\/en\/wp-json\/wp\/v2\/product"}],"about":[{"href":"https:\/\/digitaltarget.com.tr\/en\/wp-json\/wp\/v2\/types\/product"}],"replies":[{"embeddable":true,"href":"https:\/\/digitaltarget.com.tr\/en\/wp-json\/wp\/v2\/comments?post=16288"}],"version-history":[{"count":5,"href":"https:\/\/digitaltarget.com.tr\/en\/wp-json\/wp\/v2\/product\/16288\/revisions"}],"predecessor-version":[{"id":19183,"href":"https:\/\/digitaltarget.com.tr\/en\/wp-json\/wp\/v2\/product\/16288\/revisions\/19183"}],"wp:featuredmedia":[{"embeddable":true,"href":"https:\/\/digitaltarget.com.tr\/en\/wp-json\/wp\/v2\/media\/16654"}],"wp:attachment":[{"href":"https:\/\/digitaltarget.com.tr\/en\/wp-json\/wp\/v2\/media?parent=16288"}],"wp:term":[{"taxonomy":"product_cat","embeddable":true,"href":"https:\/\/digitaltarget.com.tr\/en\/wp-json\/wp\/v2\/product_cat?post=16288"},{"taxonomy":"product_tag","embeddable":true,"href":"https:\/\/digitaltarget.com.tr\/en\/wp-json\/wp\/v2\/product_tag?post=16288"}],"curies":[{"name":"wp","href":"https:\/\/api.w.org\/{rel}","templated":true}]}}