{"id":16301,"date":"2023-08-17T11:28:07","date_gmt":"2023-08-17T11:28:07","guid":{"rendered":"https:\/\/digitaltarget.com.tr\/?post_type=product&#038;p=16301"},"modified":"2025-04-11T15:28:11","modified_gmt":"2025-04-11T15:28:11","slug":"new-dle85-gasoline-engine-85cc-for-model-airplane","status":"publish","type":"product","link":"https:\/\/digitaltarget.com.tr\/en\/product\/new-dle85-gasoline-engine-85cc-for-model-airplane\/","title":{"rendered":"New DLE85 Gasoline engine 85CC For Model Airplane"},"content":{"rendered":"<p><strong><span data-spm-anchor-id=\"a2g0o.detail.1000023.i0.3b42tBo6tBo6Z1\">Specifications:<\/span><\/strong><\/p>\n<ul>\n<li>Stock number DLE85<\/li>\n<li>Performance: 8.5HP\/7500 rpm<\/li>\n<li>Idle speed 1500 RPM<\/li>\n<li>21Kg static thrust\/100 meters altitude<\/li>\n<li>18Kg static thrust\/1800 meters altitude<\/li>\n<li>Airplane propeller specifications: 25 \u00d7 10; 26 \u00d7 9; 27 \u00d7 8;<\/li>\n<li>Buji types: NGK CM6<\/li>\n<\/ul>\n<p><strong>Parameters<\/strong><\/p>\n<ul>\n<li>Exhaust volume 85cm\u00b3<\/li>\n<li>Diameter X Bearing: 52mm X 40mm<\/li>\n<li>Compression ratio 9.5:1<\/li>\n<li>Lubrication capacity ratio: 30:1<\/li>\n<li>Weight: main engine-1930g exhaust pipe-250g<\/li>\n<li>Starter device-130g<\/li>\n<li>Starting voltage: 4.8 V-8.4 V<\/li>\n<\/ul>","protected":false},"excerpt":{"rendered":"<p>\u00d6zellikler: Stok numaras\u0131: DLE85 Performans: 8.5HP\/7500 rpm Bo\u015fta h\u0131z: 1500 RPM 21Kg statik iti\u015f\/100 metre rak\u0131m 18Kg statik iti\u015f\/1800 metre<\/p>","protected":false},"featured_media":16646,"comment_status":"open","ping_status":"closed","template":"","meta":{"_monsterinsights_skip_tracking":false,"_monsterinsights_sitenote_active":false,"_monsterinsights_sitenote_note":"","_monsterinsights_sitenote_category":0},"product_cat":[447,383],"product_tag":[],"aioseo_notices":[],"jetpack_sharing_enabled":true,"_links":{"self":[{"href":"https:\/\/digitaltarget.com.tr\/en\/wp-json\/wp\/v2\/product\/16301"}],"collection":[{"href":"https:\/\/digitaltarget.com.tr\/en\/wp-json\/wp\/v2\/product"}],"about":[{"href":"https:\/\/digitaltarget.com.tr\/en\/wp-json\/wp\/v2\/types\/product"}],"replies":[{"embeddable":true,"href":"https:\/\/digitaltarget.com.tr\/en\/wp-json\/wp\/v2\/comments?post=16301"}],"version-history":[{"count":8,"href":"https:\/\/digitaltarget.com.tr\/en\/wp-json\/wp\/v2\/product\/16301\/revisions"}],"predecessor-version":[{"id":19010,"href":"https:\/\/digitaltarget.com.tr\/en\/wp-json\/wp\/v2\/product\/16301\/revisions\/19010"}],"wp:featuredmedia":[{"embeddable":true,"href":"https:\/\/digitaltarget.com.tr\/en\/wp-json\/wp\/v2\/media\/16646"}],"wp:attachment":[{"href":"https:\/\/digitaltarget.com.tr\/en\/wp-json\/wp\/v2\/media?parent=16301"}],"wp:term":[{"taxonomy":"product_cat","embeddable":true,"href":"https:\/\/digitaltarget.com.tr\/en\/wp-json\/wp\/v2\/product_cat?post=16301"},{"taxonomy":"product_tag","embeddable":true,"href":"https:\/\/digitaltarget.com.tr\/en\/wp-json\/wp\/v2\/product_tag?post=16301"}],"curies":[{"name":"wp","href":"https:\/\/api.w.org\/{rel}","templated":true}]}}