{"id":16303,"date":"2023-08-17T11:28:07","date_gmt":"2023-08-17T11:28:07","guid":{"rendered":"https:\/\/digitaltarget.com.tr\/?post_type=product&#038;p=16303"},"modified":"2024-08-02T12:22:59","modified_gmt":"2024-08-02T12:22:59","slug":"iflight-motor-xing-x2208-2208-1800kv-2450kv-2-6s-fpv-nextgen-motor-for-diy-rc-racing-drone","status":"publish","type":"product","link":"https:\/\/digitaltarget.com.tr\/en\/product\/iflight-motor-xing-x2208-2208-1800kv-2450kv-2-6s-fpv-nextgen-motor-for-diy-rc-racing-drone\/","title":{"rendered":"IFlight Motor XING X2208 1800KV 2-6S FPV Motor for DIY RC Racing Drone"},"content":{"rendered":"<p><strong>Specifications:<\/strong><\/p>\n<p>* Eliptik g\u00f6vde, y\u00fcksek mukavemetli titanyum ala\u015f\u0131ml\u0131 \u015faft<br \/>\n* B\u00fcy\u00fck \u0131s\u0131 da\u011f\u0131t\u0131m delikleri tasar\u0131m\u0131 (ayn\u0131 aral\u0131kl\u0131 motora k\u0131yasla 15\u00b0C azalt\u0131lm\u0131\u015f)<br \/>\n* Dayan\u0131kl\u0131 s\u00f6n\u00fcmleme yata\u011f\u0131, titre\u015fimi etkili bir \u015fekilde ezer* %50-%80 optimum gaz \u00e7\u0131k\u0131\u015f\u0131, en iyi verimlilik* 160 mm kablo uzunlu\u011fu<br \/>\nfarkl\u0131 \u00e7er\u00e7eveler ve kurulumlar i\u00e7in<\/p>\n<p>*The product sold is only 1 piece.<\/p>","protected":false},"excerpt":{"rendered":"<p>X2208-1800KV<\/p>","protected":false},"featured_media":16643,"comment_status":"open","ping_status":"closed","template":"","meta":{"_monsterinsights_skip_tracking":false,"_monsterinsights_sitenote_active":false,"_monsterinsights_sitenote_note":"","_monsterinsights_sitenote_category":0},"product_cat":[383,357],"product_tag":[],"aioseo_notices":[],"jetpack_sharing_enabled":true,"_links":{"self":[{"href":"https:\/\/digitaltarget.com.tr\/en\/wp-json\/wp\/v2\/product\/16303"}],"collection":[{"href":"https:\/\/digitaltarget.com.tr\/en\/wp-json\/wp\/v2\/product"}],"about":[{"href":"https:\/\/digitaltarget.com.tr\/en\/wp-json\/wp\/v2\/types\/product"}],"replies":[{"embeddable":true,"href":"https:\/\/digitaltarget.com.tr\/en\/wp-json\/wp\/v2\/comments?post=16303"}],"version-history":[{"count":7,"href":"https:\/\/digitaltarget.com.tr\/en\/wp-json\/wp\/v2\/product\/16303\/revisions"}],"predecessor-version":[{"id":19177,"href":"https:\/\/digitaltarget.com.tr\/en\/wp-json\/wp\/v2\/product\/16303\/revisions\/19177"}],"wp:featuredmedia":[{"embeddable":true,"href":"https:\/\/digitaltarget.com.tr\/en\/wp-json\/wp\/v2\/media\/16643"}],"wp:attachment":[{"href":"https:\/\/digitaltarget.com.tr\/en\/wp-json\/wp\/v2\/media?parent=16303"}],"wp:term":[{"taxonomy":"product_cat","embeddable":true,"href":"https:\/\/digitaltarget.com.tr\/en\/wp-json\/wp\/v2\/product_cat?post=16303"},{"taxonomy":"product_tag","embeddable":true,"href":"https:\/\/digitaltarget.com.tr\/en\/wp-json\/wp\/v2\/product_tag?post=16303"}],"curies":[{"name":"wp","href":"https:\/\/api.w.org\/{rel}","templated":true}]}}