{"id":16327,"date":"2023-08-17T11:28:09","date_gmt":"2023-08-17T11:28:09","guid":{"rendered":"https:\/\/digitaltarget.com.tr\/?post_type=product&#038;p=16327"},"modified":"2025-03-18T00:42:09","modified_gmt":"2025-03-18T00:42:09","slug":"hj-digital-servo-tester-esc-consistency-tester-for-rc-airplane","status":"publish","type":"product","link":"https:\/\/digitaltarget.com.tr\/en\/product\/hj-digital-servo-tester-esc-consistency-tester-for-rc-airplane\/","title":{"rendered":"HJ Digital Servo Tester\/ESC Coherence Tester for RC Airplane"},"content":{"rendered":"<h5><strong>Servo Test Cihaz\u0131<\/strong><\/h5>\n<ul>\n<li class=\" translation-block\"><strong>Brand:<\/strong> HJ<\/li>\n<li class=\" translation-block\"><strong>Material:<\/strong> Plastic<\/li>\n<li class=\" translation-block\"><strong>Color:<\/strong> Blue + Black<\/li>\n<li class=\" translation-block\"><strong>Dimensions:<\/strong> 7.5 cm x 3.8 cm x 2.5 cm<\/li>\n<li class=\" translation-block\"><strong>Weight:<\/strong> 0.88 oz (25 g)<\/li>\n<li class=\" translation-block\"><strong>Input Voltage:<\/strong> DC 5~6V<\/li>\n<li class=\" translation-block\"><strong>Generation Signal Width:<\/strong> 800~2200 \u00b5s<\/li>\n<li><strong>Functions:<\/strong>\n<ul>\n<li>4 servoyu senkronize \u015fekilde kontrol edebilir.<\/li>\n<li>Direksiyon servo \u00e7\u0131k\u0131\u015f sinyali ile g\u00fc\u00e7 d\u00fcmen kontrol\u00fcn\u00fc kar\u015f\u0131la\u015ft\u0131rabilir.<\/li>\n<li>2 \u00b5s hassasiyete kadar do\u011fru sinyal \u00fcretimi sa\u011flar (1 milisaniye = 1000 mikrosaniye).<\/li>\n<li>Direksiyon di\u015flisi testi yapabilir ve k\u00fc\u00e7\u00fck de\u011fi\u015fikliklere yan\u0131t verebilir.<\/li>\n<li>Ppm sinyal testi fonksiyonu i\u00e7erir. Giri\u015f ppm sinyali de\u011fi\u015firken ppm senkronize \u00fcretimi sa\u011flar.<\/li>\n<li>Manuel mod (manuel) ve otomatik mod (otomatik) se\u00e7enekleri vard\u0131r.<\/li>\n<li>Analog di\u015fli makinesi \u00e7\u0131k\u0131\u015f d\u00f6ng\u00fcs\u00fc, frekans 50 Hz, potansiyometre ile geni\u015flik azalt\u0131labilir veya art\u0131r\u0131labilir.<\/li>\n<li>D\u00fc\u011fme se\u00e7imi (karakterler: anahtar de\u011fi\u015ftirme fonksiyonu, d\u00f6ng\u00fc d\u00fczeni):\n<ul>\n<li>S-1 Manuel Mod (manuel)<\/li>\n<li>S-2 N\u00f6tr Mod (Neutral)<\/li>\n<li>S-3 Otomatik Mod (otomatik)<\/li>\n<\/ul>\n<\/li>\n<\/ul>\n<\/li>\n<\/ul>","protected":false},"excerpt":{"rendered":"<p>servo tester<\/p>","protected":false},"featured_media":16443,"comment_status":"open","ping_status":"closed","template":"","meta":{"_monsterinsights_skip_tracking":false,"_monsterinsights_sitenote_active":false,"_monsterinsights_sitenote_note":"","_monsterinsights_sitenote_category":0},"product_cat":[384,357],"product_tag":[],"aioseo_notices":[],"jetpack_sharing_enabled":true,"_links":{"self":[{"href":"https:\/\/digitaltarget.com.tr\/en\/wp-json\/wp\/v2\/product\/16327"}],"collection":[{"href":"https:\/\/digitaltarget.com.tr\/en\/wp-json\/wp\/v2\/product"}],"about":[{"href":"https:\/\/digitaltarget.com.tr\/en\/wp-json\/wp\/v2\/types\/product"}],"replies":[{"embeddable":true,"href":"https:\/\/digitaltarget.com.tr\/en\/wp-json\/wp\/v2\/comments?post=16327"}],"version-history":[{"count":5,"href":"https:\/\/digitaltarget.com.tr\/en\/wp-json\/wp\/v2\/product\/16327\/revisions"}],"predecessor-version":[{"id":19001,"href":"https:\/\/digitaltarget.com.tr\/en\/wp-json\/wp\/v2\/product\/16327\/revisions\/19001"}],"wp:featuredmedia":[{"embeddable":true,"href":"https:\/\/digitaltarget.com.tr\/en\/wp-json\/wp\/v2\/media\/16443"}],"wp:attachment":[{"href":"https:\/\/digitaltarget.com.tr\/en\/wp-json\/wp\/v2\/media?parent=16327"}],"wp:term":[{"taxonomy":"product_cat","embeddable":true,"href":"https:\/\/digitaltarget.com.tr\/en\/wp-json\/wp\/v2\/product_cat?post=16327"},{"taxonomy":"product_tag","embeddable":true,"href":"https:\/\/digitaltarget.com.tr\/en\/wp-json\/wp\/v2\/product_tag?post=16327"}],"curies":[{"name":"wp","href":"https:\/\/api.w.org\/{rel}","templated":true}]}}