{"id":16329,"date":"2023-08-17T11:28:09","date_gmt":"2023-08-17T11:28:09","guid":{"rendered":"https:\/\/digitaltarget.com.tr\/?post_type=product&#038;p=16329"},"modified":"2024-08-02T12:19:48","modified_gmt":"2024-08-02T12:19:48","slug":"vna-spectrum-analyzer-35-6200mhz-3-2-lcd-display-6ghz-sa6-portable-spectrum-optical-antenna-analyzer","status":"publish","type":"product","link":"https:\/\/digitaltarget.com.tr\/en\/product\/vna-spectrum-analyzer-35-6200mhz-3-2-lcd-display-6ghz-sa6-portable-spectrum-optical-antenna-analyzer\/","title":{"rendered":"VNA SA6 Portable Spectrum Analyzer Optical Antenna"},"content":{"rendered":"<dl class=\"do-entry-item\">\n<dt>\n<h4 data-spm-anchor-id=\"a2700.details.0.i21.1dbc6f61cff8qx\">VNA Spectrum Analyzer 35-6200MHz 3.2\u2033 LCD Display 6GHz SA6 Portable Spectrum Optical Antenna Analyzer<\/h4>\n<\/dt>\n<dt class=\"do-entry-item\">&nbsp;<\/p>\n<table style=\"height: 274px;\" width=\"665\">\n<tbody>\n<tr>\n<th>Usage<\/th>\n<th>Network<\/th>\n<th>Model Name<\/th>\n<th>Screen Resolution<\/th>\n<th>Screen Diagonal<\/th>\n<th>Input Frequency Range<\/th>\n<th>Minimum Frequency Step<\/th>\n<th>Phase Noise at 100kHz Shift Point<\/th>\n<th>Phase Noise at 1MHz Shift Point<\/th>\n<\/tr>\n<tr>\n<td>FTTH, FTTX, FTTA<\/td>\n<td>GPRS, wifi, 4g<\/td>\n<td>Optical Antenna Analyzer<\/td>\n<td>320\u00d7240 pixels<\/td>\n<td>3.2 inch<\/td>\n<td>100kHz to 4500MHz<\/td>\n<td>312.5Hz<\/td>\n<td>-90dB\/Hz<\/td>\n<td>-115dB\/Hz<\/td>\n<\/tr>\n<\/tbody>\n<\/table>\n<p>&nbsp;<\/dt>\n<\/dl>","protected":false},"excerpt":{"rendered":"<p>VNA Spektrum Analiz\u00f6r\u00fc 35-6200MHz 3.2&#8243; LCD Ekran 6GHz SA6 Ta\u015f\u0131nabilir Spektrum Optik Anten Analiz\u00f6r\u00fc &nbsp; Kullan\u0131m A\u011f Model Ad\u0131 Ekran<\/p>","protected":false},"featured_media":16442,"comment_status":"open","ping_status":"closed","template":"","meta":{"_monsterinsights_skip_tracking":false,"_monsterinsights_sitenote_active":false,"_monsterinsights_sitenote_note":"","_monsterinsights_sitenote_category":0},"product_cat":[364],"product_tag":[],"aioseo_notices":[],"jetpack_sharing_enabled":true,"_links":{"self":[{"href":"https:\/\/digitaltarget.com.tr\/en\/wp-json\/wp\/v2\/product\/16329"}],"collection":[{"href":"https:\/\/digitaltarget.com.tr\/en\/wp-json\/wp\/v2\/product"}],"about":[{"href":"https:\/\/digitaltarget.com.tr\/en\/wp-json\/wp\/v2\/types\/product"}],"replies":[{"embeddable":true,"href":"https:\/\/digitaltarget.com.tr\/en\/wp-json\/wp\/v2\/comments?post=16329"}],"version-history":[{"count":8,"href":"https:\/\/digitaltarget.com.tr\/en\/wp-json\/wp\/v2\/product\/16329\/revisions"}],"predecessor-version":[{"id":19175,"href":"https:\/\/digitaltarget.com.tr\/en\/wp-json\/wp\/v2\/product\/16329\/revisions\/19175"}],"wp:featuredmedia":[{"embeddable":true,"href":"https:\/\/digitaltarget.com.tr\/en\/wp-json\/wp\/v2\/media\/16442"}],"wp:attachment":[{"href":"https:\/\/digitaltarget.com.tr\/en\/wp-json\/wp\/v2\/media?parent=16329"}],"wp:term":[{"taxonomy":"product_cat","embeddable":true,"href":"https:\/\/digitaltarget.com.tr\/en\/wp-json\/wp\/v2\/product_cat?post=16329"},{"taxonomy":"product_tag","embeddable":true,"href":"https:\/\/digitaltarget.com.tr\/en\/wp-json\/wp\/v2\/product_tag?post=16329"}],"curies":[{"name":"wp","href":"https:\/\/api.w.org\/{rel}","templated":true}]}}