{"id":16331,"date":"2023-08-17T11:28:10","date_gmt":"2023-08-17T11:28:10","guid":{"rendered":"https:\/\/digitaltarget.com.tr\/?post_type=product&#038;p=16331"},"modified":"2025-07-24T04:08:15","modified_gmt":"2025-07-24T04:08:15","slug":"raspberry-pi-pico","status":"publish","type":"product","link":"https:\/\/digitaltarget.com.tr\/en\/product\/raspberry-pi-pico\/","title":{"rendered":"Raspberry Pi Pico"},"content":{"rendered":"<h1 class=\"product_title entry-title wd-entities-title\">Raspberry Pi Pico<\/h1>\n<p>Raspberry Pi Pico, g\u00f6m\u00fcl\u00fc sistem projelerinizde ve prototipleme i\u00e7in kullanabilece\u011finiz bir mikrodenetleyicidir. RP2040 mikrodenetleyicisi taraf\u0131ndan g\u00fc\u00e7lendirilen Raspberry Pi Pico, \u00e7ift \u00e7ekirdekli ARM Cortex M0+ i\u015flemcisine sahiptir. D\u00fc\u015f\u00fck maliyeti, d\u00fc\u015f\u00fck g\u00fc\u00e7 t\u00fcketimi ve y\u00fcksek performans\u0131 ile \u00f6ne \u00e7\u0131kar. Raspberry Pi Pico, hem C\/C++ hem de MicroPython ile programlanabilir, bu da onu her ya\u015ftan kullan\u0131c\u0131 i\u00e7in uygun hale getirir. Yerle\u015fik zamanlay\u0131c\u0131lar ve bir saat mod\u00fcl\u00fc, dahili bir s\u0131cakl\u0131k sens\u00f6r\u00fc, d\u00fc\u015f\u00fck g\u00fc\u00e7 t\u00fcketimi ve bir uyku modu i\u00e7erir. \u00c7ift \u00e7ekirdekli ARM Cortex M0+ 133 MHz i\u015flemci, 264KB SRAM ve 2MB yerle\u015fik Flash belle\u011fe sahiptir. Ayr\u0131ca 2 \u00d7 SPI, 2 \u00d7 I2C, 2 \u00d7 UART, 3 \u00d7 12-bit ADC ve 16 \u00d7 kontrol edilebilir PWM kanal\u0131 vard\u0131r.<\/p>\n<h2 id=\"specification\" class=\"font-sans font-bold leading-snug text-5xl mb-4\">Features<\/h2>\n<div class=\"col-span-2 md:pt-4 SpecsPanel-module--rich-text--febdb\">\n<ul>\n<li>21 mm \u00d7 51 mm form fakt\u00f6r\u00fc<\/li>\n<li>Birle\u015fik Krall\u0131k&#8217;ta Raspberry Pi taraf\u0131ndan tasarlanan RP2040 mikrodenetleyici \u00e7ipi<\/li>\n<li>\u00c7ift \u00e7ekirdekli Arm Cortex-M0+ i\u015flemci, 133 MHz&#8217;ye kadar esnek saat<\/li>\n<li>264kB dahili SRAM<\/li>\n<li>2MB yerle\u015fik QSPI fla\u015f<\/li>\n<li>2.4GHz 802.11n kablosuz LAN (sadece Raspberry Pi Pico W ve WH)<\/li>\n<li>Bluetooth 5.2 (sadece Raspberry Pi Pico W ve WH)<\/li>\n<li>3 analog giri\u015f dahil 26 \u00e7ok i\u015flevli GPIO pini<\/li>\n<li>2 \u00d7 UART, 2 \u00d7 SPI denetleyicileri, 2 \u00d7 I2C denetleyicileri, 16 \u00d7 PWM kanal\u0131<\/li>\n<li>1 \u00d7 USB 1.1 denetleyici ve PHY, host ve cihaz deste\u011fi ile<\/li>\n<li>\u00d6zel \u00e7evresel destek i\u00e7in 8 \u00d7 Programlanabilir I\/O (PIO) durum makinesi<\/li>\n<li>Desteklenen giri\u015f voltaj\u0131 1.8\u20135.5V DC<\/li>\n<li>\u00c7al\u0131\u015fma s\u0131cakl\u0131\u011f\u0131 -20\u00b0C ile +85\u00b0C (Raspberry Pi Pico ve Pico H); -20\u00b0C ile +70\u00b0C (Raspberry Pi Pico W ve Pico WH)<\/li>\n<li>Mod\u00fcler yap\u0131, ta\u015f\u0131y\u0131c\u0131 kartlara do\u011frudan lehimleme sa\u011flar (sadece Raspberry Pi Pico ve Pico W)<\/li>\n<li>USB \u00fczerinden k\u00fctle depolama kullanarak s\u00fcr\u00fckleyip b\u0131rakma programlama<\/li>\n<li>D\u00fc\u015f\u00fck g\u00fc\u00e7 t\u00fcketimli uyku ve bekleme modlar\u0131<\/li>\n<li>Do\u011fru dahili saat<\/li>\n<li>S\u0131cakl\u0131k sens\u00f6r\u00fc<\/li>\n<li>H\u0131zland\u0131r\u0131lm\u0131\u015f tamsay\u0131l\u0131 ve kayan nokta k\u00fct\u00fcphaneleri<\/li>\n<\/ul>\n<\/div>","protected":false},"excerpt":{"rendered":"<p>The Raspberry Pi Pico is a microcontroller that you can use in your embedded system projects and for prototyping. Powered by the RP2040 microcontroller, the Raspberry Pi Pico features a dual-core ARM Cortex M0+ processor. It stands out with its low cost, low power consumption, and high performance. The Raspberry Pi Pico can be programmed with both C\/C++ and MicroPython, making it suitable for users of all ages.<\/p>","protected":false},"featured_media":16441,"comment_status":"open","ping_status":"closed","template":"","meta":{"_monsterinsights_skip_tracking":false,"_monsterinsights_sitenote_active":false,"_monsterinsights_sitenote_note":"","_monsterinsights_sitenote_category":0},"product_cat":[359],"product_tag":[],"aioseo_notices":[],"jetpack_sharing_enabled":true,"_links":{"self":[{"href":"https:\/\/digitaltarget.com.tr\/en\/wp-json\/wp\/v2\/product\/16331"}],"collection":[{"href":"https:\/\/digitaltarget.com.tr\/en\/wp-json\/wp\/v2\/product"}],"about":[{"href":"https:\/\/digitaltarget.com.tr\/en\/wp-json\/wp\/v2\/types\/product"}],"replies":[{"embeddable":true,"href":"https:\/\/digitaltarget.com.tr\/en\/wp-json\/wp\/v2\/comments?post=16331"}],"version-history":[{"count":5,"href":"https:\/\/digitaltarget.com.tr\/en\/wp-json\/wp\/v2\/product\/16331\/revisions"}],"predecessor-version":[{"id":18991,"href":"https:\/\/digitaltarget.com.tr\/en\/wp-json\/wp\/v2\/product\/16331\/revisions\/18991"}],"wp:featuredmedia":[{"embeddable":true,"href":"https:\/\/digitaltarget.com.tr\/en\/wp-json\/wp\/v2\/media\/16441"}],"wp:attachment":[{"href":"https:\/\/digitaltarget.com.tr\/en\/wp-json\/wp\/v2\/media?parent=16331"}],"wp:term":[{"taxonomy":"product_cat","embeddable":true,"href":"https:\/\/digitaltarget.com.tr\/en\/wp-json\/wp\/v2\/product_cat?post=16331"},{"taxonomy":"product_tag","embeddable":true,"href":"https:\/\/digitaltarget.com.tr\/en\/wp-json\/wp\/v2\/product_tag?post=16331"}],"curies":[{"name":"wp","href":"https:\/\/api.w.org\/{rel}","templated":true}]}}