{"id":16355,"date":"2023-08-17T11:28:12","date_gmt":"2023-08-17T11:28:12","guid":{"rendered":"https:\/\/digitaltarget.com.tr\/?post_type=product&#038;p=16355"},"modified":"2024-08-02T12:05:37","modified_gmt":"2024-08-02T12:05:37","slug":"logitech-g-52-saitek","status":"publish","type":"product","link":"https:\/\/digitaltarget.com.tr\/en\/product\/logitech-g-52-saitek\/","title":{"rendered":"Logitech G Saitek X52 Pro Flight Control System"},"content":{"rendered":"<ul class=\"a-unordered-list a-vertical a-spacing-mini\">\n<li class=\"a-spacing-mini\"><span class=\"a-list-item\">About the product:<\/span><\/li>\n<li class=\"a-spacing-mini\"><span class=\"a-list-item\">Enhanced gaming experience with illuminated buttons and intuitive LCD Multifunction Display<\/span><\/li>\n<li class=\"a-spacing-mini\"><span class=\"a-list-item\">Progressive throttle with resistance adjustment and detents for idling with afterburner<\/span><\/li>\n<li class=\"a-spacing-mini\"><span class=\"a-list-item\">Precision centering mechanism; contact technology and continuous spring force on X and Y axes improve control<\/span><\/li>\n<li class=\"a-spacing-mini\"><span class=\"a-list-item\">Program your controller for every game with powerful Smart Technology software. System Requirements: Windows 10, Windows 8.1, Windows 7, 2-USB 2.0 Port, internet connection for optional software download<\/span><\/li>\n<li class=\"a-spacing-mini\"><span class=\"a-list-item\">5-position handle adjustment system for all hand sizes and a soft-touch, contoured grip for maximum playing comfort<\/span><\/li>\n<\/ul>","protected":false},"excerpt":{"rendered":"<p>\u00dcr\u00fcn hakk\u0131nda: Ayd\u0131nlatmal\u0131 d\u00fc\u011fmeler ve sezgisel LCD \u00c7ok Fonksiyonlu Ekran ile geli\u015fmi\u015f oyun deneyimi Diren\u00e7 ayar\u0131 ve afterburner ile r\u00f6lanti<\/p>","protected":false},"featured_media":16435,"comment_status":"open","ping_status":"closed","template":"","meta":{"_monsterinsights_skip_tracking":false,"_monsterinsights_sitenote_active":false,"_monsterinsights_sitenote_note":"","_monsterinsights_sitenote_category":0},"product_cat":[431,435],"product_tag":[],"aioseo_notices":[],"jetpack_sharing_enabled":true,"_links":{"self":[{"href":"https:\/\/digitaltarget.com.tr\/en\/wp-json\/wp\/v2\/product\/16355"}],"collection":[{"href":"https:\/\/digitaltarget.com.tr\/en\/wp-json\/wp\/v2\/product"}],"about":[{"href":"https:\/\/digitaltarget.com.tr\/en\/wp-json\/wp\/v2\/types\/product"}],"replies":[{"embeddable":true,"href":"https:\/\/digitaltarget.com.tr\/en\/wp-json\/wp\/v2\/comments?post=16355"}],"version-history":[{"count":6,"href":"https:\/\/digitaltarget.com.tr\/en\/wp-json\/wp\/v2\/product\/16355\/revisions"}],"predecessor-version":[{"id":19166,"href":"https:\/\/digitaltarget.com.tr\/en\/wp-json\/wp\/v2\/product\/16355\/revisions\/19166"}],"wp:featuredmedia":[{"embeddable":true,"href":"https:\/\/digitaltarget.com.tr\/en\/wp-json\/wp\/v2\/media\/16435"}],"wp:attachment":[{"href":"https:\/\/digitaltarget.com.tr\/en\/wp-json\/wp\/v2\/media?parent=16355"}],"wp:term":[{"taxonomy":"product_cat","embeddable":true,"href":"https:\/\/digitaltarget.com.tr\/en\/wp-json\/wp\/v2\/product_cat?post=16355"},{"taxonomy":"product_tag","embeddable":true,"href":"https:\/\/digitaltarget.com.tr\/en\/wp-json\/wp\/v2\/product_tag?post=16355"}],"curies":[{"name":"wp","href":"https:\/\/api.w.org\/{rel}","templated":true}]}}