{"id":16359,"date":"2023-08-17T11:28:12","date_gmt":"2023-08-17T11:28:12","guid":{"rendered":"https:\/\/digitaltarget.com.tr\/?post_type=product&#038;p=16359"},"modified":"2024-08-02T12:08:53","modified_gmt":"2024-08-02T12:08:53","slug":"competitive-price-kingroon-kp3s-printer-3d-mini-diy-fdm-3d-printer","status":"publish","type":"product","link":"https:\/\/digitaltarget.com.tr\/en\/product\/competitive-price-kingroon-kp3s-printer-3d-mini-diy-fdm-3d-printer\/","title":{"rendered":"Kingroon KP3S Printer 3D Mini DIY FDM 3D Printer"},"content":{"rendered":"<dl class=\"do-entry-item\">\n<dt class=\"do-entry-item\"><span class=\"attr-name J-attr-name\" title=\"Weight\" data-spm-anchor-id=\"a2700.details.0.i30.15151bdfu3Y47R\">Weight: <\/span>7.5 KG<\/dt>\n<\/dl>\n<dl class=\"do-entry-item\">\n<dt class=\"do-entry-item\"><span class=\"attr-name J-attr-name\" title=\"Automatic Grade\">Otomatik Derece: <\/span>Otomatik<\/dt>\n<\/dl>\n<dl class=\"do-entry-item\">\n<dt class=\"do-entry-item\"><span class=\"attr-name J-attr-name\" title=\"Color &amp; Page\">Renk &amp; Sayfa: <\/span>Tek renk<\/dt>\n<\/dl>\n<dl class=\"do-entry-item\">\n<dt class=\"do-entry-item\"><span class=\"attr-name J-attr-name\" title=\"Year\">Y\u0131l: <\/span>2023<\/dt>\n<\/dl>\n<dl class=\"do-entry-item\">\n<dt class=\"do-entry-item\"><span class=\"attr-name J-attr-name\" title=\"Condition\">Durum: <\/span>Yeni<\/dt>\n<\/dl>\n<dl class=\"do-entry-item\">\n<dt class=\"do-entry-item\"><span class=\"attr-name J-attr-name\" title=\"Forming size\">\u015eekil Boyutu: <\/span>180*180*180mm<\/dt>\n<\/dl>\n<dl class=\"do-entry-item\">\n<dt class=\"do-entry-item\"><span class=\"attr-name J-attr-name\" title=\"Key Selling Points\">Ana Sat\u0131\u015f Noktalar\u0131: <\/span>Y\u00fcksek hassasiyet<\/dt>\n<\/dl>\n<dl class=\"do-entry-item\">\n<dt class=\"do-entry-item\"><span class=\"attr-name J-attr-name\" title=\"Machinery Test Report\">Makine Test Raporu: <\/span>Sa\u011flanm\u0131\u015ft\u0131r<\/dt>\n<\/dl>\n<dl class=\"do-entry-item\">\n<dt class=\"do-entry-item\"><span class=\"attr-name J-attr-name\" title=\"Video outgoing-inspection\">Video \u00c7\u0131k\u0131\u015f \u0130ncelemesi: <\/span>Sa\u011flanm\u0131\u015ft\u0131r<\/dt>\n<\/dl>\n<dl class=\"do-entry-item\">\n<dt class=\"do-entry-item\"><span class=\"attr-name J-attr-name\" title=\"Warranty of core components\">Ana Bile\u015fenlerin Garantisi: <\/span>6 Ay<\/dt>\n<\/dl>\n<dl class=\"do-entry-item\">\n<dt class=\"do-entry-item\"><span class=\"attr-name J-attr-name\" title=\"Core Components\">Ana Bile\u015fenler: <\/span>Rulman, Motor, Pompa<\/dt>\n<\/dl>\n<dl class=\"do-entry-item\">\n<dt class=\"do-entry-item\"><span class=\"attr-name J-attr-name\" title=\"Printing Speed\">Bask\u0131 H\u0131z\u0131: <\/span>\u2264 100mm \/ s<\/dt>\n<\/dl>\n<dl class=\"do-entry-item\">\n<dt class=\"do-entry-item\"><span class=\"attr-name J-attr-name\" title=\"Print Via\">Bask\u0131 Yolu: <\/span>USB\/ TIF kart<\/dt>\n<\/dl>\n<dl class=\"do-entry-item\">\n<dt class=\"do-entry-item\"><span class=\"attr-name J-attr-name\" title=\"Supported File Types\">Desteklenen Dosya T\u00fcrleri: <\/span>STL\/Obk\/Gcode<\/dt>\n<\/dl>\n<dl class=\"do-entry-item\">\n<dt class=\"do-entry-item\"><span class=\"attr-name J-attr-name\" title=\"Software\">Yaz\u0131l\u0131m: <\/span>Cura\/Slice\/Host&#8230;<\/dt>\n<\/dl>\n<dl class=\"do-entry-item\">\n<dt class=\"do-entry-item\"><span class=\"attr-name J-attr-name\" title=\"Language\">Dil: <\/span>EN \/ DE \/ ES \/ RU \/ JP \/ FR \/ ES<\/dt>\n<\/dl>\n<dl class=\"do-entry-item\">\n<dt class=\"do-entry-item\"><span class=\"attr-name J-attr-name\" title=\"Machine Power\">Makine G\u00fcc\u00fc: <\/span>240W<\/dt>\n<\/dl>\n<dl class=\"do-entry-item\">\n<dt class=\"do-entry-item\"><span class=\"attr-name J-attr-name\" title=\"Input voltage\">Giri\u015f Voltaj\u0131: <\/span>110v-220v<\/dt>\n<\/dl>\n<dl class=\"do-entry-item\">\n<dt class=\"do-entry-item\"><span class=\"attr-name J-attr-name\" title=\"Power supply\">G\u00fc\u00e7 Kayna\u011f\u0131: <\/span>24V15A360W<\/dt>\n<\/dl>","protected":false},"excerpt":{"rendered":"<p>Model Number KP3S 3.0<\/p>","protected":false},"featured_media":16433,"comment_status":"open","ping_status":"closed","template":"","meta":{"_monsterinsights_skip_tracking":false,"_monsterinsights_sitenote_active":false,"_monsterinsights_sitenote_note":"","_monsterinsights_sitenote_category":0},"product_cat":[379],"product_tag":[],"aioseo_notices":[],"jetpack_sharing_enabled":true,"_links":{"self":[{"href":"https:\/\/digitaltarget.com.tr\/en\/wp-json\/wp\/v2\/product\/16359"}],"collection":[{"href":"https:\/\/digitaltarget.com.tr\/en\/wp-json\/wp\/v2\/product"}],"about":[{"href":"https:\/\/digitaltarget.com.tr\/en\/wp-json\/wp\/v2\/types\/product"}],"replies":[{"embeddable":true,"href":"https:\/\/digitaltarget.com.tr\/en\/wp-json\/wp\/v2\/comments?post=16359"}],"version-history":[{"count":6,"href":"https:\/\/digitaltarget.com.tr\/en\/wp-json\/wp\/v2\/product\/16359\/revisions"}],"predecessor-version":[{"id":19168,"href":"https:\/\/digitaltarget.com.tr\/en\/wp-json\/wp\/v2\/product\/16359\/revisions\/19168"}],"wp:featuredmedia":[{"embeddable":true,"href":"https:\/\/digitaltarget.com.tr\/en\/wp-json\/wp\/v2\/media\/16433"}],"wp:attachment":[{"href":"https:\/\/digitaltarget.com.tr\/en\/wp-json\/wp\/v2\/media?parent=16359"}],"wp:term":[{"taxonomy":"product_cat","embeddable":true,"href":"https:\/\/digitaltarget.com.tr\/en\/wp-json\/wp\/v2\/product_cat?post=16359"},{"taxonomy":"product_tag","embeddable":true,"href":"https:\/\/digitaltarget.com.tr\/en\/wp-json\/wp\/v2\/product_tag?post=16359"}],"curies":[{"name":"wp","href":"https:\/\/api.w.org\/{rel}","templated":true}]}}